{"id":667032,"date":"2025-04-29T19:39:39","date_gmt":"2025-04-29T18:39:39","guid":{"rendered":"https:\/\/shop.kustom.ch\/?post_type=product&#038;p=667032"},"modified":"2026-03-31T09:07:20","modified_gmt":"2026-03-31T08:07:20","slug":"kinder-handwerkerhose-stretch-x1900","status":"publish","type":"product","link":"https:\/\/shop.kustom.ch\/en\/product\/kinder-handwerkerhose-stretch-x1900\/","title":{"rendered":"Children's stretch trousers X1900"},"content":{"rendered":"<p>These hard-wearing trousers made of CORDURA\u00ae will spark your children's interest in manual activities from an early age. They are suitable for both indoor and outdoor activities. They are equipped with 4-way stretch, tool pockets and reflective details. Perfect for young enthusiasts!<\/p>\n<p>FUNCTIONALITY: Stretch inserts at the crotch and calf. DETAILS: Elasticated waist. POCKETS: Leg pocket with flap and Velcro fastening. Back pockets. Side pockets. Tool pockets - extra wide, slanted cut and with lots of compartments. Folding rule pocket with pen pocket. REINFORCEMENT: CORDURA\u00ae reinforcements on the knees and pockets. REFLEX: Reflective details on the leg. CLOSURE: Elasticated waistband. WASHING INSTRUCTIONS: 40\u00b0 C. Iron - low. Do not bleach. Do not dry clean. Do not spin. FABRIC: Kids. blue. black. Stretch. Tool pockets. Craft. stretch<\/p>\n<p>80% cotton, 17% polyamide, 3% elastane, denim, coated, CORDURA\u00ae denim stretch, 300 g\/m\u00b2<\/p>","protected":false},"excerpt":{"rendered":"<p>Mit dieser strapazierf\u00e4higen Hose aus CORDURA\u00ae wird das Interesse Ihrer Kinder an handwerklichen T\u00e4tigkeiten fr\u00fch geweckt. Sie eignet sich sowohl f\u00fcr Aktivit\u00e4ten drinnen als auch draussen. Sie ist mit 4-Wege-Stretch, Werkzeugtaschen und reflektierenden Details ausgestattet. Perfekt f\u00fcr junge Enthusiasten! FUNKTIONALIT\u00c4T: Stretch-Eins\u00e4tze im Schritt und an der Wade. DETAILS: Gummizug an der Taille. TASCHEN: Beintasche mit [&hellip;]<\/p>\n","protected":false},"featured_media":667081,"template":"","meta":[],"product_brand":[],"product_cat":[4185],"product_tag":[],"class_list":{"0":"post-667032","1":"product","2":"type-product","3":"status-publish","4":"has-post-thumbnail","6":"product_cat-hosen","7":"pa_brand-blaklaeder","8":"pa_brand-type-workwear","9":"pa_filter-color-blau","10":"pa_filter-color-schwarz","12":"first","13":"instock","14":"sale","15":"taxable","16":"shipping-taxable","17":"purchasable","18":"product-type-variable","19":"add-to-wishlist-before_image"},"exclude_global_add_ons":[],"addons":[],"acf":[],"_links":{"self":[{"href":"https:\/\/shop.kustom.ch\/en\/wp-json\/wp\/v2\/product\/667032"}],"collection":[{"href":"https:\/\/shop.kustom.ch\/en\/wp-json\/wp\/v2\/product"}],"about":[{"href":"https:\/\/shop.kustom.ch\/en\/wp-json\/wp\/v2\/types\/product"}],"wp:featuredmedia":[{"embeddable":true,"href":"https:\/\/shop.kustom.ch\/en\/wp-json\/wp\/v2\/media\/667081"}],"wp:attachment":[{"href":"https:\/\/shop.kustom.ch\/en\/wp-json\/wp\/v2\/media?parent=667032"}],"wp:term":[{"taxonomy":"product_brand","embeddable":true,"href":"https:\/\/shop.kustom.ch\/en\/wp-json\/wp\/v2\/product_brand?post=667032"},{"taxonomy":"product_cat","embeddable":true,"href":"https:\/\/shop.kustom.ch\/en\/wp-json\/wp\/v2\/product_cat?post=667032"},{"taxonomy":"product_tag","embeddable":true,"href":"https:\/\/shop.kustom.ch\/en\/wp-json\/wp\/v2\/product_tag?post=667032"}],"curies":[{"name":"wp","href":"https:\/\/api.w.org\/{rel}","templated":true}]}}