{"id":667031,"date":"2025-04-29T19:39:39","date_gmt":"2025-04-29T18:39:39","guid":{"rendered":"https:\/\/shop.kustom.ch\/?post_type=product&#038;p=667031"},"modified":"2026-03-31T09:07:19","modified_gmt":"2026-03-31T08:07:19","slug":"kinder-stretchhose","status":"publish","type":"product","link":"https:\/\/shop.kustom.ch\/en\/product\/kinder-stretchhose\/","title":{"rendered":"Children's stretch trousers"},"content":{"rendered":"<p>Children's trousers made of lightweight but durable material with quick-drying properties, ideal for playing indoors or for outdoor activities in warmer weather. The trousers have stretch inserts in carefully selected areas for optimum freedom of movement. They have an adjustable waistband and elasticated leg openings for greater comfort.<\/p>\n<p>FUNCTIONALITY: Stretch inserts in the crotch, knees and seat. DETAILS: Rubber-coated metal button. Plastic zip at the crotch. Elasticated waist. POCKETS: Leg pocket with bellows, zip, pen and knife pocket. Side pockets. REFLEX: Reflective details on the leg. CLOSURE: Elasticated band at bottom hem. WASHING INSTRUCTIONS: 40\u00b0 C. Iron - low. Do not bleach. Do not dry clean. Do not spin. FABRIC: Children. black. Lightweight. Stretch. Industry \/ Service. Stretch. SYMBOLS: Lightweight. Stretch panel<\/p>\n<p>65% polyester, 35% cotton, finely woven, 166g\/m\u00b2<\/p>","protected":false},"excerpt":{"rendered":"<p>Kinderhosen aus leichtem, aber strapazierf\u00e4higem Material mit schnelltrocknenden Eigenschaften, ideal zum Spielen im Haus oder f\u00fcr Aktivit\u00e4ten im Freien bei w\u00e4rmerem Wetter. F\u00fcr optimale Bewegungsfreiheit ist die Hose an sorgf\u00e4ltig ausgew\u00e4hlten Stellen mit Stretch-Eins\u00e4tzen versehen. Sie hat einen verstellbaren Bund und elastische Bein\u00f6ffnungen f\u00fcr mehr Komfort. FUNKTIONALIT\u00c4T: Stretch-Eins\u00e4tze im Schritt, den Knien und am Ges\u00e4ss. [&hellip;]<\/p>\n","protected":false},"featured_media":667067,"template":"","meta":[],"product_brand":[],"product_cat":[4185],"product_tag":[],"class_list":{"0":"post-667031","1":"product","2":"type-product","3":"status-publish","4":"has-post-thumbnail","6":"product_cat-hosen","7":"pa_brand-blaklaeder","8":"pa_brand-type-workwear","9":"pa_filter-color-schwarz","11":"first","12":"instock","13":"sale","14":"taxable","15":"shipping-taxable","16":"purchasable","17":"product-type-variable","18":"add-to-wishlist-before_image"},"exclude_global_add_ons":[],"addons":[],"acf":[],"_links":{"self":[{"href":"https:\/\/shop.kustom.ch\/en\/wp-json\/wp\/v2\/product\/667031"}],"collection":[{"href":"https:\/\/shop.kustom.ch\/en\/wp-json\/wp\/v2\/product"}],"about":[{"href":"https:\/\/shop.kustom.ch\/en\/wp-json\/wp\/v2\/types\/product"}],"wp:featuredmedia":[{"embeddable":true,"href":"https:\/\/shop.kustom.ch\/en\/wp-json\/wp\/v2\/media\/667067"}],"wp:attachment":[{"href":"https:\/\/shop.kustom.ch\/en\/wp-json\/wp\/v2\/media?parent=667031"}],"wp:term":[{"taxonomy":"product_brand","embeddable":true,"href":"https:\/\/shop.kustom.ch\/en\/wp-json\/wp\/v2\/product_brand?post=667031"},{"taxonomy":"product_cat","embeddable":true,"href":"https:\/\/shop.kustom.ch\/en\/wp-json\/wp\/v2\/product_cat?post=667031"},{"taxonomy":"product_tag","embeddable":true,"href":"https:\/\/shop.kustom.ch\/en\/wp-json\/wp\/v2\/product_tag?post=667031"}],"curies":[{"name":"wp","href":"https:\/\/api.w.org\/{rel}","templated":true}]}}