{"id":667030,"date":"2025-04-29T19:39:39","date_gmt":"2025-04-29T18:39:39","guid":{"rendered":"https:\/\/shop.kustom.ch\/?post_type=product&#038;p=667030"},"modified":"2026-03-31T09:07:14","modified_gmt":"2026-03-31T08:07:14","slug":"kinder-winter-overall","status":"publish","type":"product","link":"https:\/\/shop.kustom.ch\/en\/product\/kinder-winter-overall\/","title":{"rendered":"Kids winter overall"},"content":{"rendered":"<p>A warm and cosy winter overall for children, made from a durable and waterproof material with taped seams to withstand all outdoor activities. Details and reflectors ensure excellent visibility when it's needed most. The quilted lining provides the necessary warmth in cold temperatures. The hood is detachable and features press studs, adjustable cuffs and elasticated foot loops to keep the trouser legs in place.<\/p>\n<p>FUNCTIONALITY: Windproof &amp; waterproof material with breathability, taped seams. DETAILS: Reflective print on the back of the hood. Detachable and adjustable hood with mesh lining. Fleece-lined collar. Zip at the sides, covered with placket. Snow skirt with Velcro fastening and button. Elasticated waist. POCKETS: Side pockets with zip. FRONT CLOSURE: Concealed plastic zip. Wind flap with fleece lining inside. Wind flap with Velcro fastening. WASHING INSTRUCTIONS: 40\u00b0 C. Do not bleach. Do not iron. Do not dry clean. Do not spin-dry. MAIN PROPERTIES: Children. EN 17353. FABRIC: High-vis yellow. black. Breathability. waterproof. windproof. Visible. Wind \/ wet \/ cold. CERTIFICATION: EN 17353 - Type AB3<\/p>\n<p>100% polyester, Oxford, coated, waterproof 15,000 mm, windproof, breathable Ret 8.5, 200g\/m\u00b2<\/p>","protected":false},"excerpt":{"rendered":"<p>Ein warmer und kuscheliger Winteroverall f\u00fcr Kinder, hergestellt aus einem strapazierf\u00e4higen und wasserdichten Material mit versiegelten N\u00e4hten, um allen Outdoor-Aktivit\u00e4ten standzuhalten. Details und Reflektoren sorgen f\u00fcr hervorragende Sichtbarkeit, wenn sie am n\u00f6tigsten ist. Das gesteppte Futter sorgt f\u00fcr die n\u00f6tige W\u00e4rme bei kalten Temperaturen. Die Kapuze ist abnehmbar und verf\u00fcgt \u00fcber Druckkn\u00f6pfe, verstellbare \u00c4rmelb\u00fcndchen und [&hellip;]<\/p>\n","protected":false},"featured_media":667062,"template":"","meta":[],"product_brand":[],"product_cat":[10454],"product_tag":[],"class_list":{"0":"post-667030","1":"product","2":"type-product","3":"status-publish","4":"has-post-thumbnail","6":"product_cat-overalls","7":"pa_brand-blaklaeder","8":"pa_brand-type-workwear","9":"pa_filter-color-gelb","11":"first","12":"instock","13":"sale","14":"taxable","15":"shipping-taxable","16":"purchasable","17":"product-type-variable","18":"add-to-wishlist-before_image"},"exclude_global_add_ons":[],"addons":[],"acf":[],"_links":{"self":[{"href":"https:\/\/shop.kustom.ch\/en\/wp-json\/wp\/v2\/product\/667030"}],"collection":[{"href":"https:\/\/shop.kustom.ch\/en\/wp-json\/wp\/v2\/product"}],"about":[{"href":"https:\/\/shop.kustom.ch\/en\/wp-json\/wp\/v2\/types\/product"}],"wp:featuredmedia":[{"embeddable":true,"href":"https:\/\/shop.kustom.ch\/en\/wp-json\/wp\/v2\/media\/667062"}],"wp:attachment":[{"href":"https:\/\/shop.kustom.ch\/en\/wp-json\/wp\/v2\/media?parent=667030"}],"wp:term":[{"taxonomy":"product_brand","embeddable":true,"href":"https:\/\/shop.kustom.ch\/en\/wp-json\/wp\/v2\/product_brand?post=667030"},{"taxonomy":"product_cat","embeddable":true,"href":"https:\/\/shop.kustom.ch\/en\/wp-json\/wp\/v2\/product_cat?post=667030"},{"taxonomy":"product_tag","embeddable":true,"href":"https:\/\/shop.kustom.ch\/en\/wp-json\/wp\/v2\/product_tag?post=667030"}],"curies":[{"name":"wp","href":"https:\/\/api.w.org\/{rel}","templated":true}]}}