{"id":666991,"date":"2025-04-29T19:39:01","date_gmt":"2025-04-29T18:39:01","guid":{"rendered":"https:\/\/shop.kustom.ch\/?post_type=product&#038;p=666991"},"modified":"2026-03-31T09:07:13","modified_gmt":"2026-03-31T08:07:13","slug":"leichte-gefuetterte-kinder-winterjacke-stretch","status":"publish","type":"product","link":"https:\/\/shop.kustom.ch\/en\/product\/leichte-gefuetterte-kinder-winterjacke-stretch\/","title":{"rendered":"Lightweight lined children's winter jacket stretch"},"content":{"rendered":"<p>A lightweight, lined winter jacket for children, perfect for colder weather conditions. Wind and waterproof, breathable and with taped seams. Made from wonderfully soft and comfortable 4-way stretch material. Detachable hood with press studs.<\/p>\n<p>FUNCTIONALITY: 4-way stretch. Windproof &amp; waterproof material with breathability, taped seams. DETAILS: Detachable and adjustable hood with mesh lining. Zip in the lining for easy textile finishing. POCKETS: Chest pocket with zip. Front pockets with zips. FRONT CLOSURE: Plastic zip. Wind flap with fleece lining inside. Wind flap with Velcro fastening. REFLEX: Reflective material on the sleeves. CLOSURE: Adjustable cuffs with inner waistband. Extended back. Adjustable waistband with drawstring. WASHING INSTRUCTIONS: 40\u00b0 C. Do not bleach. Do not iron. Do not dry clean. Do not spin dry. FABRIC: Children. High-vis yellow. black. Breathability. Stretch. waterproof. windproof. Wind \/ wet \/ cold. SYMBOLS: 4-way stretch. Breathable. Lined. Taped seams. Water proof 3. windproof. CERTIFICATION: Not High Vis certified<\/p>\n<p>83% polyamide, 17% spandex, laminated, waterproof 15000 mm, windproof, breathable Ret 11.3, stretch, 170 g\/m\u00b2<\/p>","protected":false},"excerpt":{"rendered":"<p>Eine leichte gef\u00fctterte Winterjacke f\u00fcr Kinder, perfekt f\u00fcr k\u00e4ltere Wetterbedingungen. Wind- und wasserdicht, atmungsaktiv und mit versiegelten N\u00e4hten. Hergestellt aus wunderbar weichem und komfortablem 4-Wege-Stretchmaterial. Abnehmbare Kapuze mit Druckkn\u00f6pfen. FUNKTIONALIT\u00c4T: 4-Wege-Stretch. Wind- &amp; wasserdichtes Material mit Atmungsaktivit\u00e4t, verschweisste N\u00e4hte. DETAILS: Abnehmbare und verstellbare Kapuze mit Meshfutter. Reissverschluss im Futter, f\u00fcr einfache Textilveredelung. TASCHEN: Brusttasche mit [&hellip;]<\/p>\n","protected":false},"featured_media":667047,"template":"","meta":[],"product_brand":[],"product_cat":[4186],"product_tag":[],"class_list":{"0":"post-666991","1":"product","2":"type-product","3":"status-publish","4":"has-post-thumbnail","6":"product_cat-jacken","7":"pa_brand-blaklaeder","8":"pa_brand-type-workwear","9":"pa_filter-color-gelb","11":"first","12":"instock","13":"sale","14":"taxable","15":"shipping-taxable","16":"purchasable","17":"product-type-variable","18":"add-to-wishlist-before_image"},"exclude_global_add_ons":[],"addons":[],"acf":[],"_links":{"self":[{"href":"https:\/\/shop.kustom.ch\/en\/wp-json\/wp\/v2\/product\/666991"}],"collection":[{"href":"https:\/\/shop.kustom.ch\/en\/wp-json\/wp\/v2\/product"}],"about":[{"href":"https:\/\/shop.kustom.ch\/en\/wp-json\/wp\/v2\/types\/product"}],"wp:featuredmedia":[{"embeddable":true,"href":"https:\/\/shop.kustom.ch\/en\/wp-json\/wp\/v2\/media\/667047"}],"wp:attachment":[{"href":"https:\/\/shop.kustom.ch\/en\/wp-json\/wp\/v2\/media?parent=666991"}],"wp:term":[{"taxonomy":"product_brand","embeddable":true,"href":"https:\/\/shop.kustom.ch\/en\/wp-json\/wp\/v2\/product_brand?post=666991"},{"taxonomy":"product_cat","embeddable":true,"href":"https:\/\/shop.kustom.ch\/en\/wp-json\/wp\/v2\/product_cat?post=666991"},{"taxonomy":"product_tag","embeddable":true,"href":"https:\/\/shop.kustom.ch\/en\/wp-json\/wp\/v2\/product_tag?post=666991"}],"curies":[{"name":"wp","href":"https:\/\/api.w.org\/{rel}","templated":true}]}}