{"id":666990,"date":"2025-04-29T19:39:01","date_gmt":"2025-04-29T18:39:01","guid":{"rendered":"https:\/\/shop.kustom.ch\/?post_type=product&#038;p=666990"},"modified":"2026-03-31T09:07:12","modified_gmt":"2026-03-31T08:07:12","slug":"kinder-strickpullover-aus-fleece","status":"publish","type":"product","link":"https:\/\/shop.kustom.ch\/en\/product\/kinder-strickpullover-aus-fleece\/","title":{"rendered":"Kids knitted fleece jumper"},"content":{"rendered":"<p>A knitted jumper for children in soft, comfortable fleece fabric. The material is best described as a three-dimensional fleece. Stretchy, flexible and warm when you need it most.<\/p>\n<p>DETAILS: Reinforced shoulders. POCKETS: Chest pocket with zip. Front pockets with zips. FRONT CLOSURE: Plastic zip. Wind flap inside. REFLEX: Reflective material on the back. CLOSURE: Elasticated band at bottom hem. Extended back. WASHING INSTRUCTIONS: 40\u00b0 C. Do not bleach. Do not iron. Do not dry clean. Do not spin. FABRIC: Children. grey. black. Stretch insert. Stretch. Wind \/ wet \/ cold<\/p>\n<p>97% polyester, 3% elastane, jacquard knit, brushed on one side, stretch, 290 g\/m\u00b2<\/p>","protected":false},"excerpt":{"rendered":"<p>Ein Strickpulli f\u00fcr Kinder in weicher, bequemer Fleece-Qualit\u00e4t. Das Material l\u00e4sst sich am besten als dreidimensionales Fleece beschreiben. Dehnbar, flexibel und w\u00e4rmend, wenn man es am meisten braucht. DETAILS: Verst\u00e4rkte Schultern. TASCHEN: Brusttasche mit Reissverschluss. Vordertaschen mit Reissverschl\u00fcssen. FRONTVERSCHLUSS: Reissverschluss aus Kunststoff. Windleiste innen. REFLEX: Reflexmaterial hinten. ABSCHLUSS: Elastisches Band im unteren Saum. Verl\u00e4ngerter R\u00fccken. [&hellip;]<\/p>\n","protected":false},"featured_media":667040,"template":"","meta":[],"product_brand":[],"product_cat":[4186],"product_tag":[],"class_list":{"0":"post-666990","1":"product","2":"type-product","3":"status-publish","4":"has-post-thumbnail","6":"product_cat-jacken","7":"pa_brand-blaklaeder","8":"pa_brand-type-workwear","9":"pa_filter-color-grau","10":"pa_filter-color-schwarz","12":"first","13":"instock","14":"sale","15":"taxable","16":"shipping-taxable","17":"purchasable","18":"product-type-variable","19":"add-to-wishlist-before_image"},"exclude_global_add_ons":[],"addons":[],"acf":[],"_links":{"self":[{"href":"https:\/\/shop.kustom.ch\/en\/wp-json\/wp\/v2\/product\/666990"}],"collection":[{"href":"https:\/\/shop.kustom.ch\/en\/wp-json\/wp\/v2\/product"}],"about":[{"href":"https:\/\/shop.kustom.ch\/en\/wp-json\/wp\/v2\/types\/product"}],"wp:featuredmedia":[{"embeddable":true,"href":"https:\/\/shop.kustom.ch\/en\/wp-json\/wp\/v2\/media\/667040"}],"wp:attachment":[{"href":"https:\/\/shop.kustom.ch\/en\/wp-json\/wp\/v2\/media?parent=666990"}],"wp:term":[{"taxonomy":"product_brand","embeddable":true,"href":"https:\/\/shop.kustom.ch\/en\/wp-json\/wp\/v2\/product_brand?post=666990"},{"taxonomy":"product_cat","embeddable":true,"href":"https:\/\/shop.kustom.ch\/en\/wp-json\/wp\/v2\/product_cat?post=666990"},{"taxonomy":"product_tag","embeddable":true,"href":"https:\/\/shop.kustom.ch\/en\/wp-json\/wp\/v2\/product_tag?post=666990"}],"curies":[{"name":"wp","href":"https:\/\/api.w.org\/{rel}","templated":true}]}}