{"id":666988,"date":"2025-04-29T19:39:01","date_gmt":"2025-04-29T18:39:01","guid":{"rendered":"https:\/\/shop.kustom.ch\/?post_type=product&#038;p=666988"},"modified":"2026-03-31T09:07:10","modified_gmt":"2026-03-31T08:07:10","slug":"kinder-sweatshirt","status":"publish","type":"product","link":"https:\/\/shop.kustom.ch\/en\/product\/kinder-sweatshirt\/","title":{"rendered":"Kids sweatshirt"},"content":{"rendered":"<p>A comfortable and soft sweatshirt for children in 100% cotton. With a Bl\u00e5kl\u00e4der print on the chest.<\/p>\n<p>DETAILS: Print on the chest. Round, ribbed neckline. Reinforced neck seams. Reinforced shoulder seams. FINISH: Ribbed cuffs and waistband. WASHING INSTRUCTIONS: 60\u00b0 C. Iron - medium. Do not bleach. Do not dry clean. Do not spin. MAIN PROPERTIES: Children. FABRIC: Children. High-vis yellow. black. Profile. USP: 100 % cotton<\/p>\n<p>100% Cotton, French Terry, 320 g\/m\u00b2<\/p>","protected":false},"excerpt":{"rendered":"<p>Ein bequemes und weiches Sweatshirt f\u00fcr Kinder aus 100% Baumwolle. Mit einem Bl\u00e5kl\u00e4der-Druck auf der Brust. DETAILS: Aufdruck auf der Brust. Runder, gerippter Halsausschnitt. Verst\u00e4rkte Halsn\u00e4hte. Verst\u00e4rkte Schultern\u00e4hte. ABSCHLUSS: Rippenb\u00fcndchen am \u00c4rmelabschluss und Taille. WASCHANLEITUNG: 60\u00b0 C. B\u00fcgeln &#8211; mittel. Nicht bleichen. Nicht chemisch reinigen. Nicht schleudern. HAUPTEIGENSCHAFTEN: Kinder. STOFF: Kinder. High-Vis Gelb. schwarz. Profil. [&hellip;]<\/p>\n","protected":false},"featured_media":667021,"template":"","meta":[],"product_brand":[],"product_cat":[4184],"product_tag":[],"class_list":{"0":"post-666988","1":"product","2":"type-product","3":"status-publish","4":"has-post-thumbnail","6":"product_cat-hoodies-pullover","7":"pa_brand-blaklaeder","8":"pa_brand-type-workwear","9":"pa_filter-color-gelb","11":"first","12":"instock","13":"sale","14":"taxable","15":"shipping-taxable","16":"purchasable","17":"product-type-variable","18":"add-to-wishlist-before_image"},"exclude_global_add_ons":[],"addons":[],"acf":[],"_links":{"self":[{"href":"https:\/\/shop.kustom.ch\/en\/wp-json\/wp\/v2\/product\/666988"}],"collection":[{"href":"https:\/\/shop.kustom.ch\/en\/wp-json\/wp\/v2\/product"}],"about":[{"href":"https:\/\/shop.kustom.ch\/en\/wp-json\/wp\/v2\/types\/product"}],"wp:featuredmedia":[{"embeddable":true,"href":"https:\/\/shop.kustom.ch\/en\/wp-json\/wp\/v2\/media\/667021"}],"wp:attachment":[{"href":"https:\/\/shop.kustom.ch\/en\/wp-json\/wp\/v2\/media?parent=666988"}],"wp:term":[{"taxonomy":"product_brand","embeddable":true,"href":"https:\/\/shop.kustom.ch\/en\/wp-json\/wp\/v2\/product_brand?post=666988"},{"taxonomy":"product_cat","embeddable":true,"href":"https:\/\/shop.kustom.ch\/en\/wp-json\/wp\/v2\/product_cat?post=666988"},{"taxonomy":"product_tag","embeddable":true,"href":"https:\/\/shop.kustom.ch\/en\/wp-json\/wp\/v2\/product_tag?post=666988"}],"curies":[{"name":"wp","href":"https:\/\/api.w.org\/{rel}","templated":true}]}}