{"id":666987,"date":"2025-04-29T19:39:01","date_gmt":"2025-04-29T18:39:01","guid":{"rendered":"https:\/\/shop.kustom.ch\/?post_type=product&#038;p=666987"},"modified":"2026-03-31T09:07:10","modified_gmt":"2026-03-31T08:07:10","slug":"kinder-t-shirt","status":"publish","type":"product","link":"https:\/\/shop.kustom.ch\/en\/product\/kinder-t-shirt\/","title":{"rendered":"Kids T-shirt"},"content":{"rendered":"<p>A comfortable and soft T-shirt for children made of 100 % cotton. With a Bl\u00e5kl\u00e4der print on the chest.<\/p>\n<p>DETAILS: Print on the chest. Round, ribbed neckline. Reinforced neck seams. Reinforced shoulder seams. WASHING INSTRUCTIONS: 60\u00b0 C. Iron - medium. Do not bleach. Do not dry clean. Do not spin. FABRIC: Children. High-vis yellow. black. Profile<\/p>\n<p>100% Cotton, jersey, 150 g\/m\u00b2<\/p>","protected":false},"excerpt":{"rendered":"<p>Ein bequemes und weiches T-Shirt f\u00fcr Kinder aus 100 % Baumwolle. Mit einem Bl\u00e5kl\u00e4der-Aufdruck auf der Brust. DETAILS: Aufdruck auf der Brust. Runder, gerippter Halsausschnitt. Verst\u00e4rkte Halsn\u00e4hte. Verst\u00e4rkte Schultern\u00e4hte. WASCHANLEITUNG: 60\u00b0 C. B\u00fcgeln &#8211; mittel. Nicht bleichen. Nicht chemisch reinigen. Nicht schleudern. STOFF: Kinder. High-Vis Gelb. schwarz. Profil 100% Baumwolle, Jersey, 150 g\/m\u00b2<\/p>","protected":false},"featured_media":667016,"template":"","meta":[],"product_brand":[],"product_cat":[4201],"product_tag":[],"class_list":{"0":"post-666987","1":"product","2":"type-product","3":"status-publish","4":"has-post-thumbnail","6":"product_cat-t-shirts","7":"pa_brand-blaklaeder","8":"pa_brand-type-workwear","9":"pa_filter-color-gelb","11":"first","12":"instock","13":"sale","14":"taxable","15":"shipping-taxable","16":"purchasable","17":"product-type-variable","18":"add-to-wishlist-before_image"},"exclude_global_add_ons":[],"addons":[],"acf":[],"_links":{"self":[{"href":"https:\/\/shop.kustom.ch\/en\/wp-json\/wp\/v2\/product\/666987"}],"collection":[{"href":"https:\/\/shop.kustom.ch\/en\/wp-json\/wp\/v2\/product"}],"about":[{"href":"https:\/\/shop.kustom.ch\/en\/wp-json\/wp\/v2\/types\/product"}],"wp:featuredmedia":[{"embeddable":true,"href":"https:\/\/shop.kustom.ch\/en\/wp-json\/wp\/v2\/media\/667016"}],"wp:attachment":[{"href":"https:\/\/shop.kustom.ch\/en\/wp-json\/wp\/v2\/media?parent=666987"}],"wp:term":[{"taxonomy":"product_brand","embeddable":true,"href":"https:\/\/shop.kustom.ch\/en\/wp-json\/wp\/v2\/product_brand?post=666987"},{"taxonomy":"product_cat","embeddable":true,"href":"https:\/\/shop.kustom.ch\/en\/wp-json\/wp\/v2\/product_cat?post=666987"},{"taxonomy":"product_tag","embeddable":true,"href":"https:\/\/shop.kustom.ch\/en\/wp-json\/wp\/v2\/product_tag?post=666987"}],"curies":[{"name":"wp","href":"https:\/\/api.w.org\/{rel}","templated":true}]}}