{"id":666938,"date":"2025-04-29T19:38:34","date_gmt":"2025-04-29T18:38:34","guid":{"rendered":"https:\/\/shop.kustom.ch\/?post_type=product&#038;p=666938"},"modified":"2026-03-31T09:03:25","modified_gmt":"2026-03-31T08:03:25","slug":"leichte-gefuetterte-damen-winterjacke-high-vis","status":"publish","type":"product","link":"https:\/\/shop.kustom.ch\/en\/product\/leichte-gefuetterte-damen-winterjacke-high-vis\/","title":{"rendered":"Lightweight lined ladies winter jacket High Vis"},"content":{"rendered":"<p>A lightweight, lined autumn and winter jacket with high visibility and excellent properties for cooler weather conditions. The jacket is wind and waterproof and has taped seams. Printed reflective details on the shoulders also ensure good visibility from above. It is prepared with press studs for attaching a separately available high visibility hood (models 2165, 2166 or 2175) and is also available as a men's model 4780.<\/p>\n<p>FUNCTIONALITY: Windproof &amp; waterproof material with breathability, taped seams. Women's size. Pre-shaped sleeves. DETAILS: D-ring. Logo print on the chest. Detachable and adjustable hood (sold separately, item no. 2165, 2166, 2175). Zip in the lining for easy textile finishing. POCKETS: Chest pockets with zip. Inside pocket with zip. Side pockets with zip. FRONT CLOSURE: Robust 2-way plastic zip. REFLEX: Transfer reflective strips. Reflective details. Reflective material on the body, sleeves and shoulders. CLOSURE: Inner cuffs with thumb hole. Adjustable cuffs with Velcro fastening. Adjustable waistband with drawstring. WASHING INSTRUCTIONS: Number of washes: 25. 40\u00b0 C. Do not bleach. Do not iron. Do not dry clean. Do not spin-dry. MAIN PROPERTIES: Roofer. Driver. Craftsmen. Road and construction workers. EN 342. EN 343. EN ISO 20471. FABRIC: Ladies. Available for men and women. blue. High-vis yellow. High-vis orange. High-vis red. Breathability. waterproof. windproof. High visibility. CERTIFICATION: EN 342. EN 343, class 4.2. EN ISO 20471 XS-S class 2, M class 3. certification group C -&gt;M<\/p>\n<p>100% polyester, Oxford, coated, waterproof 15,000 mm, windproof, breathable Ret 8.5, 200g\/m\u00b2<\/p>","protected":false},"excerpt":{"rendered":"<p>Eine leichte, gef\u00fctterte Herbst- und Winterjacke mit hoher Sichtbarkeit und hervorragenden Eigenschaften f\u00fcr k\u00fchlere Wetterbedingungen. Die Jacke ist wind- und wasserdicht und verf\u00fcgt \u00fcber versiegelte N\u00e4hte. Aufgedruckte reflektierende Details an den Schultern sorgen auch von oben f\u00fcr gute Sichtbarkeit. Sie ist mit Druckkn\u00f6pfen zum Anbringen einer separat erh\u00e4ltlichen Warnschutzkapuze (Modelle 2165, 2166 oder 2175) vorbereitet.Auch [&hellip;]<\/p>\n","protected":false},"featured_media":666961,"template":"","meta":[],"product_brand":[],"product_cat":[4186],"product_tag":[],"class_list":{"0":"post-666938","1":"product","2":"type-product","3":"status-publish","4":"has-post-thumbnail","6":"product_cat-jacken","7":"pa_brand-blaklaeder","8":"pa_brand-type-workwear","9":"pa_filter-color-blau","10":"pa_filter-color-gelb","11":"pa_filter-color-orange","12":"pa_filter-color-rot","13":"pa_filter-color-schwarz","15":"first","16":"instock","17":"sale","18":"taxable","19":"shipping-taxable","20":"purchasable","21":"product-type-variable","22":"add-to-wishlist-before_image"},"exclude_global_add_ons":[],"addons":[],"acf":[],"_links":{"self":[{"href":"https:\/\/shop.kustom.ch\/en\/wp-json\/wp\/v2\/product\/666938"}],"collection":[{"href":"https:\/\/shop.kustom.ch\/en\/wp-json\/wp\/v2\/product"}],"about":[{"href":"https:\/\/shop.kustom.ch\/en\/wp-json\/wp\/v2\/types\/product"}],"wp:featuredmedia":[{"embeddable":true,"href":"https:\/\/shop.kustom.ch\/en\/wp-json\/wp\/v2\/media\/666961"}],"wp:attachment":[{"href":"https:\/\/shop.kustom.ch\/en\/wp-json\/wp\/v2\/media?parent=666938"}],"wp:term":[{"taxonomy":"product_brand","embeddable":true,"href":"https:\/\/shop.kustom.ch\/en\/wp-json\/wp\/v2\/product_brand?post=666938"},{"taxonomy":"product_cat","embeddable":true,"href":"https:\/\/shop.kustom.ch\/en\/wp-json\/wp\/v2\/product_cat?post=666938"},{"taxonomy":"product_tag","embeddable":true,"href":"https:\/\/shop.kustom.ch\/en\/wp-json\/wp\/v2\/product_tag?post=666938"}],"curies":[{"name":"wp","href":"https:\/\/api.w.org\/{rel}","templated":true}]}}