{"id":666892,"date":"2025-04-29T19:38:06","date_gmt":"2025-04-29T18:38:06","guid":{"rendered":"https:\/\/shop.kustom.ch\/?post_type=product&#038;p=666892"},"modified":"2026-03-31T09:03:12","modified_gmt":"2026-03-31T08:03:12","slug":"leichte-gefuetterte-damen-winterjacke-softshell","status":"publish","type":"product","link":"https:\/\/shop.kustom.ch\/en\/product\/leichte-gefuetterte-damen-winterjacke-softshell\/","title":{"rendered":"Lightweight lined ladies winter jacket softshell"},"content":{"rendered":"<p>A lightweight, lined autumn and winter jacket that is perfect for cooler weather conditions. It has a detachable and adjustable hood and is designed to offer maximum freedom of movement. It is made from a stretchy, windproof and waterproof material. Dark-coloured, reflective details on the shoulders and back, also available as men's model 4750.<\/p>\n<p>FUNCTIONALITY: Windproof &amp; waterproof, unsealed seams, breathable. Windproof with good breathability. DETAILS: Detachable and adjustable hood with mesh lining. Metal press studs. High collar. POCKETS: Chest pocket with zip. Inside pockets. Front pockets with zips. FRONT CLOSURE: Plastic zip. Front zip with fleece chin guard. REFLEX: Reflective material on the back. Reflective stripes on the shoulders. CLOSURE: Adjustable cuffs with Velcro fastening. Extended back. Adjustable waistband with drawstring. WASHING INSTRUCTIONS: 40\u00b0 C. Do not bleach. Do not iron. Do not dry clean. Do not spin. MAIN PROPERTIES: Driver. Gardener. Handyman. Plumber. Cleaner. EN 342. FABRIC: Ladies. Available for men and women. blue. High-vis yellow. black. Breathability. Stretch. water-repellent. windproof. stretch. Wind \/ wet \/ cold. CERTIFICATION: Certified according to EN 342 when used together with Art 7177<\/p>\n<p>92% polyester, 8% elastane, 3-layer softshell, waterproof 11,000 mm, windproof, breathable Ret 20.0, stretch, 265 g\/m\u00b2<\/p>","protected":false},"excerpt":{"rendered":"<p>Eine leichte, gef\u00fctterte Herbst- und Winterjacke, die sich perfekt f\u00fcr k\u00fchlere Wetterbedingungen eignet. Sie verf\u00fcgt \u00fcber eine abnehmbare und verstellbare Kapuze und ist so konzipiert, dass sie maximale Bewegungsfreiheit bietet. Sie ist aus einem dehnbaren, wind- und wasserdichten Material gefertigt. Dunkle, reflektierende Details an den Schultern und am R\u00fccken.Auch als Herrenmodell 4750 erh\u00e4ltlich. FUNKTIONALIT\u00c4T: Wind- [&hellip;]<\/p>\n","protected":false},"featured_media":666928,"template":"","meta":[],"product_brand":[],"product_cat":[4186],"product_tag":[],"class_list":{"0":"post-666892","1":"product","2":"type-product","3":"status-publish","4":"has-post-thumbnail","6":"product_cat-jacken","7":"pa_brand-blaklaeder","8":"pa_brand-type-workwear","9":"pa_filter-color-blau","10":"pa_filter-color-gelb","11":"pa_filter-color-rot","12":"pa_filter-color-schwarz","14":"first","15":"instock","16":"sale","17":"taxable","18":"shipping-taxable","19":"purchasable","20":"product-type-variable","21":"add-to-wishlist-before_image"},"exclude_global_add_ons":[],"addons":[],"acf":[],"_links":{"self":[{"href":"https:\/\/shop.kustom.ch\/en\/wp-json\/wp\/v2\/product\/666892"}],"collection":[{"href":"https:\/\/shop.kustom.ch\/en\/wp-json\/wp\/v2\/product"}],"about":[{"href":"https:\/\/shop.kustom.ch\/en\/wp-json\/wp\/v2\/types\/product"}],"wp:featuredmedia":[{"embeddable":true,"href":"https:\/\/shop.kustom.ch\/en\/wp-json\/wp\/v2\/media\/666928"}],"wp:attachment":[{"href":"https:\/\/shop.kustom.ch\/en\/wp-json\/wp\/v2\/media?parent=666892"}],"wp:term":[{"taxonomy":"product_brand","embeddable":true,"href":"https:\/\/shop.kustom.ch\/en\/wp-json\/wp\/v2\/product_brand?post=666892"},{"taxonomy":"product_cat","embeddable":true,"href":"https:\/\/shop.kustom.ch\/en\/wp-json\/wp\/v2\/product_cat?post=666892"},{"taxonomy":"product_tag","embeddable":true,"href":"https:\/\/shop.kustom.ch\/en\/wp-json\/wp\/v2\/product_tag?post=666892"}],"curies":[{"name":"wp","href":"https:\/\/api.w.org\/{rel}","templated":true}]}}