{"id":666849,"date":"2025-04-29T19:37:37","date_gmt":"2025-04-29T18:37:37","guid":{"rendered":"https:\/\/shop.kustom.ch\/?post_type=product&#038;p=666849"},"modified":"2026-03-31T09:03:01","modified_gmt":"2026-03-31T08:03:01","slug":"striker-damen-fleeceweste","status":"publish","type":"product","link":"https:\/\/shop.kustom.ch\/en\/product\/striker-damen-fleeceweste\/","title":{"rendered":"STRIKER ladies fleece waistcoat"},"content":{"rendered":"<p>A fleece waistcoat that is perfect as a second layer. The inside of the material has a grid structure that creates the perfect combination of insulation, ventilation and efficient moisture management. The gilet has a cosy, body-hugging fit. Also available as men's model 4736. Durable, body-hugging 4-way stretch materialExcellent insulation and moisture transportTwo side pockets<\/p>\n<p>FUNCTIONALITY: Slim fit. DETAILS: High collar. Bl\u00e5kl\u00e4der embroidery on the back. POCKETS: Front pockets, one with D-ring. Front pockets with zips. FRONT CLOSURE: 2-way plastic zip. Wind flap inside. WASHING INSTRUCTIONS: 40\u00b0 C. Do not bleach. Do not iron. Do not dry clean. Do not spin. MAIN PROPERTIES: Roofer. Driver. Fisherman. Gardener. Handyman. Warehouse worker. Painter. Cleaner. Service staff. FABRIC: Ladies. Available for men and women. blue. green. Wind \/ wet \/ cold<\/p>\n<p>95% polyester, 5% elastane, grid fleece, 265g\/m\u00b2<\/p>","protected":false},"excerpt":{"rendered":"<p>Eine Fleeceweste, die sich perfekt als zweite Schicht eignet. Die Innenseite des Materials ist mit einer Gitterstuktur versehen, die die perfekte Kombination aus Isolierung, Bel\u00fcftung und effizientem Feuchtigkeitsmanagement schafft. Die Weste hat eine gem\u00fctliche, k\u00f6rpernahe Passform. Auch als Herrenmodell 4736 erh\u00e4ltlich. Strapazierf\u00e4higes, k\u00f6rperbetontes 4-Wege-StretchmaterialHervorragende Isolierung und FeuchtigkeitstransportZwei Seitentaschen FUNKTIONALIT\u00c4T: Slim Fit. DETAILS: Hoher Kragen. Bl\u00e5kl\u00e4der-Stick [&hellip;]<\/p>\n","protected":false},"featured_media":666867,"template":"","meta":[],"product_brand":[],"product_cat":[4208],"product_tag":[],"class_list":{"0":"post-666849","1":"product","2":"type-product","3":"status-publish","4":"has-post-thumbnail","6":"product_cat-westen","7":"pa_brand-blaklaeder","8":"pa_brand-type-workwear","9":"pa_filter-color-blau","10":"pa_filter-color-gruen","11":"pa_filter-color-schwarz","13":"first","14":"instock","15":"sale","16":"taxable","17":"shipping-taxable","18":"purchasable","19":"product-type-variable","20":"add-to-wishlist-before_image"},"exclude_global_add_ons":[],"addons":[],"acf":[],"_links":{"self":[{"href":"https:\/\/shop.kustom.ch\/en\/wp-json\/wp\/v2\/product\/666849"}],"collection":[{"href":"https:\/\/shop.kustom.ch\/en\/wp-json\/wp\/v2\/product"}],"about":[{"href":"https:\/\/shop.kustom.ch\/en\/wp-json\/wp\/v2\/types\/product"}],"wp:featuredmedia":[{"embeddable":true,"href":"https:\/\/shop.kustom.ch\/en\/wp-json\/wp\/v2\/media\/666867"}],"wp:attachment":[{"href":"https:\/\/shop.kustom.ch\/en\/wp-json\/wp\/v2\/media?parent=666849"}],"wp:term":[{"taxonomy":"product_brand","embeddable":true,"href":"https:\/\/shop.kustom.ch\/en\/wp-json\/wp\/v2\/product_brand?post=666849"},{"taxonomy":"product_cat","embeddable":true,"href":"https:\/\/shop.kustom.ch\/en\/wp-json\/wp\/v2\/product_cat?post=666849"},{"taxonomy":"product_tag","embeddable":true,"href":"https:\/\/shop.kustom.ch\/en\/wp-json\/wp\/v2\/product_tag?post=666849"}],"curies":[{"name":"wp","href":"https:\/\/api.w.org\/{rel}","templated":true}]}}