{"id":666804,"date":"2025-04-29T19:37:06","date_gmt":"2025-04-29T18:37:06","guid":{"rendered":"https:\/\/shop.kustom.ch\/?post_type=product&#038;p=666804"},"modified":"2026-03-31T09:02:27","modified_gmt":"2026-03-31T08:02:27","slug":"damen-microfleece-jacke-4","status":"publish","type":"product","link":"https:\/\/shop.kustom.ch\/en\/product\/damen-microfleece-jacke-4\/","title":{"rendered":"Ladies microfleece jacket"},"content":{"rendered":"<p>A warm and comfortable jacket that is ideal as an intermediate layer. It is made from microfleece that is brushed on both sides, making it particularly soft to the touch. The jacket has a close fit and mesh in the armpits for better ventilation. 4721 is also available as a men's model.<\/p>\n<p>FUNCTIONALITY: Mesh insert at the armhole. Slim fit. POCKETS: Front pockets with zips. FRONT CLOSURE: 2-way plastic zip. Inside wind flap. CLOSURE: Extended back. WASHING INSTRUCTIONS: 40\u00b0 C. Do not bleach. Do not iron. Do not dry clean. Do not spin. MAIN PROPERTIES: Flooring. Roofer. Driver. Fisherman. Gardener. Handyman. Woodcutter. Plumber. Warehouse worker. Bricklayer \/ tiler. Mechanic. Cleaner. Service employee. Plumber. FABRIC: Ladies. Available for men and women. blue. black. Wind \/ wet \/ cold<\/p>\n<p>100 % polyester, microfleece, anti-pilling, 170 g\/m\u00b2<\/p>","protected":false},"excerpt":{"rendered":"<p>Eine warme und bequeme Jacke, die sich ideal als Zwischenschicht eignet. Sie besteht aus Microfleece, das auf beiden Seiten geb\u00fcrstet ist und sich dadurch besonders weich anf\u00fchlt. Die Jacke hat eine k\u00f6rpernahe Passform und Mesh in den Achselh\u00f6hlen f\u00fcr bessere Bel\u00fcftung.Auch als Herrenmodell 4721 erh\u00e4ltlich. FUNKTIONALIT\u00c4T: Mesh-Einsatz am Armausschnitt. Slim Fit. TASCHEN: Vordertaschen mit Reissverschl\u00fcssen. [&hellip;]<\/p>\n","protected":false},"featured_media":666820,"template":"","meta":[],"product_brand":[],"product_cat":[4186],"product_tag":[],"class_list":{"0":"post-666804","1":"product","2":"type-product","3":"status-publish","4":"has-post-thumbnail","6":"product_cat-jacken","7":"pa_brand-blaklaeder","8":"pa_brand-type-workwear","9":"pa_filter-color-blau","10":"pa_filter-color-schwarz","12":"first","13":"instock","14":"sale","15":"taxable","16":"shipping-taxable","17":"purchasable","18":"product-type-variable","19":"add-to-wishlist-before_image"},"exclude_global_add_ons":[],"addons":[],"acf":[],"_links":{"self":[{"href":"https:\/\/shop.kustom.ch\/en\/wp-json\/wp\/v2\/product\/666804"}],"collection":[{"href":"https:\/\/shop.kustom.ch\/en\/wp-json\/wp\/v2\/product"}],"about":[{"href":"https:\/\/shop.kustom.ch\/en\/wp-json\/wp\/v2\/types\/product"}],"wp:featuredmedia":[{"embeddable":true,"href":"https:\/\/shop.kustom.ch\/en\/wp-json\/wp\/v2\/media\/666820"}],"wp:attachment":[{"href":"https:\/\/shop.kustom.ch\/en\/wp-json\/wp\/v2\/media?parent=666804"}],"wp:term":[{"taxonomy":"product_brand","embeddable":true,"href":"https:\/\/shop.kustom.ch\/en\/wp-json\/wp\/v2\/product_brand?post=666804"},{"taxonomy":"product_cat","embeddable":true,"href":"https:\/\/shop.kustom.ch\/en\/wp-json\/wp\/v2\/product_cat?post=666804"},{"taxonomy":"product_tag","embeddable":true,"href":"https:\/\/shop.kustom.ch\/en\/wp-json\/wp\/v2\/product_tag?post=666804"}],"curies":[{"name":"wp","href":"https:\/\/api.w.org\/{rel}","templated":true}]}}