{"id":666726,"date":"2025-04-29T19:36:07","date_gmt":"2025-04-29T18:36:07","guid":{"rendered":"https:\/\/shop.kustom.ch\/?post_type=product&#038;p=666726"},"modified":"2026-03-31T09:01:58","modified_gmt":"2026-03-31T08:01:58","slug":"flanellhemd-mit-pile-futter","status":"publish","type":"product","link":"https:\/\/shop.kustom.ch\/en\/product\/flanellhemd-mit-pile-futter\/","title":{"rendered":"Flannel shirt with pile lining"},"content":{"rendered":"<p>A warm and cosy flannel shirt in a classic checked pattern with a pile lining. The shirt is made from heavy flannel and offers additional warmth thanks to the pile lining, so it can also be worn as a jacket. Equally comfortable at work or at home.<\/p>\n<p>FUNCTIONALITY: Loose fit. DETAILS: Metal press studs. POCKETS: Chest pocket with flap and concealed press studs, one pocket with pen opening. FRONT CLOSURE: Front closure with press studs. CLOSURE: Cuffs with cuffs. WASHING INSTRUCTIONS: 40\u00b0 C. Iron - medium. Do not bleach. Do not dry clean. Do not spin. MAIN PROPERTIES: Driver. Fisherman. Gardener. Handyman. Plumber. FABRIC: Men's. blue. green. red. black. wind \/ wet \/ cold<\/p>\n<p>100% cotton, twill, brushed on both sides, 233g\/m\u00b2<\/p>","protected":false},"excerpt":{"rendered":"<p>Ein warmes und kuscheliges Flanellhemd in klassischem Karomuster mit Pile-Futter. Das Hemd ist aus schwerem Flanell gefertigt und bietet dank des Pile-Futters zus\u00e4tzliche W\u00e4rme, so dass es auch als Jacke getragen werden kann. Gleichermassen bequem bei der Arbeit oder zu Hause. FUNKTIONALIT\u00c4T: Lockere Passform. DETAILS: Metall-Druckkn\u00f6pfe. TASCHEN: Brusttasche mit Patte und verdeckten Druckkn\u00f6pfen, eine Tasche [&hellip;]<\/p>\n","protected":false},"featured_media":666760,"template":"","meta":[],"product_brand":[],"product_cat":[4186],"product_tag":[],"class_list":{"0":"post-666726","1":"product","2":"type-product","3":"status-publish","4":"has-post-thumbnail","6":"product_cat-jacken","7":"pa_brand-blaklaeder","8":"pa_brand-type-workwear","9":"pa_filter-color-gruen","10":"pa_filter-color-rot","11":"pa_filter-color-schwarz","13":"first","14":"instock","15":"sale","16":"taxable","17":"shipping-taxable","18":"purchasable","19":"product-type-variable","20":"add-to-wishlist-before_image"},"exclude_global_add_ons":[],"addons":[],"acf":[],"_links":{"self":[{"href":"https:\/\/shop.kustom.ch\/en\/wp-json\/wp\/v2\/product\/666726"}],"collection":[{"href":"https:\/\/shop.kustom.ch\/en\/wp-json\/wp\/v2\/product"}],"about":[{"href":"https:\/\/shop.kustom.ch\/en\/wp-json\/wp\/v2\/types\/product"}],"wp:featuredmedia":[{"embeddable":true,"href":"https:\/\/shop.kustom.ch\/en\/wp-json\/wp\/v2\/media\/666760"}],"wp:attachment":[{"href":"https:\/\/shop.kustom.ch\/en\/wp-json\/wp\/v2\/media?parent=666726"}],"wp:term":[{"taxonomy":"product_brand","embeddable":true,"href":"https:\/\/shop.kustom.ch\/en\/wp-json\/wp\/v2\/product_brand?post=666726"},{"taxonomy":"product_cat","embeddable":true,"href":"https:\/\/shop.kustom.ch\/en\/wp-json\/wp\/v2\/product_cat?post=666726"},{"taxonomy":"product_tag","embeddable":true,"href":"https:\/\/shop.kustom.ch\/en\/wp-json\/wp\/v2\/product_tag?post=666726"}],"curies":[{"name":"wp","href":"https:\/\/api.w.org\/{rel}","templated":true}]}}