{"id":666681,"date":"2025-04-29T19:35:37","date_gmt":"2025-04-29T18:35:37","guid":{"rendered":"https:\/\/shop.kustom.ch\/?post_type=product&#038;p=666681"},"modified":"2026-03-31T09:00:46","modified_gmt":"2026-03-31T08:00:46","slug":"shell-jacke-inhaerent","status":"publish","type":"product","link":"https:\/\/shop.kustom.ch\/en\/product\/shell-jacke-inhaerent\/","title":{"rendered":"Shell jacket Inherent"},"content":{"rendered":"<p>A lightly padded shell jacket for all seasons, made from a windproof, waterproof, breathable material with an oil and dirt repellent surface. With an anti-static and inherently flame-resistant material, completely metal-free, it minimises the risk of ignition and meets all the requirements of the ATEX directive. The shell jacket has a high collar and a concealed, robust two-way plastic zip. Reflective details increase visibility, as do an extended back and a drawstring in the hem. Fitted with attachment points for the 2164 hood, which is available separately, the jacket is equipped with two loops for attaching gas detectors, oxygen analysers and microphones. This makes it particularly useful for working in petrochemical environments or in the oil and gas industry. It is also suitable for the energy sector, including tasks in solar, wind and water technology.certified to EN 343 4.1, EN 1149-5, EN ISO 11611, EN 13034, EN ISO 11612, EN 61482-2, APC 2.<\/p>\n<p>FUNCTIONALITY: Metal-free. Oil, dirt and water-repellent surface. Wind &amp; waterproof material with breathability, taped seams. DETAILS: External certification labels. Plastic press studs. Concealed buttons. High collar with concealed zip. With buttons for attaching the hood (sold separately, 2164). Loops on both sides of the chest for gas detector \/ oxygen analyser \/ microphone. POCKETS: Chest pocket with zip and D-ring. Inner pocket with Velcro fastening. Front pockets with zip fasteners. FRONT CLOSURE: Concealed 2-way plastic zip. REFLEX: Reflective tape in selected areas for better visibility. CLOSURE: Inner cuffs. Adjustable cuffs with Velcro fastening. Extended back. Adjustable waistband with drawstring. WASHING INSTRUCTIONS: 60\u00b0 C. Do not bleach. Do not iron. Do not dry clean. Do not spin. MAIN PROPERTIES: Electrician. Craftsman. Service personnel. EN 1149-5. EN 13034. EN 343. EN 61482-2. EN ISO 11611. EN ISO 11612. FABRIC: Men. blue. Metal-free. Flame retardant. CERTIFICATION: EN 1149-5. EN 13034 PB (6). Max. 20 washes. EN 343, class 4.1. EN 61482-2, APC 2. EN ISO 11611, class 1 A1+A2. EN ISO 11612 A1, A2, B1, C1, E3, F1<\/p>\n<p>39% modacrylic, 27% cotton, 18% polyamide, 10% polyurethane, 5% aramid, 1% antistatic, ripstop, flame-retardant, antistatic, laminated, waterproof 12,000mm, windproof, breathable Ret 8.15, 290 g\/m\u00b2<\/p>","protected":false},"excerpt":{"rendered":"<p>Eine leicht wattierte Shell-Jacke f\u00fcr alle Jahreszeiten, hergestellt aus einem wind- und wasserdichten, atmungsaktiven Material mit \u00f6l- und schmutzabweisender Oberfl\u00e4che. Mit einem antistatischen und inh\u00e4rent flammfesten Material, v\u00f6llig metallfrei, minimiert sie das Entflammungsrisiko und erf\u00fcllt alle Anforderungen gem\u00e4ss der ATEX-Richtlinie.Die Shell-Jacke verf\u00fcgt \u00fcber einen hohen Kragen und einen verdeckten, robusten Zwei-Wege-Kunststoff-Reissverschluss. Reflektierende Details erh\u00f6hen die [&hellip;]<\/p>\n","protected":false},"featured_media":666742,"template":"","meta":[],"product_brand":[],"product_cat":[4186],"product_tag":[],"class_list":{"0":"post-666681","1":"product","2":"type-product","3":"status-publish","4":"has-post-thumbnail","6":"product_cat-jacken","7":"pa_brand-blaklaeder","8":"pa_brand-type-workwear","9":"pa_filter-color-blau","10":"pa_filter-color-schwarz","12":"first","13":"instock","14":"sale","15":"taxable","16":"shipping-taxable","17":"purchasable","18":"product-type-variable","19":"add-to-wishlist-before_image"},"exclude_global_add_ons":[],"addons":[],"acf":[],"_links":{"self":[{"href":"https:\/\/shop.kustom.ch\/en\/wp-json\/wp\/v2\/product\/666681"}],"collection":[{"href":"https:\/\/shop.kustom.ch\/en\/wp-json\/wp\/v2\/product"}],"about":[{"href":"https:\/\/shop.kustom.ch\/en\/wp-json\/wp\/v2\/types\/product"}],"wp:featuredmedia":[{"embeddable":true,"href":"https:\/\/shop.kustom.ch\/en\/wp-json\/wp\/v2\/media\/666742"}],"wp:attachment":[{"href":"https:\/\/shop.kustom.ch\/en\/wp-json\/wp\/v2\/media?parent=666681"}],"wp:term":[{"taxonomy":"product_brand","embeddable":true,"href":"https:\/\/shop.kustom.ch\/en\/wp-json\/wp\/v2\/product_brand?post=666681"},{"taxonomy":"product_cat","embeddable":true,"href":"https:\/\/shop.kustom.ch\/en\/wp-json\/wp\/v2\/product_cat?post=666681"},{"taxonomy":"product_tag","embeddable":true,"href":"https:\/\/shop.kustom.ch\/en\/wp-json\/wp\/v2\/product_tag?post=666681"}],"curies":[{"name":"wp","href":"https:\/\/api.w.org\/{rel}","templated":true}]}}