{"id":666680,"date":"2025-04-29T19:35:37","date_gmt":"2025-04-29T18:35:37","guid":{"rendered":"https:\/\/shop.kustom.ch\/?post_type=product&#038;p=666680"},"modified":"2026-03-31T09:00:32","modified_gmt":"2026-03-31T08:00:32","slug":"damen-softshell-jacke-inhaerent","status":"publish","type":"product","link":"https:\/\/shop.kustom.ch\/en\/product\/damen-softshell-jacke-inhaerent\/","title":{"rendered":"Ladies softshell jacket Inherent"},"content":{"rendered":"<p>A metal- and polyester-free softshell jacket made from inherently flame-retardant material. The oil-, dirt- and water-repellent jacket is made from comfortable 3-layer softshell material that is windproof and waterproof and offers excellent breathability. The fleece lining provides a cosy feel and increases comfort. An extended back contributes to overall comfort. The jacket is equipped with two loops for attaching gas detectors, oxygen meters and microphones, making it particularly suitable for work in petrochemical environments or in the oil and gas industry. Certified according to EN 1149-5, EN 13034, EN ISO 11611, EN ISO 11612, and EN 61482-2 APC 2. EBT \u2013 33 cal\/cm\u00b2, ELIM \u2013 30 cal\/cm\u00b2.<\/p>\n<p>FUNCTIONALITY: Metal-free. Oil, dirt and water-repellent surface. Windproof and waterproof, unsealed seams, breathable. DETAILS: External certification labels. High collar with concealed zip. Loops on both sides of the chest for gas detector\/oxygen meter\/microphone. POCKETS: Chest pocket with zip. Front pockets, one with D-ring. Front pockets with zips. FRONT CLOSURE: Concealed, reinforced plastic zip. REFLEX: Transfer reflective strips. Reflective tape in selected areas for better visibility. FINISH: Inner cuffs. Extended back. WASHING INSTRUCTIONS: 60\u00b0C. Do not bleach. Do not iron. Do not dry clean. Do not spin dry. MAIN FEATURES: EN 1149-5. EN 13034. EN 61482-2. EN ISO 11611. EN ISO 11612. FABRIC: Men's. Blue. Black. Metal-free. Flame retardant. CERTIFICATION: EN 1149-5. EN 13034 PB (6). Max. 20 washes. EBT \u2013 33 cal\/cm\u00b2. ELIM \u2013 30 cal\/cm\u00b2. EN 61482-2, APC 2. EN ISO 11611 Class 2, A1+A2. EN ISO 11612 A1,A2, B1,C2,F2<\/p>\n<p>43% modacrylic, 36% cotton, 11% polyamide, 6% polyurethane, 3% aramid, 1% antistatic, 3-layer softshell, flame-retardant, antistatic, 490 g\/m\u00b2<\/p>","protected":false},"excerpt":{"rendered":"<p>Eine metall- und polyesterfreie Softshell-Jacke aus inh\u00e4rent flammhemmendem Material. Die \u00f6l-, schmutz- und wasserabweisende Jacke ist aus komfortablem 3-Lagen-Softshell-Material gefertigt, das wind- und wasserdicht ist und eine hervorragende Atmungsaktivit\u00e4t aufweist. Die Fleece-Innenseite bietet ein kuscheliges Gef\u00fchl und erh\u00f6ht den Komfort. Ein verl\u00e4ngerter R\u00fccken tr\u00e4gt zum Gesamtkomfort bei. Die Jacke ist mit zwei Schlaufen zur Befestigung [&hellip;]<\/p>\n","protected":false},"featured_media":666725,"template":"","meta":[],"product_brand":[],"product_cat":[4186],"product_tag":[],"class_list":{"0":"post-666680","1":"product","2":"type-product","3":"status-publish","4":"has-post-thumbnail","6":"product_cat-jacken","7":"pa_brand-blaklaeder","8":"pa_brand-type-workwear","9":"pa_filter-color-blau","10":"pa_filter-color-schwarz","12":"first","13":"instock","14":"sale","15":"taxable","16":"shipping-taxable","17":"purchasable","18":"product-type-variable","19":"add-to-wishlist-before_image"},"exclude_global_add_ons":[],"addons":[],"acf":[],"_links":{"self":[{"href":"https:\/\/shop.kustom.ch\/en\/wp-json\/wp\/v2\/product\/666680"}],"collection":[{"href":"https:\/\/shop.kustom.ch\/en\/wp-json\/wp\/v2\/product"}],"about":[{"href":"https:\/\/shop.kustom.ch\/en\/wp-json\/wp\/v2\/types\/product"}],"wp:featuredmedia":[{"embeddable":true,"href":"https:\/\/shop.kustom.ch\/en\/wp-json\/wp\/v2\/media\/666725"}],"wp:attachment":[{"href":"https:\/\/shop.kustom.ch\/en\/wp-json\/wp\/v2\/media?parent=666680"}],"wp:term":[{"taxonomy":"product_brand","embeddable":true,"href":"https:\/\/shop.kustom.ch\/en\/wp-json\/wp\/v2\/product_brand?post=666680"},{"taxonomy":"product_cat","embeddable":true,"href":"https:\/\/shop.kustom.ch\/en\/wp-json\/wp\/v2\/product_cat?post=666680"},{"taxonomy":"product_tag","embeddable":true,"href":"https:\/\/shop.kustom.ch\/en\/wp-json\/wp\/v2\/product_tag?post=666680"}],"curies":[{"name":"wp","href":"https:\/\/api.w.org\/{rel}","templated":true}]}}