{"id":666632,"date":"2025-04-29T19:35:04","date_gmt":"2025-04-29T18:35:04","guid":{"rendered":"https:\/\/shop.kustom.ch\/?post_type=product&#038;p=666632"},"modified":"2026-03-31T08:53:34","modified_gmt":"2026-03-31T07:53:34","slug":"multinorm-sweatshirt-fuer-damen","status":"publish","type":"product","link":"https:\/\/shop.kustom.ch\/en\/product\/multinorm-sweatshirt-fuer-damen\/","title":{"rendered":"Multinorm sweatshirt for women"},"content":{"rendered":"<p>Flame retardant sweatshirt in high visibility design. Made from an inherent fabric with a brushed inside, making it soft and comfortable to wear while still offering excellent protective properties. With segmented transfer reflectors for good stretch and breathability. Certified according to EN 1149-5, EN ISO 20471, EN ISO 11612 and EN 61482-2. Also available as men's model 3088.<\/p>\n<p>FUNCTIONALITY: Dark colour patches in areas exposed to dirt. DETAILS: External certification labels. Cuffed neck. Round neck. REFLEX: Interrupted flame-retardant transfer reflective stripes. CLOSURE: Cuffs with cuffs. Ribbed waistband. WASHING INSTRUCTIONS: 60\u00b0 C. Do not bleach. Do not iron. Do not dry clean. Do not spin. MAIN PROPERTIES: Ladies. EN 1149-5. EN 61482-2. EN ISO 11612. EN ISO 20471. FABRIC: Ladies. blue. High-vis yellow. Flame retardant. CERTIFICATION: EN 1149-5. EBT - 13 cal\/cm\u00b2. ELIM - 12 cal\/cm\u00b2. EN 61482-2, APC 1. ISO 11612 A1, B1, C2. Combination certification C M-XL. EN ISO 20471 XS-XL class 2, XXL -&gt; class 3 . Max. 50 washes. Certification group B -&gt;M<\/p>\n<p>60% modacrylic, 39% cotton, 1% antistatic fibre, terry knit brushed inside, flame-retardant, antistatic, 280g\/m\u00b2<\/p>","protected":false},"excerpt":{"rendered":"<p>Flammhemmendes Sweatshirt in hochsichtbarem Design. Hergestellt aus einem inh\u00e4renten Gewebe mit einer geb\u00fcrsteten Innenseite, wodurch es weich und angenehm zu tragen ist und dennoch hervorragende Schutzeigenschaften bietet. Mit segmentierten Transferreflektoren f\u00fcr gute Dehnbarkeit und Atmungsaktivit\u00e4t. Zertifiziert nach EN 1149-5, EN ISO 20471, EN ISO 11612 und EN 61482-2. Auch als Herrenmodell 3088 erh\u00e4ltlich. FUNKTIONALIT\u00c4T: Dunkle [&hellip;]<\/p>\n","protected":false},"featured_media":666678,"template":"","meta":[],"product_brand":[],"product_cat":[4184],"product_tag":[],"class_list":{"0":"post-666632","1":"product","2":"type-product","3":"status-publish","4":"has-post-thumbnail","6":"product_cat-hoodies-pullover","7":"pa_brand-blaklaeder","8":"pa_brand-type-workwear","9":"pa_filter-color-blau","10":"pa_filter-color-gelb","12":"first","13":"instock","14":"sale","15":"taxable","16":"shipping-taxable","17":"purchasable","18":"product-type-variable","19":"add-to-wishlist-before_image"},"exclude_global_add_ons":[],"addons":[],"acf":[],"_links":{"self":[{"href":"https:\/\/shop.kustom.ch\/en\/wp-json\/wp\/v2\/product\/666632"}],"collection":[{"href":"https:\/\/shop.kustom.ch\/en\/wp-json\/wp\/v2\/product"}],"about":[{"href":"https:\/\/shop.kustom.ch\/en\/wp-json\/wp\/v2\/types\/product"}],"wp:featuredmedia":[{"embeddable":true,"href":"https:\/\/shop.kustom.ch\/en\/wp-json\/wp\/v2\/media\/666678"}],"wp:attachment":[{"href":"https:\/\/shop.kustom.ch\/en\/wp-json\/wp\/v2\/media?parent=666632"}],"wp:term":[{"taxonomy":"product_brand","embeddable":true,"href":"https:\/\/shop.kustom.ch\/en\/wp-json\/wp\/v2\/product_brand?post=666632"},{"taxonomy":"product_cat","embeddable":true,"href":"https:\/\/shop.kustom.ch\/en\/wp-json\/wp\/v2\/product_cat?post=666632"},{"taxonomy":"product_tag","embeddable":true,"href":"https:\/\/shop.kustom.ch\/en\/wp-json\/wp\/v2\/product_tag?post=666632"}],"curies":[{"name":"wp","href":"https:\/\/api.w.org\/{rel}","templated":true}]}}