{"id":666580,"date":"2025-04-29T19:34:31","date_gmt":"2025-04-29T18:34:31","guid":{"rendered":"https:\/\/shop.kustom.ch\/?post_type=product&#038;p=666580"},"modified":"2026-03-31T08:48:16","modified_gmt":"2026-03-31T07:48:16","slug":"multinorm-sweatshirt-3","status":"publish","type":"product","link":"https:\/\/shop.kustom.ch\/en\/product\/multinorm-sweatshirt-3\/","title":{"rendered":"Multinorm sweatshirt"},"content":{"rendered":"<p>Flame retardant sweatshirt in high visibility design. Made from an inherent fabric with a brushed inside that makes it soft and comfortable to wear while providing excellent protective properties. With segmented transfer reflectors for good stretch and breathability. Certified according to EN 1149-5, EN ISO 20471, EN ISO 11612 and EN 61482-2. Also available as ladies' model 3454.<\/p>\n<p>FUNCTIONALITY: Dark colour patches in areas exposed to dirt. DETAILS: External certification labels. Cuffed neck. Round neck. REFLEX: Interrupted flame-retardant transfer reflective stripes. CLOSURE: Cuffs with cuffs. Ribbed waistband. WASHING INSTRUCTIONS: 60\u00b0 C. Do not bleach. Do not iron. Do not dry clean. Do not spin. MAIN PROPERTIES: Electrician. Craftsman. Service staff. Men. EN 1149-5. EN 61482-2. EN ISO 11612. EN ISO 20471. FABRIC: Men. blue. High-vis yellow. Flame retardant. USP: Antistatic material. Wide reflective stripes. Flame retardant material. Soft, brushed inside. CERTIFICATION: EN 1149-5. EBT - 13 cal\/cm\u00b2. ELIM - 12 cal\/cm\u00b2. EN 61482-2, APC 1. ISO 11612 A1, B1, C2. EN ISO 20471 XS-S class 2, M class 3. max. 50 washes. Certification group C -&gt;M<\/p>\n<p>60% modacrylic, 39% cotton, 1% antistatic fibre, terry knit brushed inside, flame-retardant, antistatic, 280g\/m\u00b2<\/p>","protected":false},"excerpt":{"rendered":"<p>Flammhemmendes Sweatshirt in hochsichtbarem Design. Hergestellt aus einem inh\u00e4renten Gewebe mit einer geb\u00fcrsteten Innenseite, die es weich und angenehm zu tragen macht und gleichzeitig hervorragende Schutzeigenschaften bietet. Mit segmentierten Transferreflektoren f\u00fcr gute Dehnbarkeit und Atmungsaktivit\u00e4t. Zertifiziert nach EN 1149-5, EN ISO 20471, EN ISO 11612 und EN 61482-2. Auch als Damenmodell 3454 erh\u00e4ltlich. FUNKTIONALIT\u00c4T: Dunkle [&hellip;]<\/p>\n","protected":false},"featured_media":666608,"template":"","meta":[],"product_brand":[],"product_cat":[4184],"product_tag":[],"class_list":{"0":"post-666580","1":"product","2":"type-product","3":"status-publish","4":"has-post-thumbnail","6":"product_cat-hoodies-pullover","7":"pa_brand-blaklaeder","8":"pa_brand-type-workwear","9":"pa_filter-color-blau","10":"pa_filter-color-gelb","12":"first","13":"instock","14":"sale","15":"taxable","16":"shipping-taxable","17":"purchasable","18":"product-type-variable","19":"add-to-wishlist-before_image"},"exclude_global_add_ons":[],"addons":[],"acf":[],"_links":{"self":[{"href":"https:\/\/shop.kustom.ch\/en\/wp-json\/wp\/v2\/product\/666580"}],"collection":[{"href":"https:\/\/shop.kustom.ch\/en\/wp-json\/wp\/v2\/product"}],"about":[{"href":"https:\/\/shop.kustom.ch\/en\/wp-json\/wp\/v2\/types\/product"}],"wp:featuredmedia":[{"embeddable":true,"href":"https:\/\/shop.kustom.ch\/en\/wp-json\/wp\/v2\/media\/666608"}],"wp:attachment":[{"href":"https:\/\/shop.kustom.ch\/en\/wp-json\/wp\/v2\/media?parent=666580"}],"wp:term":[{"taxonomy":"product_brand","embeddable":true,"href":"https:\/\/shop.kustom.ch\/en\/wp-json\/wp\/v2\/product_brand?post=666580"},{"taxonomy":"product_cat","embeddable":true,"href":"https:\/\/shop.kustom.ch\/en\/wp-json\/wp\/v2\/product_cat?post=666580"},{"taxonomy":"product_tag","embeddable":true,"href":"https:\/\/shop.kustom.ch\/en\/wp-json\/wp\/v2\/product_tag?post=666580"}],"curies":[{"name":"wp","href":"https:\/\/api.w.org\/{rel}","templated":true}]}}