{"id":666516,"date":"2025-04-29T19:32:31","date_gmt":"2025-04-29T18:32:31","guid":{"rendered":"https:\/\/shop.kustom.ch\/?post_type=product&#038;p=666516"},"modified":"2026-03-31T08:40:25","modified_gmt":"2026-03-31T07:40:25","slug":"werkzeugtasche-click-button","status":"publish","type":"product","link":"https:\/\/shop.kustom.ch\/en\/product\/werkzeugtasche-click-button\/","title":{"rendered":"Tool bag Click-Button"},"content":{"rendered":"<p>A tool pouch developed for Bl\u00e5kl\u00e4der's new Click-Button system that can be used on either the right or left side. Made from robust CORDURA\u00ae.<\/p>\n<p>POCKETS: Tool bag - spacious, with a tool loop, 3 smaller pockets and 2 additional pockets, one of which has a zip. Two fasteners allow attachment to the waist with a single click. REINFORCEMENT: CORDURA\u00ae-reinforced nail pockets. PACKAGING: Supplied in a pack of 1. WASHING INSTRUCTIONS: 40\u00b0 C. Iron - low. Do not bleach. Do not dry clean. Do not spin. MAIN FEATURES: Unisex. FABRIC: black. Detachable tool pockets. Tool pockets. Craft. Industry \/ Service. High-visibility protection<\/p>\n<p>100% Polyamide, CORDURA\u00ae<\/p>","protected":false},"excerpt":{"rendered":"<p>Eine Werkzeugtasche, die f\u00fcr das neue Click-Button System von Bl\u00e5kl\u00e4der entwickelt wurde und sowohl auf der rechten als auch auf der linken Seite verwendet werden kann. Gefertigt aus robustem CORDURA\u00ae. TASCHEN: Werkzeugtasche &#8211; ger\u00e4umig, mit einer Werkzeugschlaufe, 3 kleineren Taschen und 2 zus\u00e4tzlichen Taschen, eine davon mit Reissverschluss. Zwei Verschl\u00fcsse erm\u00f6glichen die Befestigung an der [&hellip;]<\/p>\n","protected":false},"featured_media":666559,"template":"","meta":[],"product_brand":[],"product_cat":[4209],"product_tag":[],"class_list":{"0":"post-666516","1":"product","2":"type-product","3":"status-publish","4":"has-post-thumbnail","6":"product_cat-zubehoer","7":"pa_brand-blaklaeder","8":"pa_brand-type-workwear","9":"pa_filter-color-schwarz","11":"first","12":"instock","13":"sale","14":"taxable","15":"shipping-taxable","16":"purchasable","17":"product-type-variable","18":"add-to-wishlist-before_image"},"exclude_global_add_ons":[],"addons":[],"acf":[],"_links":{"self":[{"href":"https:\/\/shop.kustom.ch\/en\/wp-json\/wp\/v2\/product\/666516"}],"collection":[{"href":"https:\/\/shop.kustom.ch\/en\/wp-json\/wp\/v2\/product"}],"about":[{"href":"https:\/\/shop.kustom.ch\/en\/wp-json\/wp\/v2\/types\/product"}],"wp:featuredmedia":[{"embeddable":true,"href":"https:\/\/shop.kustom.ch\/en\/wp-json\/wp\/v2\/media\/666559"}],"wp:attachment":[{"href":"https:\/\/shop.kustom.ch\/en\/wp-json\/wp\/v2\/media?parent=666516"}],"wp:term":[{"taxonomy":"product_brand","embeddable":true,"href":"https:\/\/shop.kustom.ch\/en\/wp-json\/wp\/v2\/product_brand?post=666516"},{"taxonomy":"product_cat","embeddable":true,"href":"https:\/\/shop.kustom.ch\/en\/wp-json\/wp\/v2\/product_cat?post=666516"},{"taxonomy":"product_tag","embeddable":true,"href":"https:\/\/shop.kustom.ch\/en\/wp-json\/wp\/v2\/product_tag?post=666516"}],"curies":[{"name":"wp","href":"https:\/\/api.w.org\/{rel}","templated":true}]}}