{"id":666515,"date":"2025-04-29T19:32:31","date_gmt":"2025-04-29T18:32:31","guid":{"rendered":"https:\/\/shop.kustom.ch\/?post_type=product&#038;p=666515"},"modified":"2026-03-31T08:40:05","modified_gmt":"2026-03-31T07:40:05","slug":"schwer-entflammbare-kapuze","status":"publish","type":"product","link":"https:\/\/shop.kustom.ch\/en\/product\/schwer-entflammbare-kapuze\/","title":{"rendered":"Flame-retardant hood"},"content":{"rendered":"<p>Flame-retardant hood for shell jacket 4446, with reflective details for better visibility. Completely metal-free and can be fastened with plastic press studs.Size S fits model 4446 in sizes XS-SSize L fits model 4446 in sizes M-XLSize 2XL fits model 4446 in sizes 2XL-4XL<\/p>\n<p>FUNCTIONALITY: Article 4446. DETAILS: Plastic press studs. Adjustable Velcro fastening. REFLEX: Reflective tape in selected areas for better visibility. SIZE RATING: Size S fits model 4446 in sizes XS-S, size L fits model 4446 in sizes M-XL, size 2XL fits model 4446 in sizes 2XL-4XL. FITS TO: Article 4446<\/p>\n<p>39% modacrylic, 27% cotton, 18% polyamide, 10% polyurethane, 5% aramid, 1% antistatic, ripstop, flame-retardant, antistatic, laminated, waterproof 12,000mm, windproof, breathable Ret 8.15, 290 g\/m\u00b2<\/p>","protected":false},"excerpt":{"rendered":"<p>Flammhemmende Kapuze f\u00fcr die Shell-Jacke 4446, mit reflektierenden Details f\u00fcr bessere Sichtbarkeit. V\u00f6llig metallfrei und mit Kunststoff-Druckkn\u00f6pfen zu befestigen.Gr\u00f6sse S passend f\u00fcr Modell 4446 in den Gr\u00f6ssen XS-SGr\u00f6sse L passend f\u00fcr Modell 4446 in den Gr\u00f6ssen M-XLGr\u00f6sse 2XL passend f\u00fcr Modell 4446 in den Gr\u00f6ssen 2XL-4XL FUNKTIONALIT\u00c4T: Artikel 4446. DETAILS: Kunststoff-Druckkn\u00f6pfe. Verstellbarer Klettverschluss. REFLEX: Reflektierendes [&hellip;]<\/p>\n","protected":false},"featured_media":666551,"template":"","meta":[],"product_brand":[],"product_cat":[4209],"product_tag":[],"class_list":{"0":"post-666515","1":"product","2":"type-product","3":"status-publish","4":"has-post-thumbnail","6":"product_cat-zubehoer","7":"pa_brand-blaklaeder","8":"pa_brand-type-workwear","9":"pa_filter-color-blau","10":"pa_filter-color-schwarz","12":"first","13":"instock","14":"sale","15":"taxable","16":"shipping-taxable","17":"purchasable","18":"product-type-variable","19":"add-to-wishlist-before_image"},"exclude_global_add_ons":[],"addons":[],"acf":[],"_links":{"self":[{"href":"https:\/\/shop.kustom.ch\/en\/wp-json\/wp\/v2\/product\/666515"}],"collection":[{"href":"https:\/\/shop.kustom.ch\/en\/wp-json\/wp\/v2\/product"}],"about":[{"href":"https:\/\/shop.kustom.ch\/en\/wp-json\/wp\/v2\/types\/product"}],"wp:featuredmedia":[{"embeddable":true,"href":"https:\/\/shop.kustom.ch\/en\/wp-json\/wp\/v2\/media\/666551"}],"wp:attachment":[{"href":"https:\/\/shop.kustom.ch\/en\/wp-json\/wp\/v2\/media?parent=666515"}],"wp:term":[{"taxonomy":"product_brand","embeddable":true,"href":"https:\/\/shop.kustom.ch\/en\/wp-json\/wp\/v2\/product_brand?post=666515"},{"taxonomy":"product_cat","embeddable":true,"href":"https:\/\/shop.kustom.ch\/en\/wp-json\/wp\/v2\/product_cat?post=666515"},{"taxonomy":"product_tag","embeddable":true,"href":"https:\/\/shop.kustom.ch\/en\/wp-json\/wp\/v2\/product_tag?post=666515"}],"curies":[{"name":"wp","href":"https:\/\/api.w.org\/{rel}","templated":true}]}}