{"id":666512,"date":"2025-04-29T19:32:31","date_gmt":"2025-04-29T18:32:31","guid":{"rendered":"https:\/\/shop.kustom.ch\/?post_type=product&#038;p=666512"},"modified":"2026-03-31T08:39:39","modified_gmt":"2026-03-31T07:39:39","slug":"trucker-kappe-high-vis","status":"publish","type":"product","link":"https:\/\/shop.kustom.ch\/en\/product\/trucker-kappe-high-vis\/","title":{"rendered":"Trucker cap High Vis"},"content":{"rendered":"<p>High-quality trucker cap in high vis for optimum visibility during activities such as transport. The underside of the brim is black to prevent glare. It features fine inner detailing, a soft sweatband and ventilating mesh - perfect for warm days. Excellent branding area on the front for embroidery and transfer prints. Snapback fastening on the back.<\/p>\n<p>DETAILS: Woven Bl\u00e5kl\u00e4der logo on the back. Adjustable with snapback. Good surfaces for finishing. WASHING INSTRUCTIONS: Hand wash. Do not bleach. Do not iron. Do not dry clean. Do not spin dry. MAIN CHARACTERISTICS: Unisex. MEASUREMENT: 57-60 cm<\/p>\n<p>100% Polyester<\/p>","protected":false},"excerpt":{"rendered":"<p>Hochwertige Trucker-Kappe in High Vis f\u00fcr optimale Sichtbarkeit bei Aktivit\u00e4ten wie Transport. Die Unterseite der Krempe ist schwarz, um Blendung zu vermeiden. Sie verf\u00fcgt \u00fcber eine feine Innendetails, ein weiches Schweissband und bel\u00fcftendes Mesh &#8211; perfekt f\u00fcr warme Tage. Hervorragende Brandingfl\u00e4che auf der Vorderseite f\u00fcr Stickereien und Transferdrucke. Snapback-Verschluss auf der R\u00fcckseite. DETAILS: Gewebtes Bl\u00e5kl\u00e4der [&hellip;]<\/p>\n","protected":false},"featured_media":666531,"template":"","meta":[],"product_brand":[],"product_cat":[4177,4209],"product_tag":[],"class_list":{"0":"post-666512","1":"product","2":"type-product","3":"status-publish","4":"has-post-thumbnail","6":"product_cat-caps-muetzen","7":"product_cat-zubehoer","8":"pa_brand-blaklaeder","9":"pa_brand-type-workwear","10":"pa_filter-color-gelb","11":"pa_filter-color-orange","12":"pa_filter-color-rot","14":"first","15":"instock","16":"sale","17":"taxable","18":"shipping-taxable","19":"purchasable","20":"product-type-variable","21":"add-to-wishlist-before_image"},"exclude_global_add_ons":[],"addons":[],"acf":[],"_links":{"self":[{"href":"https:\/\/shop.kustom.ch\/en\/wp-json\/wp\/v2\/product\/666512"}],"collection":[{"href":"https:\/\/shop.kustom.ch\/en\/wp-json\/wp\/v2\/product"}],"about":[{"href":"https:\/\/shop.kustom.ch\/en\/wp-json\/wp\/v2\/types\/product"}],"wp:featuredmedia":[{"embeddable":true,"href":"https:\/\/shop.kustom.ch\/en\/wp-json\/wp\/v2\/media\/666531"}],"wp:attachment":[{"href":"https:\/\/shop.kustom.ch\/en\/wp-json\/wp\/v2\/media?parent=666512"}],"wp:term":[{"taxonomy":"product_brand","embeddable":true,"href":"https:\/\/shop.kustom.ch\/en\/wp-json\/wp\/v2\/product_brand?post=666512"},{"taxonomy":"product_cat","embeddable":true,"href":"https:\/\/shop.kustom.ch\/en\/wp-json\/wp\/v2\/product_cat?post=666512"},{"taxonomy":"product_tag","embeddable":true,"href":"https:\/\/shop.kustom.ch\/en\/wp-json\/wp\/v2\/product_tag?post=666512"}],"curies":[{"name":"wp","href":"https:\/\/api.w.org\/{rel}","templated":true}]}}