{"id":666355,"date":"2025-04-29T19:31:29","date_gmt":"2025-04-29T18:31:29","guid":{"rendered":"https:\/\/shop.kustom.ch\/?post_type=product&#038;p=666355"},"modified":"2026-03-31T08:16:42","modified_gmt":"2026-03-31T07:16:42","slug":"high-vis-arbeitshose-4-wege-stretch-3","status":"publish","type":"product","link":"https:\/\/shop.kustom.ch\/en\/product\/high-vis-arbeitshose-4-wege-stretch-3\/","title":{"rendered":"High Vis work trousers 4-way stretch"},"content":{"rendered":"<p>A high visibility trouser with soft and flexible 4-way stretch that really does offer ultimate comfort and visibility when it's needed most. It features segmented reflective strips and knee pad pockets for protection and comfort when kneeling. Fitted with attachment devices for CORDURA\u00ae tool pouches (Art. 2170), sold separately.<\/p>\n<p>FUNCTIONALITY: Particularly ergonomically shaped trouser legs. DETAILS: Detachable ID card pocket. D-ring. Metal buttons. Knife holder with button. Plastic zip at the crotch. Wide belt loops at the back and sides. Two loops on the sides with a button for hammer holder. D-ring on the waistband. POCKETS: Leg pocket with bellows and flap with Velcro fastening and internal mesh mobile phone pocket. Back pockets reinforced with bellows. Knee pad pockets. Side pockets. Prefabricated holders for detachable tool pockets. CORDURA\u00ae tool pockets sold separately (Art. 2170). Reinforced folding rule pocket with knife holder and pen pocket. REINFORCEMENT: CORDURA\u00ae reinforcements on the knees and pockets. REFLEX: Reflective material around the legs. WASHING INSTRUCTIONS: Number of washes: 50. 60\u00b0 C. Do not bleach. Do not iron. Do not dry clean. Tumble dry - low. MAIN PROPERTIES: Craftsmen. Road and construction workers. EN 14004. EN ISO 20471. FABRIC: Men. blue. High-vis yellow. High-vis orange. High-vis red. Knee pad pockets. Stretch. Stretch. High visibility. USP: 4-way stretch. CORDURA\u00ae-reinforced knee pad pockets. Segmented reflective stripes. Reinforced pockets. Pre-shaped legs. CERTIFICATION: EN 14404:2004+A1:2010 together with knee pads 4027, 4057, 4058 and 4032. EN ISO 20471, class 2. certification group Y<\/p>\n<p>100% polyester, double woven, 4-way stretch, 260 g\/m\u00b2<\/p>","protected":false},"excerpt":{"rendered":"<p>Eine hochsichtbare Hose mit weichem und flexiblem 4-Wege-Stretch, die wirklich ultimativen Komfort und Sichtbarkeit bietet, wenn sie am meisten gebraucht wird. Sie verf\u00fcgt \u00fcber segmentierte Reflexstreifen und Kniepolstertaschen f\u00fcr Schutz und Komfort bei knienden T\u00e4tigkeiten. Ausgestattet mit Vorrichtungen f\u00fcr die Befestigung von CORDURA\u00ae-Werkzeugtaschen (Art. 2170), separat erh\u00e4ltlich. FUNKTIONALIT\u00c4T: Besonders ergonomisch geformte Hosenbeine. DETAILS: Abnehmbare Ausweistasche. [&hellip;]<\/p>\n","protected":false},"featured_media":666356,"template":"","meta":[],"product_brand":[],"product_cat":[4185],"product_tag":[],"class_list":{"0":"post-666355","1":"product","2":"type-product","3":"status-publish","4":"has-post-thumbnail","6":"product_cat-hosen","7":"pa_brand-blaklaeder","8":"pa_brand-type-workwear","9":"pa_filter-color-blau","10":"pa_filter-color-gelb","11":"pa_filter-color-orange","12":"pa_filter-color-rot","13":"pa_filter-color-schwarz","15":"first","16":"instock","17":"sale","18":"taxable","19":"shipping-taxable","20":"purchasable","21":"product-type-variable","22":"add-to-wishlist-before_image"},"exclude_global_add_ons":[],"addons":[],"acf":[],"_links":{"self":[{"href":"https:\/\/shop.kustom.ch\/en\/wp-json\/wp\/v2\/product\/666355"}],"collection":[{"href":"https:\/\/shop.kustom.ch\/en\/wp-json\/wp\/v2\/product"}],"about":[{"href":"https:\/\/shop.kustom.ch\/en\/wp-json\/wp\/v2\/types\/product"}],"wp:featuredmedia":[{"embeddable":true,"href":"https:\/\/shop.kustom.ch\/en\/wp-json\/wp\/v2\/media\/666356"}],"wp:attachment":[{"href":"https:\/\/shop.kustom.ch\/en\/wp-json\/wp\/v2\/media?parent=666355"}],"wp:term":[{"taxonomy":"product_brand","embeddable":true,"href":"https:\/\/shop.kustom.ch\/en\/wp-json\/wp\/v2\/product_brand?post=666355"},{"taxonomy":"product_cat","embeddable":true,"href":"https:\/\/shop.kustom.ch\/en\/wp-json\/wp\/v2\/product_cat?post=666355"},{"taxonomy":"product_tag","embeddable":true,"href":"https:\/\/shop.kustom.ch\/en\/wp-json\/wp\/v2\/product_tag?post=666355"}],"curies":[{"name":"wp","href":"https:\/\/api.w.org\/{rel}","templated":true}]}}