{"id":666247,"date":"2025-04-29T19:29:35","date_gmt":"2025-04-29T18:29:35","guid":{"rendered":"https:\/\/shop.kustom.ch\/?post_type=product&#038;p=666247"},"modified":"2026-03-31T09:11:32","modified_gmt":"2026-03-31T08:11:32","slug":"damen-service-arbeitshose-stretch-3","status":"publish","type":"product","link":"https:\/\/shop.kustom.ch\/en\/product\/damen-service-arbeitshose-stretch-3\/","title":{"rendered":"Ladies service work trousers stretch"},"content":{"rendered":"<p>Modern service work trousers made from a lightweight yet abrasion-resistant material with a quick-drying function - making these trousers ideal for working indoors or in warm environments. This model has a tighter cut and pre-shaped knees for increased comfort. For optimum freedom of movement, we have placed stretch inserts in carefully selected areas, such as the hips, knees and crotch. The trousers have a pen and knife pocket for left and right-handed users, an internal mesh mobile phone pocket and an extendable leg hem. Produced and labelled in accordance with the OEKO-TEX\u00ae MADE IN GREEN standardThe OEKO-TEX\u00ae MADE IN GREEN standard ensures that textiles and leather products are produced in a sustainable and socially responsible manner, are free from harmful substances and are fully traceable. This guarantees a safe and environmentally friendly product.find out more about the sustainability seals on our garments.<\/p>\n<p>FUNCTIONALITY: Stretch inserts at the crotch, knees and seat, with ergonomically shaped trouser legs. Women's size. DETAILS: Plastic zip at the crotch. D-ring on the waistband. Elasticated waist. POCKETS: Leg pockets with bellows, zip, pen and knife pocket. Mobile phone pocket inside. Side pockets. Folding rule pocket inside. CLOSURE: Extension option at leg hem, does not apply to sizes D. WASHING INSTRUCTIONS: 40\u00b0 C. Iron - low. Do not bleach. Do not dry clean. Do not spin-dry. MAIN TASKS: Driver. Garden labourer. Warehouse worker. Cleaner. Service employee. FABRIC: Ladies. Available for men and women. brown. black. Lightweight. Stretch insert. Industry \/ Service. Stretch. Unite. USP: Regular fit. Stretch inserts. Pre-shaped legs<\/p>\n<p>65% polyester, 35% cotton, finely woven, 166g\/m\u00b2<\/p>","protected":false},"excerpt":{"rendered":"<p>Moderne Service-Arbeitshose aus einem leichtem aber trotzdem abriebfestem Material, mit schnelltrocknender Funktion &#8211; deshalb ist die Bundhose ideal f\u00fcr Arbeiten drinnen oder in warmer Umgebung. Dieses Modell ist enger geschnitten und hat vorgeformte Knie f\u00fcr erh\u00f6hten Tragekomfort. F\u00fcr optimale Bewegungsfreiheit habe wir Stretch-Eins\u00e4tze an sorgf\u00e4ltig ausgew\u00e4hlten Stellen platziert, wie zum Beispiel an den H\u00fcften, Knien [&hellip;]<\/p>\n","protected":false},"featured_media":666261,"template":"","meta":[],"product_brand":[],"product_cat":[4185],"product_tag":[],"class_list":{"0":"post-666247","1":"product","2":"type-product","3":"status-publish","4":"has-post-thumbnail","6":"product_cat-hosen","7":"pa_brand-blaklaeder","8":"pa_brand-type-workwear","9":"pa_filter-color-gruen","10":"pa_filter-color-orange","11":"pa_filter-color-schwarz","13":"first","14":"instock","15":"sale","16":"taxable","17":"shipping-taxable","18":"purchasable","19":"product-type-variable","20":"add-to-wishlist-before_image"},"exclude_global_add_ons":[],"addons":[],"acf":[],"_links":{"self":[{"href":"https:\/\/shop.kustom.ch\/en\/wp-json\/wp\/v2\/product\/666247"}],"collection":[{"href":"https:\/\/shop.kustom.ch\/en\/wp-json\/wp\/v2\/product"}],"about":[{"href":"https:\/\/shop.kustom.ch\/en\/wp-json\/wp\/v2\/types\/product"}],"wp:featuredmedia":[{"embeddable":true,"href":"https:\/\/shop.kustom.ch\/en\/wp-json\/wp\/v2\/media\/666261"}],"wp:attachment":[{"href":"https:\/\/shop.kustom.ch\/en\/wp-json\/wp\/v2\/media?parent=666247"}],"wp:term":[{"taxonomy":"product_brand","embeddable":true,"href":"https:\/\/shop.kustom.ch\/en\/wp-json\/wp\/v2\/product_brand?post=666247"},{"taxonomy":"product_cat","embeddable":true,"href":"https:\/\/shop.kustom.ch\/en\/wp-json\/wp\/v2\/product_cat?post=666247"},{"taxonomy":"product_tag","embeddable":true,"href":"https:\/\/shop.kustom.ch\/en\/wp-json\/wp\/v2\/product_tag?post=666247"}],"curies":[{"name":"wp","href":"https:\/\/api.w.org\/{rel}","templated":true}]}}