{"id":666061,"date":"2025-04-29T19:28:16","date_gmt":"2025-04-29T18:28:16","guid":{"rendered":"https:\/\/shop.kustom.ch\/?post_type=product&#038;p=666061"},"modified":"2026-03-31T09:09:59","modified_gmt":"2026-03-31T08:09:59","slug":"damen-handwerkerhose-4-wege-stretch","status":"publish","type":"product","link":"https:\/\/shop.kustom.ch\/en\/product\/damen-handwerkerhose-4-wege-stretch\/","title":{"rendered":"Ladies craftsman trousers 4-way stretch"},"content":{"rendered":"<p>Craftsman trousers in a women's fit made from a slightly thinner 4-way stretch material that really offers the ultimate in comfort. The trousers have a slimmer fit, a tighter look and a high and adjustable waist for increased comfort. Removable holster pockets, back pockets with bellows, ruler pocket and loops for hammer holders on the left and right side. CORDURA\u00ae stretch knee pockets offer protection and comfort when kneeling. Also available as men's model 1720.<\/p>\n<p>FUNCTIONALITY: 4-way stretch. DETAILS: Detachable ID card pocket. Metal buttons. Knife holder with button. Plastic zip at the crotch. Two loops on the sides with a button for hammer holder. D-ring on the waistband. POCKETS: Back pockets reinforced with bellows. External knee pad pockets. Pockets with bellows, pen and knife pocket. Flap with concealed magnetic button. Side pockets. Tool pockets - detachable with tool holders and an extra pocket with zip. Reinforced folding rule pocket with knife holder and pen pocket. REINFORCEMENT: CORDURA\u00ae stretch-reinforced knee pad pockets. CORDURA\u00ae reinforcement on hanging pockets, back pockets, ruler pocket, leg pockets, knees and lower edge. REFLEX: Reflective details on the leg. CLOSURE: Leg ends with CORDURA\u00ae reinforcement. WASHING INSTRUCTIONS: 40\u00b0 C. Do not bleach. Do not iron. Do not dry clean. Do not spin-dry. MAIN PROPERTIES: Electrician. Gardener. Handyman. Warehouse worker. Tinsmith. EN 14004. FABRIC: Ladies. Available for men and women. blue. grey. black. Knee pad pockets. Stretch. Tool pockets. Craft. Stretch. USP: 4-way stretch. Detachable tool pockets. Tight fit. Knee pad pockets made of reinforced CORDURA\u00ae stretch. Reinforcements on pockets and leg ends. Pre-shaped legs. CERTIFICATION: EN 14404:2004+A1:2010 together with knee pads 4027, 4057, 4058 and 4032<\/p>\n<p>92% polyamide, 8% elastane, double woven, 4-way stretch, 230 g\/m\u00b2<\/p>","protected":false},"excerpt":{"rendered":"<p>Handwerkerhose in Damenpassform aus einem etwas d\u00fcnneren 4-Wege-Stretch-Material, das wirklich den ultimativen Komfort bietet. Die Hose hat eine schlankere Passform, einen engeren Look und eine hohe und verstellbare Taille f\u00fcr erh\u00f6hte Bequemlichkeit. Abnehmbare Holstertaschen, Ges\u00e4sstaschen mit Balg, Zollstocktasche und Schlaufen f\u00fcr Hammerhalter auf der linken und rechten Seite. Knietaschen aus CORDURA\u00ae-Stretch bieten Schutz und Komfort [&hellip;]<\/p>\n","protected":false},"featured_media":666086,"template":"","meta":[],"product_brand":[],"product_cat":[4185],"product_tag":[],"class_list":{"0":"post-666061","1":"product","2":"type-product","3":"status-publish","4":"has-post-thumbnail","6":"product_cat-hosen","7":"pa_brand-blaklaeder","8":"pa_brand-type-workwear","9":"pa_filter-color-blau","10":"pa_filter-color-grau","11":"pa_filter-color-schwarz","13":"first","14":"instock","15":"sale","16":"taxable","17":"shipping-taxable","18":"purchasable","19":"product-type-variable","20":"add-to-wishlist-before_image"},"exclude_global_add_ons":[],"addons":[],"acf":[],"_links":{"self":[{"href":"https:\/\/shop.kustom.ch\/en\/wp-json\/wp\/v2\/product\/666061"}],"collection":[{"href":"https:\/\/shop.kustom.ch\/en\/wp-json\/wp\/v2\/product"}],"about":[{"href":"https:\/\/shop.kustom.ch\/en\/wp-json\/wp\/v2\/types\/product"}],"wp:featuredmedia":[{"embeddable":true,"href":"https:\/\/shop.kustom.ch\/en\/wp-json\/wp\/v2\/media\/666086"}],"wp:attachment":[{"href":"https:\/\/shop.kustom.ch\/en\/wp-json\/wp\/v2\/media?parent=666061"}],"wp:term":[{"taxonomy":"product_brand","embeddable":true,"href":"https:\/\/shop.kustom.ch\/en\/wp-json\/wp\/v2\/product_brand?post=666061"},{"taxonomy":"product_cat","embeddable":true,"href":"https:\/\/shop.kustom.ch\/en\/wp-json\/wp\/v2\/product_cat?post=666061"},{"taxonomy":"product_tag","embeddable":true,"href":"https:\/\/shop.kustom.ch\/en\/wp-json\/wp\/v2\/product_tag?post=666061"}],"curies":[{"name":"wp","href":"https:\/\/api.w.org\/{rel}","templated":true}]}}