{"id":666000,"date":"2025-04-29T19:27:46","date_gmt":"2025-04-29T18:27:46","guid":{"rendered":"https:\/\/shop.kustom.ch\/?post_type=product&#038;p=666000"},"modified":"2026-03-31T08:37:00","modified_gmt":"2026-03-31T07:37:00","slug":"maler-piraten-shorts-mit-stretch","status":"publish","type":"product","link":"https:\/\/shop.kustom.ch\/en\/product\/maler-piraten-shorts-mit-stretch\/","title":{"rendered":"Painter pirate shorts with stretch"},"content":{"rendered":"<p>Comfortable pirate trousers with tool pockets, external knee pad pockets and stretch inserts in carefully selected areas such as the crotch, knees and seat for greater mobility and comfort. The high cotton content makes the fabric highly absorbent. The trousers have several functional pockets and CORDURA\u00ae reinforcements in the pockets for spatulas and nails. Also available as ladies' model 7109.<\/p>\n<p>FUNCTIONALITY: Stretch insert at the crotch, knees, hips and calf. Particularly ergonomically shaped trouser legs. DETAILS: Plastic zip at the crotch. D-ring on the waistband. POCKETS: Leg pocket especially for spatulas and brushes. Leg pockets with bellows, zip, pen and knife pocket. Back pockets. Mobile phone pocket inside. Knee pad pockets. Side pockets. Tool pockets - with tool holders suitable for painting tools. REINFORCEMENT: CORDURA\u00ae stretch-reinforced knee pad pockets. CORDURA\u00ae reinforced tool pockets and folding rule pocket. WASHING INSTRUCTIONS: 40\u00b0 C. Iron - low. Do not bleach. Do not dry clean. Do not spin-dry. MAIN PROPERTIES: Painter. Available for men and women. Men's. EN 14004. FABRIC: Available for men and women. Men. black. white. Knee pad pockets. Painter. Stretch. USP: CORDURA\u00ae-reinforced tool pockets. Knee pad pockets made of reinforced CORDURA\u00ae stretch. Stretch inserts. Pre-shaped legs. CERTIFICATION: EN 14404:2004+A1:2010 together with knee pads 4027, 4057, 4058 and 4032<\/p>\n<p>100% Cotton, canvas, 270 g\/m\u00b2<\/p>","protected":false},"excerpt":{"rendered":"<p>Bequeme Piratenhose mit Werkzeugtaschen, externen Kniepolstertaschen und Stretcheins\u00e4tzen an sorgf\u00e4ltig ausgew\u00e4hlten Stellen wie Schritt, Knien und Ges\u00e4ss f\u00fcr mehr Beweglichkeit und Komfort. Der hohe Baumwollanteil verleiht dem Stoff eine hohe Saugf\u00e4higkeit. Die Hose hat mehrere Funktionstaschen und CORDURA\u00ae-Verst\u00e4rkungen in den Taschen f\u00fcr Spachtel und N\u00e4gel. Auch als Damenmodell 7109 erh\u00e4ltlich. FUNKTIONALIT\u00c4T: Stretch-Einsatz im Schritt, an [&hellip;]<\/p>\n","protected":false},"featured_media":666022,"template":"","meta":[],"product_brand":[],"product_cat":[4198],"product_tag":[],"class_list":{"0":"post-666000","1":"product","2":"type-product","3":"status-publish","4":"has-post-thumbnail","6":"product_cat-shorts","7":"pa_brand-blaklaeder","8":"pa_brand-type-workwear","9":"pa_filter-color-schwarz","10":"pa_filter-color-weiss","12":"first","13":"instock","14":"sale","15":"taxable","16":"shipping-taxable","17":"purchasable","18":"product-type-variable","19":"add-to-wishlist-before_image"},"exclude_global_add_ons":[],"addons":[],"acf":[],"_links":{"self":[{"href":"https:\/\/shop.kustom.ch\/en\/wp-json\/wp\/v2\/product\/666000"}],"collection":[{"href":"https:\/\/shop.kustom.ch\/en\/wp-json\/wp\/v2\/product"}],"about":[{"href":"https:\/\/shop.kustom.ch\/en\/wp-json\/wp\/v2\/types\/product"}],"wp:featuredmedia":[{"embeddable":true,"href":"https:\/\/shop.kustom.ch\/en\/wp-json\/wp\/v2\/media\/666022"}],"wp:attachment":[{"href":"https:\/\/shop.kustom.ch\/en\/wp-json\/wp\/v2\/media?parent=666000"}],"wp:term":[{"taxonomy":"product_brand","embeddable":true,"href":"https:\/\/shop.kustom.ch\/en\/wp-json\/wp\/v2\/product_brand?post=666000"},{"taxonomy":"product_cat","embeddable":true,"href":"https:\/\/shop.kustom.ch\/en\/wp-json\/wp\/v2\/product_cat?post=666000"},{"taxonomy":"product_tag","embeddable":true,"href":"https:\/\/shop.kustom.ch\/en\/wp-json\/wp\/v2\/product_tag?post=666000"}],"curies":[{"name":"wp","href":"https:\/\/api.w.org\/{rel}","templated":true}]}}