{"id":665819,"date":"2025-04-29T19:26:36","date_gmt":"2025-04-29T18:26:36","guid":{"rendered":"https:\/\/shop.kustom.ch\/?post_type=product&#038;p=665819"},"modified":"2026-03-31T08:34:22","modified_gmt":"2026-03-31T07:34:22","slug":"handwerker-shorts-mit-stretch-4","status":"publish","type":"product","link":"https:\/\/shop.kustom.ch\/en\/product\/handwerker-shorts-mit-stretch-4\/","title":{"rendered":"Craftsman shorts with stretch"},"content":{"rendered":"<p>Comfortable, lightweight craftsman shorts made from thinner 2-way stretch material and with 4-way stretch inserts that offer ultimate comfort where it is needed most. Practical leg pockets with reinforcement, folding rule pocket and a loop for hammer holders on the left and right side.<\/p>\n<p>FUNCTIONALITY: 2-way stretch. 4-way stretch. DETAILS: Detachable ID card pocket. Metal buttons. Knife holder with button. Plastic zip at the crotch. Wide loop at the back. Two loops on the sides with a button for hammer holder. D-ring on the waistband. POCKETS: Leg pocket with bellows and flap with Velcro fastening and internal mesh mobile phone pocket. Leg pocket with pencil pocket. Back pockets reinforced with bellows. Side pockets. Reinforced folding rule pocket with knife holder and pen pocket. REFLEX: Reflective details on the leg. WASHING INSTRUCTIONS: 40\u00b0 C. Do not bleach. Do not iron. Do not dry clean. Do not spin dry. MAIN PROPERTIES: Electrician. Gardener. Handyman. Warehouse worker. Tinsmith. Men. FABRIC: Men. blue. grey. black. stretch. craft. stretch. USP: 2-way stretch. Reflective details. Stretch inserts<\/p>\n<p>63% polyester, 33% cotton, 4% Elastofin, twill, stretch, 260 g\/m\u00b2<\/p>","protected":false},"excerpt":{"rendered":"<p>Bequeme, leichte Handwerkershorts aus d\u00fcnnerem 2-Wege-Stretch-Material und mit Eins\u00e4tzen aus 4-Wege-Stretch, die ultimativen Komfort dort bieten, wo er am meisten ben\u00f6tigt wird. Praktische Beintaschen mit Verst\u00e4rkung, Zollstocktasche und je eine Schlaufe f\u00fcr Hammerhalter auf der linken und rechten Seite. FUNKTIONALIT\u00c4T: 2-Wege-Stretch. 4-Wege-Stretch. DETAILS: Abnehmbare Ausweistasche. Metallkn\u00f6pfe. Messerhalter mit Knopf. Kunststoff-Reissverschluss im Schritt. Breite Schlaufe hinten. [&hellip;]<\/p>\n","protected":false},"featured_media":665844,"template":"","meta":[],"product_brand":[],"product_cat":[4198],"product_tag":[],"class_list":{"0":"post-665819","1":"product","2":"type-product","3":"status-publish","4":"has-post-thumbnail","6":"product_cat-shorts","7":"pa_brand-blaklaeder","8":"pa_brand-type-workwear","9":"pa_filter-color-blau","10":"pa_filter-color-grau","11":"pa_filter-color-gruen","12":"pa_filter-color-schwarz","14":"first","15":"instock","16":"sale","17":"taxable","18":"shipping-taxable","19":"purchasable","20":"product-type-variable","21":"add-to-wishlist-before_image"},"exclude_global_add_ons":[],"addons":[],"acf":[],"_links":{"self":[{"href":"https:\/\/shop.kustom.ch\/en\/wp-json\/wp\/v2\/product\/665819"}],"collection":[{"href":"https:\/\/shop.kustom.ch\/en\/wp-json\/wp\/v2\/product"}],"about":[{"href":"https:\/\/shop.kustom.ch\/en\/wp-json\/wp\/v2\/types\/product"}],"wp:featuredmedia":[{"embeddable":true,"href":"https:\/\/shop.kustom.ch\/en\/wp-json\/wp\/v2\/media\/665844"}],"wp:attachment":[{"href":"https:\/\/shop.kustom.ch\/en\/wp-json\/wp\/v2\/media?parent=665819"}],"wp:term":[{"taxonomy":"product_brand","embeddable":true,"href":"https:\/\/shop.kustom.ch\/en\/wp-json\/wp\/v2\/product_brand?post=665819"},{"taxonomy":"product_cat","embeddable":true,"href":"https:\/\/shop.kustom.ch\/en\/wp-json\/wp\/v2\/product_cat?post=665819"},{"taxonomy":"product_tag","embeddable":true,"href":"https:\/\/shop.kustom.ch\/en\/wp-json\/wp\/v2\/product_tag?post=665819"}],"curies":[{"name":"wp","href":"https:\/\/api.w.org\/{rel}","templated":true}]}}