{"id":665598,"date":"2025-04-29T19:25:03","date_gmt":"2025-04-29T18:25:03","guid":{"rendered":"https:\/\/shop.kustom.ch\/?post_type=product&#038;p=665598"},"modified":"2026-03-31T08:34:10","modified_gmt":"2026-03-31T07:34:10","slug":"handwerker-arbeitshose-mit-stretch-7","status":"publish","type":"product","link":"https:\/\/shop.kustom.ch\/en\/product\/handwerker-arbeitshose-mit-stretch-7\/","title":{"rendered":"Craftsman work trousers with stretch"},"content":{"rendered":"<p>Comfortable, lightweight craftsman work trousers made of thinner 2-way stretch material and with 4-way stretch inserts that provide ultimate comfort where it is needed most. The trousers have lined knee protector pockets with CORDURA\u00ae stretch, practical pockets with reinforcement, ruler pocket, front pockets and a loop for hammer holders on the left and right sides.<\/p>\n<p>FUNCTIONALITY: 2-way stretch. 4-way stretch. Particularly ergonomically shaped trouser legs. Regular fit. DETAILS: Detachable ID card pocket. Metal buttons. Knife holder with button. Plastic zip at the crotch. Wide loop at the back. Two loops on the sides with a button for hammer holder. D-ring on the waistband. POCKETS: Leg pocket with bellows and flap with Velcro fastening and internal mesh mobile phone pocket. Leg pocket with pencil pocket. Back pockets reinforced with bellows. External knee pad pockets. Side pockets. Reinforced folding rule pocket with knife holder and pen pocket. REINFORCEMENT: CORDURA\u00ae stretch-reinforced knee pad pockets. REFLEX: Reflective details on the leg. CLOSURE: Leg ends with reinforcement at the back. WASHING INSTRUCTIONS: 40\u00b0 C. Do not bleach. Do not iron. Do not dry clean. Do not spin-dry. MAIN PROPERTIES: Electrician. Gardener. Handyman. Warehouse worker. Tinsmith. EN 14004. FABRIC: Men's. blue. grey. black. Knee pad pockets. stretch. Craft. Stretch. USP: 2-way stretch. Knee pad pockets made from reinforced CORDURA\u00ae stretch. Reflective details. Stretch inserts. Pre-shaped legs. CERTIFICATION: EN 14404:2004+A1:2010 together with knee pads 4027, 4057, 4058 and 4032<\/p>\n<p>63% polyester, 33% cotton, 4% Elastofin, twill, stretch, 260 g\/m\u00b2<\/p>","protected":false},"excerpt":{"rendered":"<p>Bequeme, leichte Handwerker Arbeitshose aus d\u00fcnnerem 2-Wege-Stretch-Material und mit Eins\u00e4tzen aus 4-Wege-Stretch, die ultimativen Komfort dort bieten, wo er am meisten ben\u00f6tigt wird. Die Hose verf\u00fcgt \u00fcber gef\u00fctterte Knieprotektorentaschen mit CORDURA\u00ae-Stretch, praktische Taschen mit Verst\u00e4rkung, Zollstocktasche, Fronttaschen und je eine Schlaufe f\u00fcr Hammerhalter auf der linken und rechten Seite. FUNKTIONALIT\u00c4T: 2-Wege-Stretch. 4-Wege-Stretch. Besonders ergonomisch geformte [&hellip;]<\/p>\n","protected":false},"featured_media":665608,"template":"","meta":[],"product_brand":[],"product_cat":[4185],"product_tag":[],"class_list":{"0":"post-665598","1":"product","2":"type-product","3":"status-publish","4":"has-post-thumbnail","6":"product_cat-hosen","7":"pa_brand-blaklaeder","8":"pa_brand-type-workwear","9":"pa_filter-color-blau","10":"pa_filter-color-grau","11":"pa_filter-color-gruen","12":"pa_filter-color-schwarz","14":"first","15":"instock","16":"sale","17":"taxable","18":"shipping-taxable","19":"purchasable","20":"product-type-variable","21":"add-to-wishlist-before_image"},"exclude_global_add_ons":[],"addons":[],"acf":[],"_links":{"self":[{"href":"https:\/\/shop.kustom.ch\/en\/wp-json\/wp\/v2\/product\/665598"}],"collection":[{"href":"https:\/\/shop.kustom.ch\/en\/wp-json\/wp\/v2\/product"}],"about":[{"href":"https:\/\/shop.kustom.ch\/en\/wp-json\/wp\/v2\/types\/product"}],"wp:featuredmedia":[{"embeddable":true,"href":"https:\/\/shop.kustom.ch\/en\/wp-json\/wp\/v2\/media\/665608"}],"wp:attachment":[{"href":"https:\/\/shop.kustom.ch\/en\/wp-json\/wp\/v2\/media?parent=665598"}],"wp:term":[{"taxonomy":"product_brand","embeddable":true,"href":"https:\/\/shop.kustom.ch\/en\/wp-json\/wp\/v2\/product_brand?post=665598"},{"taxonomy":"product_cat","embeddable":true,"href":"https:\/\/shop.kustom.ch\/en\/wp-json\/wp\/v2\/product_cat?post=665598"},{"taxonomy":"product_tag","embeddable":true,"href":"https:\/\/shop.kustom.ch\/en\/wp-json\/wp\/v2\/product_tag?post=665598"}],"curies":[{"name":"wp","href":"https:\/\/api.w.org\/{rel}","templated":true}]}}