{"id":665219,"date":"2025-04-29T19:22:13","date_gmt":"2025-04-29T18:22:13","guid":{"rendered":"https:\/\/shop.kustom.ch\/?post_type=product&#038;p=665219"},"modified":"2026-03-31T08:57:19","modified_gmt":"2026-03-31T07:57:19","slug":"uv-schutz-high-vis-poloshirt","status":"publish","type":"product","link":"https:\/\/shop.kustom.ch\/en\/product\/uv-schutz-high-vis-poloshirt\/","title":{"rendered":"UV protection high vis polo shirt"},"content":{"rendered":"<p>If you work outdoors, you know how important it is to have good clothing that works even in high temperatures. This functional high-vis polo shirt features segmented reflectors and strategically placed mesh inserts for optimised moisture transport.<\/p>\n<p>FUNCTIONALITY: Material with UV protection. Mesh inserts in the main sweat zones. DETAILS: Print - Bl\u00e5kl\u00e4der. Neckline with buttons. Ribbed collar. Strategically placed seams for better comfort under the arm. Inserts for optimised moisture transport. FRONT CLOSURE: Wind protection with a button fastening. REFLEX: 50 mm wide transfer reflective stripes. WASHING INSTRUCTIONS: Number of washes: 50. 40\u00b0 C. Do not bleach. Do not iron. Do not dry clean. Do not spin-dry. MAIN PROPERTIES: Driver. Gardener. Craftsmen. Road and construction workers. EN 13758-2. EN ISO 20471. RIS-3279-TOM . FABRIC: Men. blue. High-vis yellow. High-vis red. black. UV protection. High-visibility protection. CERTIFICATION: EN 13758-2 UPF 40 +. EN ISO 20471, class 2. class 2 and 3 garments in orange comply with RIS-3279-TOM Issue 2. certification group B<\/p>\n<p>100% polyester, birdseye knit, moisture transport, UV protection, 130g\/m\u00b2<\/p>","protected":false},"excerpt":{"rendered":"<p>Wenn Sie im Freien arbeiten, wissen Sie, wie wichtig gute Kleidung ist, die auch bei hohen Temperaturen funktioniert. Dieses funktionelle High Vis Poloshirt verf\u00fcgt \u00fcber segmentierte Reflektoren und strategisch platzierte Mesh-Eins\u00e4tze f\u00fcr optimierten Feuchtigkeitstransport. FUNKTIONALIT\u00c4T: Material mit UV-Schutz. Mesh-Eins\u00e4tze an den wichtigsten Schweisszonen. DETAILS: Aufdruck &#8211; Bl\u00e5kl\u00e4der. Halsausschnitt mit Kn\u00f6pfen. Gerippter Kragen. Strategisch platzierte N\u00e4hte [&hellip;]<\/p>\n","protected":false},"featured_media":665256,"template":"","meta":[],"product_brand":[],"product_cat":[4193],"product_tag":[],"class_list":{"0":"post-665219","1":"product","2":"type-product","3":"status-publish","4":"has-post-thumbnail","6":"product_cat-polos","7":"pa_brand-blaklaeder","8":"pa_brand-type-workwear","9":"pa_filter-color-blau","10":"pa_filter-color-gelb","11":"pa_filter-color-orange","12":"pa_filter-color-rot","13":"pa_filter-color-schwarz","15":"first","16":"instock","17":"sale","18":"taxable","19":"shipping-taxable","20":"purchasable","21":"product-type-variable","22":"add-to-wishlist-before_image"},"exclude_global_add_ons":[],"addons":[],"acf":[],"_links":{"self":[{"href":"https:\/\/shop.kustom.ch\/en\/wp-json\/wp\/v2\/product\/665219"}],"collection":[{"href":"https:\/\/shop.kustom.ch\/en\/wp-json\/wp\/v2\/product"}],"about":[{"href":"https:\/\/shop.kustom.ch\/en\/wp-json\/wp\/v2\/types\/product"}],"wp:featuredmedia":[{"embeddable":true,"href":"https:\/\/shop.kustom.ch\/en\/wp-json\/wp\/v2\/media\/665256"}],"wp:attachment":[{"href":"https:\/\/shop.kustom.ch\/en\/wp-json\/wp\/v2\/media?parent=665219"}],"wp:term":[{"taxonomy":"product_brand","embeddable":true,"href":"https:\/\/shop.kustom.ch\/en\/wp-json\/wp\/v2\/product_brand?post=665219"},{"taxonomy":"product_cat","embeddable":true,"href":"https:\/\/shop.kustom.ch\/en\/wp-json\/wp\/v2\/product_cat?post=665219"},{"taxonomy":"product_tag","embeddable":true,"href":"https:\/\/shop.kustom.ch\/en\/wp-json\/wp\/v2\/product_tag?post=665219"}],"curies":[{"name":"wp","href":"https:\/\/api.w.org\/{rel}","templated":true}]}}