{"id":665075,"date":"2025-04-29T19:20:45","date_gmt":"2025-04-29T18:20:45","guid":{"rendered":"https:\/\/shop.kustom.ch\/?post_type=product&#038;p=665075"},"modified":"2026-03-31T08:42:49","modified_gmt":"2026-03-31T07:42:49","slug":"storm-sicherheitsschuh","status":"publish","type":"product","link":"https:\/\/shop.kustom.ch\/en\/product\/storm-sicherheitsschuh\/","title":{"rendered":"STORM safety shoe"},"content":{"rendered":"<p>A waterproof and hard-wearing safety shoe made of robust textile upper material with reflective threads and a TPU-reinforced toe area. The shoe has a composite toe cap and a soft, flexible, puncture resistant midsole that can withstand the rigours of 3mm nails. The friction outsole made of nitrile rubber was developed to provide good grip even on snow and ice. The anatomically moulded insole is made of a soft PU material covered with a good moisture-absorbing textile surface. The membrane keeps you dry all day long and the Freelock system makes it easy to put on and take off. Ideal for outdoor work in construction, transport, maintenance, repair and operations. Women's last in sizes 35-39.<\/p>\n<p>FUNCTIONALITY: Antistatic properties. Breathable insole. Heel reinforcement. Freelock. Padded shaft edge. Heat-resistant outsole. Oil-repellent outsole. Reflective details. Waterproof. Reinforced toe. UPPER: Fabric material. FIT: Wide. THROUGHPANEL MATERIAL: Textile PS. LINING: Polyester. INSOLE MATERIAL: Textile, soft PU. FABRIC: Unisex. High-Vis Yellow. black. waterproof. SYMBOLS: Freelock. Fuel resistant. HRO 300. ladder grip. Nailpen textile PS. Scuff cap abrasion. Slip resistant. Toecap Composite. Water resistant. Wide last. USP: Anatomically moulded soft PU insole. Antistatic properties. Breathable insole. Freelock solution. Heat-resistant outsole. Completely waterproof. Oil-resistant outsole. Reflective details. Textile penetration protection in PS standard. Composite toe cap. Wide fit. TOE PROTECTION CAP MATERIAL: Composite. CERTIFICATION: EN ISO 20345:2022 S7S FO SR HRO SC LG<\/p>","protected":false},"excerpt":{"rendered":"<p>Ein wasserdichter und strapazierf\u00e4higer Sicherheitsschuh aus robustem Textilobermaterial mit reflektierenden F\u00e4den und einem TPU-verst\u00e4rkten Zehenbereich. Der Schuh hat eine Komposit-Zehenschutzkappe und eine weiche, flexible, durchtrittsichere Zwischensohle, die den harten Anforderungen von 3 mm-N\u00e4geln standh\u00e4lt. Die Reibungslaufsohle aus Nitrilgummi wurde entwickelt, um auch auf Schnee und Eis einen guten Halt zu bieten. Die anatomisch geformte Einlegesohle [&hellip;]<\/p>\n","protected":false},"featured_media":665106,"template":"","meta":[],"product_brand":[],"product_cat":[4197,4209],"product_tag":[],"class_list":{"0":"post-665075","1":"product","2":"type-product","3":"status-publish","4":"has-post-thumbnail","6":"product_cat-schuhe-sandalen","7":"product_cat-zubehoer","8":"pa_brand-blaklaeder","9":"pa_brand-type-workwear","10":"pa_filter-color-gelb","12":"first","13":"instock","14":"sale","15":"taxable","16":"shipping-taxable","17":"purchasable","18":"product-type-variable","19":"add-to-wishlist-before_image"},"exclude_global_add_ons":[],"addons":[],"acf":[],"_links":{"self":[{"href":"https:\/\/shop.kustom.ch\/en\/wp-json\/wp\/v2\/product\/665075"}],"collection":[{"href":"https:\/\/shop.kustom.ch\/en\/wp-json\/wp\/v2\/product"}],"about":[{"href":"https:\/\/shop.kustom.ch\/en\/wp-json\/wp\/v2\/types\/product"}],"wp:featuredmedia":[{"embeddable":true,"href":"https:\/\/shop.kustom.ch\/en\/wp-json\/wp\/v2\/media\/665106"}],"wp:attachment":[{"href":"https:\/\/shop.kustom.ch\/en\/wp-json\/wp\/v2\/media?parent=665075"}],"wp:term":[{"taxonomy":"product_brand","embeddable":true,"href":"https:\/\/shop.kustom.ch\/en\/wp-json\/wp\/v2\/product_brand?post=665075"},{"taxonomy":"product_cat","embeddable":true,"href":"https:\/\/shop.kustom.ch\/en\/wp-json\/wp\/v2\/product_cat?post=665075"},{"taxonomy":"product_tag","embeddable":true,"href":"https:\/\/shop.kustom.ch\/en\/wp-json\/wp\/v2\/product_tag?post=665075"}],"curies":[{"name":"wp","href":"https:\/\/api.w.org\/{rel}","templated":true}]}}