{"id":665074,"date":"2025-04-29T19:20:45","date_gmt":"2025-04-29T18:20:45","guid":{"rendered":"https:\/\/shop.kustom.ch\/?post_type=product&#038;p=665074"},"modified":"2026-03-31T08:41:55","modified_gmt":"2026-03-31T07:41:55","slug":"cradle-sicherheitsstiefel","status":"publish","type":"product","link":"https:\/\/shop.kustom.ch\/en\/product\/cradle-sicherheitsstiefel\/","title":{"rendered":"Cradle safety boots"},"content":{"rendered":"<p>A supple, metal-free safety boot with a textile upper. The protective toe cap is made of composite and reinforced with KPU. The penetration protection is made of a textile material and the outsole is made of rubber. The insole is anatomically shaped for optimum comfort and is made from a soft PU material with a moisture-absorbing textile surface. This shoe is ideal for activities in the warehouse, service, logistics and industrial sectors. Women's last in sizes 35-39.<\/p>\n<p>FUNCTIONALITY: Antistatic properties. Breathable insole. ESD tested (approved with IEC 61340-5-1). Padded shaft edge. Metal-free. Oil-repellent outsole. Toe reinforcement. UPPER: Fabric material. FIT: Wide. THROUGHPANEL MATERIAL: Textile PL. LINING: Polyester. INSOLE MATERIAL: Textile, soft PU. FABRIC: Unisex. grey. black. ESD. Metal free. SYMBOLS: Fuel resistant. Metal free. Nailpen textile PL. Scuff cap abrasion. Slip resistant. Toecap Composite. Wide last. USP: Anatomically moulded soft PU insole. Antistatic properties. Breathable insole. Breathable textile upper. ESD approval. Oil-resistant outsole. Textile penetration protection in PL standard. Composite toe cap. Wide fit. TOE PROTECTION CAP MATERIAL: Composite. CERTIFICATION: EN ISO 20345:2011 S1 P SRC ESD<\/p>","protected":false},"excerpt":{"rendered":"<p>Ein geschmeidiger, metallfreier Sicherheitsstiefel mit Obermaterial aus Textil. Die Zehenschutzkappe ist aus Komposit gefertigt und mit KPU verst\u00e4rkt. Der Durchtrittschutz besteht aus einem textilen Material und die Laufsohle aus Gummi. Die f\u00fcr besten Komfort anatomisch geformte Innensohle besteht aus einem weichen PU-Material und hat eine feuchtigkeitsabsorbierende Textiloberfl\u00e4che. Dieser Schuh ist ideal f\u00fcr T\u00e4tigkeiten in den [&hellip;]<\/p>\n","protected":false},"featured_media":665091,"template":"","meta":[],"product_brand":[],"product_cat":[4197,4209],"product_tag":[],"class_list":{"0":"post-665074","1":"product","2":"type-product","3":"status-publish","4":"has-post-thumbnail","6":"product_cat-schuhe-sandalen","7":"product_cat-zubehoer","8":"pa_brand-blaklaeder","9":"pa_brand-type-workwear","10":"pa_filter-color-grau","11":"pa_filter-color-schwarz","13":"first","14":"instock","15":"sale","16":"taxable","17":"shipping-taxable","18":"purchasable","19":"product-type-variable","20":"add-to-wishlist-before_image"},"exclude_global_add_ons":[],"addons":[],"acf":[],"_links":{"self":[{"href":"https:\/\/shop.kustom.ch\/en\/wp-json\/wp\/v2\/product\/665074"}],"collection":[{"href":"https:\/\/shop.kustom.ch\/en\/wp-json\/wp\/v2\/product"}],"about":[{"href":"https:\/\/shop.kustom.ch\/en\/wp-json\/wp\/v2\/types\/product"}],"wp:featuredmedia":[{"embeddable":true,"href":"https:\/\/shop.kustom.ch\/en\/wp-json\/wp\/v2\/media\/665091"}],"wp:attachment":[{"href":"https:\/\/shop.kustom.ch\/en\/wp-json\/wp\/v2\/media?parent=665074"}],"wp:term":[{"taxonomy":"product_brand","embeddable":true,"href":"https:\/\/shop.kustom.ch\/en\/wp-json\/wp\/v2\/product_brand?post=665074"},{"taxonomy":"product_cat","embeddable":true,"href":"https:\/\/shop.kustom.ch\/en\/wp-json\/wp\/v2\/product_cat?post=665074"},{"taxonomy":"product_tag","embeddable":true,"href":"https:\/\/shop.kustom.ch\/en\/wp-json\/wp\/v2\/product_tag?post=665074"}],"curies":[{"name":"wp","href":"https:\/\/api.w.org\/{rel}","templated":true}]}}