{"id":664986,"date":"2025-04-29T19:19:41","date_gmt":"2025-04-29T18:19:41","guid":{"rendered":"https:\/\/shop.kustom.ch\/?post_type=product&#038;p=664986"},"modified":"2026-03-31T08:40:24","modified_gmt":"2026-03-31T07:40:24","slug":"high-vis-helm-kapuze","status":"publish","type":"product","link":"https:\/\/shop.kustom.ch\/en\/product\/high-vis-helm-kapuze\/","title":{"rendered":"High Vis helmet hood"},"content":{"rendered":"<p>High vis hood made of windproof and waterproof material that can be worn over a helmet. Equipped with breathable and taped seams. Suitable for jackets 4462, 4828, 4827 and 4780.<\/p>\n<p>FUNCTIONALITY: Windproof &amp; waterproof material with breathability, taped seams. REFLEX: Reflective details on the hood. WASHING INSTRUCTIONS: 40\u00b0 C. Do not bleach. Do not iron. Do not dry clean. Do not spin-dry. SIZE RATING: Size S fits jacket size XS, S, M. Size L fits jacket size L, XL. Size XXL fits jacket size XXL, 3XL. Size 4XL fits jacket size 4XL and up. MAIN FEATURES: Men. SYMBOLS: Breathable. Taped seams. Water proof 3. windproof<\/p>\n<p>100% polyester, Oxford, coated, waterproof 15,000 mm, windproof, breathable Ret 8.5, 200g\/m\u00b2<\/p>","protected":false},"excerpt":{"rendered":"<p>High Vis Kapuze aus wind- und wasserdichtem Material, die \u00fcber dem Helm getragen werden kann. Ausgestattet mit atmungsaktiven und versiegelten N\u00e4hten. Passend f\u00fcr die Jacken 4462, 4828, 4827 und 4780. FUNKTIONALIT\u00c4T: Wind- &amp; wasserdichtes Material mit Atmungsaktivit\u00e4t, verschweisste N\u00e4hte. REFLEX: Reflektierende Details an der Kapuze. WASCHANLEITUNG: 40\u00b0 C. Nicht bleichen. Nicht b\u00fcgeln. Nicht chemisch reinigen. [&hellip;]<\/p>\n","protected":false},"featured_media":665037,"template":"","meta":[],"product_brand":[],"product_cat":[4209],"product_tag":[],"class_list":{"0":"post-664986","1":"product","2":"type-product","3":"status-publish","4":"has-post-thumbnail","6":"product_cat-zubehoer","7":"pa_brand-blaklaeder","8":"pa_brand-type-workwear","9":"pa_filter-color-gelb","10":"pa_filter-color-orange","11":"pa_filter-color-rot","13":"first","14":"instock","15":"sale","16":"taxable","17":"shipping-taxable","18":"purchasable","19":"product-type-variable","20":"add-to-wishlist-before_image"},"exclude_global_add_ons":[],"addons":[],"acf":[],"_links":{"self":[{"href":"https:\/\/shop.kustom.ch\/en\/wp-json\/wp\/v2\/product\/664986"}],"collection":[{"href":"https:\/\/shop.kustom.ch\/en\/wp-json\/wp\/v2\/product"}],"about":[{"href":"https:\/\/shop.kustom.ch\/en\/wp-json\/wp\/v2\/types\/product"}],"wp:featuredmedia":[{"embeddable":true,"href":"https:\/\/shop.kustom.ch\/en\/wp-json\/wp\/v2\/media\/665037"}],"wp:attachment":[{"href":"https:\/\/shop.kustom.ch\/en\/wp-json\/wp\/v2\/media?parent=664986"}],"wp:term":[{"taxonomy":"product_brand","embeddable":true,"href":"https:\/\/shop.kustom.ch\/en\/wp-json\/wp\/v2\/product_brand?post=664986"},{"taxonomy":"product_cat","embeddable":true,"href":"https:\/\/shop.kustom.ch\/en\/wp-json\/wp\/v2\/product_cat?post=664986"},{"taxonomy":"product_tag","embeddable":true,"href":"https:\/\/shop.kustom.ch\/en\/wp-json\/wp\/v2\/product_tag?post=664986"}],"curies":[{"name":"wp","href":"https:\/\/api.w.org\/{rel}","templated":true}]}}