{"id":664984,"date":"2025-04-29T19:19:41","date_gmt":"2025-04-29T18:19:41","guid":{"rendered":"https:\/\/shop.kustom.ch\/?post_type=product&#038;p=664984"},"modified":"2026-03-31T08:48:46","modified_gmt":"2026-03-31T07:48:46","slug":"multinorm-hemd-3","status":"publish","type":"product","link":"https:\/\/shop.kustom.ch\/en\/product\/multinorm-hemd-3\/","title":{"rendered":"Multinorm shirt"},"content":{"rendered":"<p>The flame-retardant shirt with increased visibility has a yellow insert without reflectors, which also offers limited protection against chemical splashes. It is ideal for service and maintenance work in the mechanical industry. The shirt without metal parts offers clever adjustment options as well as protective cuffs, plastic press studs and bellows pockets on the chest for extra space. Certified to EN 1149-5, EN 13034, EN 61482-2, APC 1 and EN ISO 11612, ATPV: 8.1 cal\/cm\u00b2, ELIM: 6.3 cal\/cm\u00b2.<\/p>\n<p>DETAILS: External certification labels. Plastic press studs. Loop above the breast pocket for pens. Shoulder sections in contrasting colour. POCKETS: Chest pockets with bellows and flap. CLOSURE: Adjustable sleeve hem with concealed plastic press studs. Extended back. WASHING INSTRUCTIONS: 60\u00b0 C. Do not bleach. Do not iron. Do not dry clean. Tumble dry - low. MAIN PROPERTIES: Electrician. Handyman. Service workers. Road and construction workers. EN 1149-5. EN 13034. EN 61482-2. EN ISO 11612. FABRIC: Men. blue. High-vis yellow. CERTIFICATION: EN 1149-5. EN 13034 PB (6). ATPV - 8.1 cal\/cm\u00b2. ELIM - 6.3 cal\/cm\u00b2. EN 61482-2, APC 1. EN ISO 11612 A1, A2, B1, C1<\/p>\n<p>50% modacrylic, 32% cotton, 10% aramid, 5% polyamide, 3% antistatic, ripstop, flame-retardant, antistatic, 200g\/m\u00b2<\/p>","protected":false},"excerpt":{"rendered":"<p>Das schwer entflammbare Hemd mit erh\u00f6hter Sichtbarkeit verf\u00fcgt \u00fcber einen gelben Einsatz ohne Reflektoren, der auch begrenzten Schutz gegen Chemikalienspritzer bietet. Es ist ideal f\u00fcr Service- und Wartungsarbeiten in der mechanischen Industrie. Das Hemd ohne Metallteile bietet clevere Verstellm\u00f6glichkeiten sowie Schutzmanschetten, Kunststoff-Druckkn\u00f6pfe und Balgtaschen auf der Brust f\u00fcr zus\u00e4tzlichen Platz. Zertifiziert nach EN 1149-5, EN [&hellip;]<\/p>\n","protected":false},"featured_media":665009,"template":"","meta":[],"product_brand":[],"product_cat":[9874],"product_tag":[],"class_list":{"0":"post-664984","1":"product","2":"type-product","3":"status-publish","4":"has-post-thumbnail","6":"product_cat-hemden","7":"pa_brand-blaklaeder","8":"pa_brand-type-workwear","9":"pa_filter-color-blau","10":"pa_filter-color-gelb","12":"first","13":"instock","14":"sale","15":"taxable","16":"shipping-taxable","17":"purchasable","18":"product-type-variable","19":"add-to-wishlist-before_image"},"exclude_global_add_ons":[],"addons":[],"acf":[],"_links":{"self":[{"href":"https:\/\/shop.kustom.ch\/en\/wp-json\/wp\/v2\/product\/664984"}],"collection":[{"href":"https:\/\/shop.kustom.ch\/en\/wp-json\/wp\/v2\/product"}],"about":[{"href":"https:\/\/shop.kustom.ch\/en\/wp-json\/wp\/v2\/types\/product"}],"wp:featuredmedia":[{"embeddable":true,"href":"https:\/\/shop.kustom.ch\/en\/wp-json\/wp\/v2\/media\/665009"}],"wp:attachment":[{"href":"https:\/\/shop.kustom.ch\/en\/wp-json\/wp\/v2\/media?parent=664984"}],"wp:term":[{"taxonomy":"product_brand","embeddable":true,"href":"https:\/\/shop.kustom.ch\/en\/wp-json\/wp\/v2\/product_brand?post=664984"},{"taxonomy":"product_cat","embeddable":true,"href":"https:\/\/shop.kustom.ch\/en\/wp-json\/wp\/v2\/product_cat?post=664984"},{"taxonomy":"product_tag","embeddable":true,"href":"https:\/\/shop.kustom.ch\/en\/wp-json\/wp\/v2\/product_tag?post=664984"}],"curies":[{"name":"wp","href":"https:\/\/api.w.org\/{rel}","templated":true}]}}