{"id":664983,"date":"2025-04-29T19:19:41","date_gmt":"2025-04-29T18:19:41","guid":{"rendered":"https:\/\/shop.kustom.ch\/?post_type=product&#038;p=664983"},"modified":"2026-03-31T08:20:38","modified_gmt":"2026-03-31T07:20:38","slug":"piratenhose-mit-stretch","status":"publish","type":"product","link":"https:\/\/shop.kustom.ch\/en\/product\/piratenhose-mit-stretch\/","title":{"rendered":"Pirate trousers with stretch"},"content":{"rendered":"<p>Modern pirate trousers for service professions. Made from lightweight but durable material with quick-drying properties - making these trousers perfect for working indoors or outdoors in warmer weather. The model has a slim fit and pre-shaped knees for greater comfort. For optimum freedom of movement, we have placed stretch inserts in carefully selected areas, such as the seat, knees and crotch. The trousers have a pen and knife pocket that is suitable for left or right-handed users and an internal mesh mobile phone pocket. Available as ladies' model 7129.<\/p>\n<p>FUNCTIONALITY: Stretch inserts in the crotch, knees and seat. Particularly ergonomically shaped trouser legs. Regular fit. DETAILS: Rubber-coated metal button. Plastic zip at the crotch. D-ring on the waistband. POCKETS: Leg pockets with bellows, zip, pen and knife pocket. Back pockets. Mobile phone pocket inside. Side pockets. WASHING INSTRUCTIONS: 40\u00b0 C. Iron - low. Do not bleach. Do not dry clean. Do not spin. MAIN PROPERTIES: Driver. Garden labourer. Warehouse worker. Cleaner. Service employee. Available for men and women. Gents. FABRIC: Available for men and women. Men. black. Lightweight. Stretch. Industry \/ Service. Stretch. Transport. USP: Stretch inserts. Pre-shaped legs<\/p>\n<p>65% polyester, 35% cotton, finely woven, 166g\/m\u00b2<\/p>","protected":false},"excerpt":{"rendered":"<p>Moderne Piratenhose f\u00fcr Dienstleistungsberufe. Hergestellt aus leichtem, aber strapazierf\u00e4higem Material mit schnelltrocknenden Eigenschaften &#8211; damit ist die Hose perfekt f\u00fcr die Arbeit drinnen oder draussen bei w\u00e4rmerem Wetter. Das Modell hat eine schmalere Passform und vorgeformte Knie f\u00fcr mehr Komfort. F\u00fcr optimale Bewegungsfreiheit haben wir Stretch-Eins\u00e4tze an sorgf\u00e4ltig ausgew\u00e4hlten Stellen platziert, wie zum Beispiel am [&hellip;]<\/p>\n","protected":false},"featured_media":664997,"template":"","meta":[],"product_brand":[],"product_cat":[4198],"product_tag":[],"class_list":{"0":"post-664983","1":"product","2":"type-product","3":"status-publish","4":"has-post-thumbnail","6":"product_cat-shorts","7":"pa_brand-blaklaeder","8":"pa_brand-type-workwear","9":"pa_filter-color-schwarz","11":"first","12":"instock","13":"sale","14":"taxable","15":"shipping-taxable","16":"purchasable","17":"product-type-variable","18":"add-to-wishlist-before_image"},"exclude_global_add_ons":[],"addons":[],"acf":[],"_links":{"self":[{"href":"https:\/\/shop.kustom.ch\/en\/wp-json\/wp\/v2\/product\/664983"}],"collection":[{"href":"https:\/\/shop.kustom.ch\/en\/wp-json\/wp\/v2\/product"}],"about":[{"href":"https:\/\/shop.kustom.ch\/en\/wp-json\/wp\/v2\/types\/product"}],"wp:featuredmedia":[{"embeddable":true,"href":"https:\/\/shop.kustom.ch\/en\/wp-json\/wp\/v2\/media\/664997"}],"wp:attachment":[{"href":"https:\/\/shop.kustom.ch\/en\/wp-json\/wp\/v2\/media?parent=664983"}],"wp:term":[{"taxonomy":"product_brand","embeddable":true,"href":"https:\/\/shop.kustom.ch\/en\/wp-json\/wp\/v2\/product_brand?post=664983"},{"taxonomy":"product_cat","embeddable":true,"href":"https:\/\/shop.kustom.ch\/en\/wp-json\/wp\/v2\/product_cat?post=664983"},{"taxonomy":"product_tag","embeddable":true,"href":"https:\/\/shop.kustom.ch\/en\/wp-json\/wp\/v2\/product_tag?post=664983"}],"curies":[{"name":"wp","href":"https:\/\/api.w.org\/{rel}","templated":true}]}}