{"id":664717,"date":"2025-04-29T19:18:05","date_gmt":"2025-04-29T18:18:05","guid":{"rendered":"https:\/\/shop.kustom.ch\/?post_type=product&#038;p=664717"},"modified":"2026-03-31T08:16:04","modified_gmt":"2026-03-31T07:16:04","slug":"high-vis-shorts-4-wege-stretch","status":"publish","type":"product","link":"https:\/\/shop.kustom.ch\/en\/product\/high-vis-shorts-4-wege-stretch\/","title":{"rendered":"High Vis Shorts 4-way stretch"},"content":{"rendered":"<p>High Vis shorts made from incredibly soft and flexible 4-way stretch that really does offer the ultimate in comfort and makes you visible when you need to be. The shorts have segmented reflectors, a high waistband at the back, detachable nail pockets and ventilation in the yoke. Also available as ladies model 7020.<\/p>\n<p>FUNCTIONALITY: 4-way stretch. Ventilation at the yoke. DETAILS: Detachable ID card pocket. D-ring. Metal buttons. Knife holder with button. Plastic zip at the crotch. Wide belt loops at the back and sides. Two loops on the sides with a button for hammer holder. D-ring on the waistband. High waistband at the back. POCKETS: Leg pocket with bellows and flap with Velcro fastening and internal mesh mobile phone pocket. Back pockets reinforced with bellows. Side pockets. Tool pockets - detachable and extra wide, with tool loops and additional tool compartments. Reinforced folding rule pocket with knife holder and pen pocket. REINFORCEMENT: CORDURA\u00ae -reinforced tool pockets, back pockets and ruler pocket. REFLEX: Reflective material around the legs. WASHING INSTRUCTIONS: Number of washes: 50. 60\u00b0 C. Do not bleach. Do not iron. Do not dry clean. Tumble dry - low. MAIN PROPERTIES: Craftsmen. Road and construction workers. Available for men and women. Men's. EN ISO 20471. FABRIC: Available for men and women. Men. blue. High-vis yellow. Detachable tool pockets. Stretch. Stretch. High visibility. USP: 4-way stretch. Detachable tool pockets. CORDURA\u00ae-reinforced tool pockets. Tight fit. Segmented reflective stripes. CERTIFICATION: EN ISO 20471, class 1, certification group V<\/p>\n<p>100% polyester, double woven, 4-way stretch, 260 g\/m\u00b2<\/p>","protected":false},"excerpt":{"rendered":"<p>High Vis Shorts aus unglaublich weichem und flexiblem 4-Wege-Stretch, der wirklich den ultimativen Komfort bietet und Sie sichtbar macht, wenn es am n\u00f6tigsten ist. Die Shorts haben segmentierte Reflektoren, einen hohen Bund am R\u00fccken, abnehmbare Nageltaschen und Bel\u00fcftung in der Passe. Auch als Damenmodell 7020 erh\u00e4ltlich. FUNKTIONALIT\u00c4T: 4-Wege-Stretch. L\u00fcftung an der Passe. DETAILS: Abnehmbare Ausweistasche. [&hellip;]<\/p>\n","protected":false},"featured_media":664740,"template":"","meta":[],"product_brand":[],"product_cat":[4198],"product_tag":[],"class_list":{"0":"post-664717","1":"product","2":"type-product","3":"status-publish","4":"has-post-thumbnail","6":"product_cat-shorts","7":"pa_brand-blaklaeder","8":"pa_brand-type-workwear","9":"pa_filter-color-blau","10":"pa_filter-color-gelb","11":"pa_filter-color-orange","12":"pa_filter-color-rot","13":"pa_filter-color-schwarz","15":"first","16":"instock","17":"sale","18":"taxable","19":"shipping-taxable","20":"purchasable","21":"product-type-variable","22":"add-to-wishlist-before_image"},"exclude_global_add_ons":[],"addons":[],"acf":[],"_links":{"self":[{"href":"https:\/\/shop.kustom.ch\/en\/wp-json\/wp\/v2\/product\/664717"}],"collection":[{"href":"https:\/\/shop.kustom.ch\/en\/wp-json\/wp\/v2\/product"}],"about":[{"href":"https:\/\/shop.kustom.ch\/en\/wp-json\/wp\/v2\/types\/product"}],"wp:featuredmedia":[{"embeddable":true,"href":"https:\/\/shop.kustom.ch\/en\/wp-json\/wp\/v2\/media\/664740"}],"wp:attachment":[{"href":"https:\/\/shop.kustom.ch\/en\/wp-json\/wp\/v2\/media?parent=664717"}],"wp:term":[{"taxonomy":"product_brand","embeddable":true,"href":"https:\/\/shop.kustom.ch\/en\/wp-json\/wp\/v2\/product_brand?post=664717"},{"taxonomy":"product_cat","embeddable":true,"href":"https:\/\/shop.kustom.ch\/en\/wp-json\/wp\/v2\/product_cat?post=664717"},{"taxonomy":"product_tag","embeddable":true,"href":"https:\/\/shop.kustom.ch\/en\/wp-json\/wp\/v2\/product_tag?post=664717"}],"curies":[{"name":"wp","href":"https:\/\/api.w.org\/{rel}","templated":true}]}}