{"id":664608,"date":"2025-04-29T19:17:05","date_gmt":"2025-04-29T18:17:05","guid":{"rendered":"https:\/\/shop.kustom.ch\/?post_type=product&#038;p=664608"},"modified":"2026-03-31T08:46:59","modified_gmt":"2026-03-31T07:46:59","slug":"handschuh-touch-nitril-getaucht","status":"publish","type":"product","link":"https:\/\/shop.kustom.ch\/en\/product\/handschuh-touch-nitril-getaucht\/","title":{"rendered":"Glove Touch Nitrile-dipped"},"content":{"rendered":"<p>A thin and flexible all-round glove that is anti-static and complies with ESD regulations, making it suitable for environments where the risk of static electricity must be eliminated. The glove with touch function has a nitrile coating that offers good grip and durability. Certified for contact heat level 1.<\/p>\n<p>FUNCTIONALITY: Chrome free. ESD. Touch function on fingers, thumb and palm. HAND: Palm coated with nitrile. PACKAGING: 12. price\/pair, sold in bundles of 12 pairs. 144 pairs\/box. FIELD OF APPLICATION: Oily environments. Dirty environments. All-round work. Assembly work. Precision work. DISPLAY: Colour coding on the cuff. Plastic hook. INNER MATERIAL: 18 gauge polyamide\/carbon\/elastane. COVER: A microporous coating that allows the hand to breathe. Microfoam surface. Palm covered. Nitrile. USP: Thin and comfortable design. ESD approval. Chrome free. Ideal for oily environments. Ideal for dirty environments. Micro-foam grip structure. Nitrile coating. Precision glove. Touch function in the palm area. Unlined. CERTIFICATION: EN 388 (4121X). EN 407 X1XXXX. PPE Cat 2<\/p>\n<p>Nitrile microfoam, 18 gauge, ESD, touch<\/p>","protected":false},"excerpt":{"rendered":"<p>Ein d\u00fcnner und flexibler Allround-Handschuh, der antistatisch ist und die ESD-Bestimmungen erf\u00fcllt, wodurch er in Umgebungen geeignet ist, in denen das Risiko von statischer Elektrizit\u00e4t eliminiert werden muss. Der Handschuh mit Touch-Funktion verf\u00fcgt \u00fcber eine Nitrilbeschichtung, die guten Halt und Langlebigkeit bietet. Zertifiziert f\u00fcr Kontaktw\u00e4rme Level 1. FUNKTIONALIT\u00c4T: Chrom frei. ESD. Touch-Funktion an Fingern, Daumen [&hellip;]<\/p>\n","protected":false},"featured_media":664647,"template":"","meta":[],"product_brand":[],"product_cat":[4180],"product_tag":[],"class_list":{"0":"post-664608","1":"product","2":"type-product","3":"status-publish","4":"has-post-thumbnail","6":"product_cat-handschuhe","7":"pa_brand-blaklaeder","8":"pa_brand-type-workwear","9":"pa_filter-color-blau","11":"first","12":"instock","13":"sale","14":"taxable","15":"shipping-taxable","16":"purchasable","17":"product-type-variable","18":"add-to-wishlist-before_image"},"exclude_global_add_ons":[],"addons":[],"acf":[],"_links":{"self":[{"href":"https:\/\/shop.kustom.ch\/en\/wp-json\/wp\/v2\/product\/664608"}],"collection":[{"href":"https:\/\/shop.kustom.ch\/en\/wp-json\/wp\/v2\/product"}],"about":[{"href":"https:\/\/shop.kustom.ch\/en\/wp-json\/wp\/v2\/types\/product"}],"wp:featuredmedia":[{"embeddable":true,"href":"https:\/\/shop.kustom.ch\/en\/wp-json\/wp\/v2\/media\/664647"}],"wp:attachment":[{"href":"https:\/\/shop.kustom.ch\/en\/wp-json\/wp\/v2\/media?parent=664608"}],"wp:term":[{"taxonomy":"product_brand","embeddable":true,"href":"https:\/\/shop.kustom.ch\/en\/wp-json\/wp\/v2\/product_brand?post=664608"},{"taxonomy":"product_cat","embeddable":true,"href":"https:\/\/shop.kustom.ch\/en\/wp-json\/wp\/v2\/product_cat?post=664608"},{"taxonomy":"product_tag","embeddable":true,"href":"https:\/\/shop.kustom.ch\/en\/wp-json\/wp\/v2\/product_tag?post=664608"}],"curies":[{"name":"wp","href":"https:\/\/api.w.org\/{rel}","templated":true}]}}