{"id":664607,"date":"2025-04-29T19:17:05","date_gmt":"2025-04-29T18:17:05","guid":{"rendered":"https:\/\/shop.kustom.ch\/?post_type=product&#038;p=664607"},"modified":"2026-03-31T08:46:46","modified_gmt":"2026-03-31T07:46:46","slug":"praezisionshandschuh-touch-pu-getaucht","status":"publish","type":"product","link":"https:\/\/shop.kustom.ch\/en\/product\/praezisionshandschuh-touch-pu-getaucht\/","title":{"rendered":"Precision glove Touch PU-dipped"},"content":{"rendered":"<p>Super-thin and flexible glove with excellent breathability. Perfect in environments that require finesse and maximum dexterity. The glove has a touch function and a thin PU coating that offers outstanding precision and a good grip.<\/p>\n<p>FUNCTIONALITY: Chrome free. Touch function on fingers, thumb and palm. PACKAGING: 12. price\/pair, sold in bundle of 12 pairs. 216 pairs\/box. APPLICATION: Dirty environments. Precision work. DISPLAY: Colour coding on the cuff. Plastic hook. INNER MATERIAL: 18 gauge. COVER: Soft surface. Palm covered. PU. USP: Thin and comfortable design. Chrome free. Smooth grip surface. Ideal for dirty environments. Precision glove. PU-coated. Very good dexterity. Touch function in the palm area. Unlined. CERTIFICATION: EN 388 (3121X). PPE Cat 2<\/p>\n<p>PU, 18 gauge, touch<\/p>","protected":false},"excerpt":{"rendered":"<p>Superd\u00fcnner und flexibler Handschuh mit ausgezeichneter Atmungsaktivit\u00e4t. Perfekt in Umgebungen, die Feinheit und h\u00f6chste Fingerfertigkeit erfordern. Der Handschuh verf\u00fcgt \u00fcber eine Touch-Funktion und eine d\u00fcnne PU-Beschichtung, die eine \u00fcberragende Pr\u00e4zision und guten Halt bietet. FUNKTIONALIT\u00c4T: Chrom frei. Touch-Funktion an Fingern, Daumen und Handfl\u00e4che . VERPACKUNG: 12. Preis\/Paar, verkauft im B\u00fcndel mit 12 Paar. 216 Paar\/Karton. [&hellip;]<\/p>\n","protected":false},"featured_media":664640,"template":"","meta":[],"product_brand":[],"product_cat":[4180],"product_tag":[],"class_list":{"0":"post-664607","1":"product","2":"type-product","3":"status-publish","4":"has-post-thumbnail","6":"product_cat-handschuhe","7":"pa_brand-blaklaeder","8":"pa_brand-type-workwear","9":"pa_filter-color-blau","11":"first","12":"instock","13":"sale","14":"taxable","15":"shipping-taxable","16":"purchasable","17":"product-type-variable","18":"add-to-wishlist-before_image"},"exclude_global_add_ons":[],"addons":[],"acf":[],"_links":{"self":[{"href":"https:\/\/shop.kustom.ch\/en\/wp-json\/wp\/v2\/product\/664607"}],"collection":[{"href":"https:\/\/shop.kustom.ch\/en\/wp-json\/wp\/v2\/product"}],"about":[{"href":"https:\/\/shop.kustom.ch\/en\/wp-json\/wp\/v2\/types\/product"}],"wp:featuredmedia":[{"embeddable":true,"href":"https:\/\/shop.kustom.ch\/en\/wp-json\/wp\/v2\/media\/664640"}],"wp:attachment":[{"href":"https:\/\/shop.kustom.ch\/en\/wp-json\/wp\/v2\/media?parent=664607"}],"wp:term":[{"taxonomy":"product_brand","embeddable":true,"href":"https:\/\/shop.kustom.ch\/en\/wp-json\/wp\/v2\/product_brand?post=664607"},{"taxonomy":"product_cat","embeddable":true,"href":"https:\/\/shop.kustom.ch\/en\/wp-json\/wp\/v2\/product_cat?post=664607"},{"taxonomy":"product_tag","embeddable":true,"href":"https:\/\/shop.kustom.ch\/en\/wp-json\/wp\/v2\/product_tag?post=664607"}],"curies":[{"name":"wp","href":"https:\/\/api.w.org\/{rel}","templated":true}]}}