{"id":664426,"date":"2025-04-29T19:15:47","date_gmt":"2025-04-29T18:15:47","guid":{"rendered":"https:\/\/shop.kustom.ch\/?post_type=product&#038;p=664426"},"modified":"2026-03-31T09:09:38","modified_gmt":"2026-03-31T08:09:38","slug":"maler-piratenhose-fuer-damen-mit-stretch","status":"publish","type":"product","link":"https:\/\/shop.kustom.ch\/en\/product\/maler-piratenhose-fuer-damen-mit-stretch\/","title":{"rendered":"Painter pirate trousers for women with stretch"},"content":{"rendered":"<p>Comfortable pirate trousers with tool pockets, external knee pad pockets and stretch inserts in carefully selected areas such as the crotch, knees and seat for greater mobility and comfort. The high cotton content makes the fabric highly absorbent. These pirate trousers in a women's fit have several functional pockets as well as CORDURA\u00ae-reinforced filler and nail pockets. Available as men's model 1912.<\/p>\n<p>FUNCTIONALITY: Stretch insert at the crotch, knees, hips and calf. Particularly ergonomically shaped trouser legs. Women's size. DETAILS: Metal button. Plastic zip at the crotch. D-ring on the waistband. Elasticated waist. POCKETS: Leg pocket especially for spatulas and brushes. Leg pockets with bellows, zip, pen and knife pocket. Back pockets. Inside mobile phone pocket. External knee pad pockets. Side pockets. Front tool pockets. REINFORCEMENT: CORDURA\u00ae stretch-reinforced knee pad pockets. CORDURA\u00ae reinforced tool pockets and ruler pocket. WASHING INSTRUCTIONS: 40\u00b0 C. Iron - low. Do not bleach. Do not dry clean. Do not spin-dry. MAIN PROPERTIES: Painters. Ladies. Available for men and women. EN 14004. FABRIC: Ladies. Available for men and women. black. white. Knee pad pockets. Stretch insert. Tool pockets. Painter. Stretch. USP: CORDURA\u00ae-reinforced tool pockets. Knee pad pockets made of reinforced CORDURA\u00ae stretch. Stretch inserts. Pre-shaped legs. CERTIFICATION: EN 14404:2004+A1:2010 together with knee pad 4027 and 4057<\/p>\n<p>100% Cotton, canvas, 270 g\/m\u00b2<\/p>","protected":false},"excerpt":{"rendered":"<p>Bequeme Piratenhose mit Werkzeugtaschen, externen Kniepolstertaschen und Stretcheins\u00e4tzen an sorgf\u00e4ltig ausgew\u00e4hlten Stellen wie Schritt, Knie und Ges\u00e4ss f\u00fcr mehr Beweglichkeit und Komfort. Der hohe Baumwollanteil verleiht dem Stoff eine hohe Saugf\u00e4higkeit. Diese Piratenhose in Damenpassform verf\u00fcgt \u00fcber mehrere funktionelle Taschen sowie CORDURA\u00ae-verst\u00e4rkte Spachtel- und Nageltaschen. Erh\u00e4ltlich als Herrenmodell 1912. FUNKTIONALIT\u00c4T: Stretch-Einsatz im Schritt, an den [&hellip;]<\/p>\n","protected":false},"featured_media":664446,"template":"","meta":[],"product_brand":[],"product_cat":[4198],"product_tag":[],"class_list":{"0":"post-664426","1":"product","2":"type-product","3":"status-publish","4":"has-post-thumbnail","6":"product_cat-shorts","7":"pa_brand-blaklaeder","8":"pa_brand-type-workwear","9":"pa_filter-color-schwarz","10":"pa_filter-color-weiss","12":"first","13":"instock","14":"sale","15":"taxable","16":"shipping-taxable","17":"purchasable","18":"product-type-variable","19":"add-to-wishlist-before_image"},"exclude_global_add_ons":[],"addons":[],"acf":[],"_links":{"self":[{"href":"https:\/\/shop.kustom.ch\/en\/wp-json\/wp\/v2\/product\/664426"}],"collection":[{"href":"https:\/\/shop.kustom.ch\/en\/wp-json\/wp\/v2\/product"}],"about":[{"href":"https:\/\/shop.kustom.ch\/en\/wp-json\/wp\/v2\/types\/product"}],"wp:featuredmedia":[{"embeddable":true,"href":"https:\/\/shop.kustom.ch\/en\/wp-json\/wp\/v2\/media\/664446"}],"wp:attachment":[{"href":"https:\/\/shop.kustom.ch\/en\/wp-json\/wp\/v2\/media?parent=664426"}],"wp:term":[{"taxonomy":"product_brand","embeddable":true,"href":"https:\/\/shop.kustom.ch\/en\/wp-json\/wp\/v2\/product_brand?post=664426"},{"taxonomy":"product_cat","embeddable":true,"href":"https:\/\/shop.kustom.ch\/en\/wp-json\/wp\/v2\/product_cat?post=664426"},{"taxonomy":"product_tag","embeddable":true,"href":"https:\/\/shop.kustom.ch\/en\/wp-json\/wp\/v2\/product_tag?post=664426"}],"curies":[{"name":"wp","href":"https:\/\/api.w.org\/{rel}","templated":true}]}}