{"id":664204,"date":"2025-04-29T19:14:09","date_gmt":"2025-04-29T18:14:09","guid":{"rendered":"https:\/\/shop.kustom.ch\/?post_type=product&#038;p=664204"},"modified":"2026-03-31T09:08:58","modified_gmt":"2026-03-31T08:08:58","slug":"damen-shorts-high-vis-4-wege-stretch","status":"publish","type":"product","link":"https:\/\/shop.kustom.ch\/en\/product\/damen-shorts-high-vis-4-wege-stretch\/","title":{"rendered":"Ladies shorts High Vis 4-way stretch"},"content":{"rendered":"<p>High vis shorts in a women's fit made from incredibly soft and flexible 4-way stretch that offers ultimate comfort and makes you visible when you need to be. The shorts have segmented reflectors, a high and adjustable waistband with Velcro fastening, detachable nail pockets and ventilation in the yoke. Also available as men's model 1120.<\/p>\n<p>FUNCTIONALITY: 4-way stretch. Regular fit. DETAILS: Detachable ID card pocket. D-ring. Hammer loop on the side. Metal buttons. Knife holder with button. Double crotch seam. Plastic zip at the crotch. Wide loop at the back. D-ring on the waistband. High waistband at the back. Adjustable waist. POCKETS: Leg pocket with bellows and flap with Velcro fastening and internal mesh mobile phone pocket. Back pockets reinforced with bellows. Side pockets. Tool pockets - extra wide, with tool loops and additional tool compartments. Reinforced folding rule pocket with knife holder and pen pocket. REINFORCEMENT: CORDURA\u00ae -reinforced tool pockets, back pockets and folding rule pocket. REFLEX: Reflective material around the legs. WASHING INSTRUCTIONS: Number of washes: 50. 60\u00b0 C. Do not bleach. Do not iron. Do not dry clean. Tumble dry - low. MAIN PROPERTIES: Craftsmen. Road and construction workers. Ladies. EN ISO 20471. FABRIC: Ladies. blue. High-vis yellow. Stretch. Tool pockets. Stretch. High visibility. USP: 4-way stretch. Detachable tool pockets. CORDURA\u00ae-reinforced tool pockets. Tight fit. Segmented reflective stripes. CERTIFICATION: EN ISO 20471, class 1, certification group V<\/p>\n<p>100% polyester, double woven, 4-way stretch, 260 g\/m\u00b2<\/p>","protected":false},"excerpt":{"rendered":"<p>High Vis Shorts in Damenpassform aus unglaublich weichem und flexiblem 4-Wege-Stretch, der ultimativen Komfort bietet und Sie sichtbar macht, wenn es am n\u00f6tigsten ist. Die Shorts haben segmentierte Reflektoren, einen hohen und verstellbaren Bund mit Klettverschluss, abnehmbare Nageltaschen und Bel\u00fcftung in der Passe. Auch als Herrenmodell 1120 erh\u00e4ltlich. FUNKTIONALIT\u00c4T: 4-Wege-Stretch. Normale Passform. DETAILS: Abnehmbare Ausweistasche. [&hellip;]<\/p>\n","protected":false},"featured_media":664259,"template":"","meta":[],"product_brand":[],"product_cat":[4198],"product_tag":[],"class_list":{"0":"post-664204","1":"product","2":"type-product","3":"status-publish","4":"has-post-thumbnail","6":"product_cat-shorts","7":"pa_brand-blaklaeder","8":"pa_brand-type-workwear","9":"pa_filter-color-blau","10":"pa_filter-color-gelb","11":"pa_filter-color-orange","12":"pa_filter-color-rot","13":"pa_filter-color-schwarz","15":"first","16":"instock","17":"sale","18":"taxable","19":"shipping-taxable","20":"purchasable","21":"product-type-variable","22":"add-to-wishlist-before_image"},"exclude_global_add_ons":[],"addons":[],"acf":[],"_links":{"self":[{"href":"https:\/\/shop.kustom.ch\/en\/wp-json\/wp\/v2\/product\/664204"}],"collection":[{"href":"https:\/\/shop.kustom.ch\/en\/wp-json\/wp\/v2\/product"}],"about":[{"href":"https:\/\/shop.kustom.ch\/en\/wp-json\/wp\/v2\/types\/product"}],"wp:featuredmedia":[{"embeddable":true,"href":"https:\/\/shop.kustom.ch\/en\/wp-json\/wp\/v2\/media\/664259"}],"wp:attachment":[{"href":"https:\/\/shop.kustom.ch\/en\/wp-json\/wp\/v2\/media?parent=664204"}],"wp:term":[{"taxonomy":"product_brand","embeddable":true,"href":"https:\/\/shop.kustom.ch\/en\/wp-json\/wp\/v2\/product_brand?post=664204"},{"taxonomy":"product_cat","embeddable":true,"href":"https:\/\/shop.kustom.ch\/en\/wp-json\/wp\/v2\/product_cat?post=664204"},{"taxonomy":"product_tag","embeddable":true,"href":"https:\/\/shop.kustom.ch\/en\/wp-json\/wp\/v2\/product_tag?post=664204"}],"curies":[{"name":"wp","href":"https:\/\/api.w.org\/{rel}","templated":true}]}}