{"id":664167,"date":"2025-04-29T19:13:38","date_gmt":"2025-04-29T18:13:38","guid":{"rendered":"https:\/\/shop.kustom.ch\/?post_type=product&#038;p=664167"},"modified":"2026-03-31T08:54:45","modified_gmt":"2026-03-31T07:54:45","slug":"damen-sweatshirt-high-vis-mit-reissverschluss","status":"publish","type":"product","link":"https:\/\/shop.kustom.ch\/en\/product\/damen-sweatshirt-high-vis-mit-reissverschluss\/","title":{"rendered":"Ladies High Vis sweatshirt with zip"},"content":{"rendered":"<p>Women's fit sweatshirt with kangaroo pocket and front zip. The sweatshirt is two-coloured with dark sections in areas prone to soiling. Also available as men's model 3558.<\/p>\n<p>FUNCTIONALITY: Dark coloured patches in areas exposed to dirt. Women's size. DETAILS: D-ring. High collar. Good surfaces for finishing. POCKETS: Kangaroo pocket, inside mobile phone pocket with zip. FRONT CLOSURE: Robust metal zip. REFLEX: 50 mm wide transfer reflective stripes. Reflective material on torso, sleeves and shoulders. CLOSURE: Cuffs with cuffs. Ribbed waistband. WASHING INSTRUCTIONS: Number of washes: 25. 60\u00b0 C. Do not bleach. Do not iron. Do not dry clean. Tumble dry - low. MAIN PROPERTIES: Driver. Craftsmen. Road and construction workers. Ladies. EN ISO 20471. RIS-3279-TOM . FABRIC: Ladies. blue. High-vis yellow. High-vis red. black. High visibility. CERTIFICATION: EN ISO 20471, XS-S class 1, M -&gt; class 2 . Class 2 and 3 garments in orange comply with RIS-3279-TOM Issue 2. certification group E-&gt;S<\/p>\n<p>100% polyester, jersey, brushed inside, 270 g\/m\u00b2<\/p>","protected":false},"excerpt":{"rendered":"<p>Sweatshirt in Damenpassform mit K\u00e4ngurutasche und Frontreissverschluss. Das Sweatshirt ist zweifarbig mit dunklen Abschnitten an schmutzanf\u00e4lligen Stellen. Auch als Herrenmodell 3558 erh\u00e4ltlich. FUNKTIONALIT\u00c4T: Dunkle Farbfelder in Schmutz ausgesetzten Bereichen. Damengr\u00f6sse. DETAILS: D-Ring. Hoher Kragen. Gute Oberfl\u00e4chen f\u00fcr Veredelung. TASCHEN: K\u00e4ngurutasche, Handytasche innen mit Reissverschluss. FRONTVERSCHLUSS: Robuster Reissverschluss aus Metall. REFLEX: 50 mm breite Transferreflexstreifen. Reflexmaterial [&hellip;]<\/p>\n","protected":false},"featured_media":664222,"template":"","meta":[],"product_brand":[],"product_cat":[4184],"product_tag":[],"class_list":{"0":"post-664167","1":"product","2":"type-product","3":"status-publish","4":"has-post-thumbnail","6":"product_cat-hoodies-pullover","7":"pa_brand-blaklaeder","8":"pa_brand-type-workwear","9":"pa_filter-color-blau","10":"pa_filter-color-gelb","11":"pa_filter-color-orange","12":"pa_filter-color-rot","13":"pa_filter-color-schwarz","15":"first","16":"instock","17":"sale","18":"taxable","19":"shipping-taxable","20":"purchasable","21":"product-type-variable","22":"add-to-wishlist-before_image"},"exclude_global_add_ons":[],"addons":[],"acf":[],"_links":{"self":[{"href":"https:\/\/shop.kustom.ch\/en\/wp-json\/wp\/v2\/product\/664167"}],"collection":[{"href":"https:\/\/shop.kustom.ch\/en\/wp-json\/wp\/v2\/product"}],"about":[{"href":"https:\/\/shop.kustom.ch\/en\/wp-json\/wp\/v2\/types\/product"}],"wp:featuredmedia":[{"embeddable":true,"href":"https:\/\/shop.kustom.ch\/en\/wp-json\/wp\/v2\/media\/664222"}],"wp:attachment":[{"href":"https:\/\/shop.kustom.ch\/en\/wp-json\/wp\/v2\/media?parent=664167"}],"wp:term":[{"taxonomy":"product_brand","embeddable":true,"href":"https:\/\/shop.kustom.ch\/en\/wp-json\/wp\/v2\/product_brand?post=664167"},{"taxonomy":"product_cat","embeddable":true,"href":"https:\/\/shop.kustom.ch\/en\/wp-json\/wp\/v2\/product_cat?post=664167"},{"taxonomy":"product_tag","embeddable":true,"href":"https:\/\/shop.kustom.ch\/en\/wp-json\/wp\/v2\/product_tag?post=664167"}],"curies":[{"name":"wp","href":"https:\/\/api.w.org\/{rel}","templated":true}]}}