{"id":664165,"date":"2025-04-29T19:13:38","date_gmt":"2025-04-29T18:13:38","guid":{"rendered":"https:\/\/shop.kustom.ch\/?post_type=product&#038;p=664165"},"modified":"2026-03-31T08:54:06","modified_gmt":"2026-03-31T07:54:06","slug":"flammfester-pullover","status":"publish","type":"product","link":"https:\/\/shop.kustom.ch\/en\/product\/flammfester-pullover\/","title":{"rendered":"Flameproof jumper"},"content":{"rendered":"<p>Fashionable, comfortable and very useful flame retardant jumper in inherent quality with side panels for an improved ergonomic fit. The jumper is embroidered to show that it is flame retardant, has a round neckline and a cleverly placed pocket on the side for a phone or other technical equipment. Certified according to EN 1149-5, EN 61482-2, APC 1, EN ISO 11612, EBT - 13 cal\/cm\u00b2, ELIM - 12 cal\/cm\u00b2.<\/p>\n<p>FUNCTIONALITY: Ergonomic fit for better mobility. DETAILS: External certification labels. Fireproof decorative embroidery. POCKETS: Mobile phone pocket on the right side. CLOSURE: Cuffs with cuffs. Ribbed waistband. WASHING INSTRUCTIONS: 60\u00b0 C. Do not bleach. Do not iron. Do not dry clean. Do not spin. MAIN PROPERTIES: Electrician. Craftsman. Service staff. Men's. EN 1149-5. EN 61482-2. EN ISO 11612. FABRIC: Men. blue. Flame retardant. CERTIFICATION: EN 1149-5. EBT - 13 cal\/cm\u00b2. ELIM - 12 cal\/cm\u00b2. EN 61482-2, APC 1. ISO 11612 A1, B1, C2<\/p>\n<p>60% modacrylic, 39% cotton, 1% antistatic fibre, terry knit brushed inside, flame-retardant, antistatic, 280g\/m\u00b2<\/p>","protected":false},"excerpt":{"rendered":"<p>Modischer, bequemer und sehr n\u00fctzlicher flammfester Pullover in inh\u00e4renter Qualit\u00e4t mit Seitenteilen f\u00fcr eine verbesserte ergonomische Passform. Der Pullover ist mit einer Stickerei versehen, die deutlich macht, dass er schwer entflammbar ist, hat einen Rundhalsausschnitt und eine clever platzierte Tasche an der Seite, in der ein Telefon oder andere technische Ger\u00e4te Platz finden. Zertifiziert nach [&hellip;]<\/p>\n","protected":false},"featured_media":664181,"template":"","meta":[],"product_brand":[],"product_cat":[4184],"product_tag":[],"class_list":{"0":"post-664165","1":"product","2":"type-product","3":"status-publish","4":"has-post-thumbnail","6":"product_cat-hoodies-pullover","7":"pa_brand-blaklaeder","8":"pa_brand-type-workwear","9":"pa_filter-color-blau","10":"pa_filter-color-schwarz","12":"first","13":"instock","14":"sale","15":"taxable","16":"shipping-taxable","17":"purchasable","18":"product-type-variable","19":"add-to-wishlist-before_image"},"exclude_global_add_ons":[],"addons":[],"acf":[],"_links":{"self":[{"href":"https:\/\/shop.kustom.ch\/en\/wp-json\/wp\/v2\/product\/664165"}],"collection":[{"href":"https:\/\/shop.kustom.ch\/en\/wp-json\/wp\/v2\/product"}],"about":[{"href":"https:\/\/shop.kustom.ch\/en\/wp-json\/wp\/v2\/types\/product"}],"wp:featuredmedia":[{"embeddable":true,"href":"https:\/\/shop.kustom.ch\/en\/wp-json\/wp\/v2\/media\/664181"}],"wp:attachment":[{"href":"https:\/\/shop.kustom.ch\/en\/wp-json\/wp\/v2\/media?parent=664165"}],"wp:term":[{"taxonomy":"product_brand","embeddable":true,"href":"https:\/\/shop.kustom.ch\/en\/wp-json\/wp\/v2\/product_brand?post=664165"},{"taxonomy":"product_cat","embeddable":true,"href":"https:\/\/shop.kustom.ch\/en\/wp-json\/wp\/v2\/product_cat?post=664165"},{"taxonomy":"product_tag","embeddable":true,"href":"https:\/\/shop.kustom.ch\/en\/wp-json\/wp\/v2\/product_tag?post=664165"}],"curies":[{"name":"wp","href":"https:\/\/api.w.org\/{rel}","templated":true}]}}