{"id":664164,"date":"2025-04-29T19:13:38","date_gmt":"2025-04-29T18:13:38","guid":{"rendered":"https:\/\/shop.kustom.ch\/?post_type=product&#038;p=664164"},"modified":"2026-03-31T08:54:05","modified_gmt":"2026-03-31T07:54:05","slug":"flammhemmendes-t-shirt","status":"publish","type":"product","link":"https:\/\/shop.kustom.ch\/en\/product\/flammhemmendes-t-shirt\/","title":{"rendered":"Flame-retardant T-shirt"},"content":{"rendered":"<p>Flame-retardant T-shirt made from comfortable and flexible single jersey with flame-retardant properties. With yellow colour on the shoulders for better visibility, round neckline and reinforced neck and shoulder seams. Certified according to EN 1149-5, EN ISO 14116.<\/p>\n<p>DETAILS: External certification labels. Round neck. Shoulder sections in contrasting colour. WASHING INSTRUCTIONS: 60\u00b0 C. Do not bleach. Do not iron. Do not dry clean. Tumble dry - low. MAIN PROPERTIES: Electrician. Handyman. Mechanic. Service workers. Road and construction workers. EN 1149-5. EN ISO 14116. FABRIC: Men's. blue. High-vis yellow. Flame retardant. CERTIFICATION: EN 1149-5. EN ISO 14116, Index 3<\/p>\n<p>60% modacrylic, 39% cotton, 1% antistatic fibre, single jersey, flame-retardant, antistatic 210g\/m\u00b2<\/p>","protected":false},"excerpt":{"rendered":"<p>Flammhemmendes T-Shirt aus bequemem und flexiblem Single-Jersey mit flammhemmenden Eigenschaften. Mit gelber Farbe an den Schultern f\u00fcr bessere Sichtbarkeit, Rundhalsausschnitt und verst\u00e4rkten Hals- und Schultern\u00e4hten. Zertifiziert nach EN 1149-5, EN ISO 14116. DETAILS: Aussenliegende Zertifizierungsetiketten. Rundhals. Schulterpartien in Kontrastfarbe. WASCHANLEITUNG: 60\u00b0 C. Nicht bleichen. Nicht b\u00fcgeln. Nicht chemisch reinigen. W\u00e4schetrockner &#8211; niedrig. HAUPTEIGENSCHAFTEN: Elektriker. Handwerker. [&hellip;]<\/p>\n","protected":false},"featured_media":664172,"template":"","meta":[],"product_brand":[],"product_cat":[4201],"product_tag":[],"class_list":{"0":"post-664164","1":"product","2":"type-product","3":"status-publish","4":"has-post-thumbnail","6":"product_cat-t-shirts","7":"pa_brand-blaklaeder","8":"pa_brand-type-workwear","9":"pa_filter-color-blau","10":"pa_filter-color-gelb","12":"first","13":"instock","14":"sale","15":"taxable","16":"shipping-taxable","17":"purchasable","18":"product-type-variable","19":"add-to-wishlist-before_image"},"exclude_global_add_ons":[],"addons":[],"acf":[],"_links":{"self":[{"href":"https:\/\/shop.kustom.ch\/en\/wp-json\/wp\/v2\/product\/664164"}],"collection":[{"href":"https:\/\/shop.kustom.ch\/en\/wp-json\/wp\/v2\/product"}],"about":[{"href":"https:\/\/shop.kustom.ch\/en\/wp-json\/wp\/v2\/types\/product"}],"wp:featuredmedia":[{"embeddable":true,"href":"https:\/\/shop.kustom.ch\/en\/wp-json\/wp\/v2\/media\/664172"}],"wp:attachment":[{"href":"https:\/\/shop.kustom.ch\/en\/wp-json\/wp\/v2\/media?parent=664164"}],"wp:term":[{"taxonomy":"product_brand","embeddable":true,"href":"https:\/\/shop.kustom.ch\/en\/wp-json\/wp\/v2\/product_brand?post=664164"},{"taxonomy":"product_cat","embeddable":true,"href":"https:\/\/shop.kustom.ch\/en\/wp-json\/wp\/v2\/product_cat?post=664164"},{"taxonomy":"product_tag","embeddable":true,"href":"https:\/\/shop.kustom.ch\/en\/wp-json\/wp\/v2\/product_tag?post=664164"}],"curies":[{"name":"wp","href":"https:\/\/api.w.org\/{rel}","templated":true}]}}