{"id":664151,"date":"2025-04-29T19:13:14","date_gmt":"2025-04-29T18:13:14","guid":{"rendered":"https:\/\/shop.kustom.ch\/?post_type=product&#038;p=664151"},"modified":"2026-03-31T08:53:59","modified_gmt":"2026-03-31T07:53:59","slug":"damen-multinorm-sweatshirt-high-vis-mit-reissverschluss-2","status":"publish","type":"product","link":"https:\/\/shop.kustom.ch\/en\/product\/damen-multinorm-sweatshirt-high-vis-mit-reissverschluss-2\/","title":{"rendered":"Ladies Multinorm sweatshirt High Vis with zip"},"content":{"rendered":"<p>Versatile and safety-certified high-visibility sweatshirt. This flame-retardant, metal-free sweatshirt for women is classified as Class 1 and has a range of functional features. One of the advantages is that it can be used both as a sweatshirt and as a jacket. The sweatshirt is equipped with segmented reflective transfers that increase visibility and safety. It also has a practical covered zip at the front and side inserts that give it an ergonomic fit. The sweatshirt is made from an attractive, high-quality material and offers excellent protection. The sweatshirt has two front pockets with zips for practical storage and a high collar that offers additional protection when turned up. Certified to EN 1149-5, EN 61482-2, APC 1, EN ISO 11612, EN ISO 20471, Class 1. EBT \u2013 13 cal\/cm\u00b2, ELIM \u2013 12 cal\/cm\u00b2.<\/p>\n<p>FUNCTIONALITY: Metal-free. Ergonomic fit for better mobility. DETAILS: External certification labels. High collar with concealed zip. POCKETS: Front pockets with zips. FRONT CLOSURE: Concealed plastic zip. REFLEX: Interrupted flame-retardant transfer reflex strips. FINISH: Cuffed arm ends. Ribbed waistband. WASHING INSTRUCTIONS: 60\u00b0C. Do not bleach. Do not iron. Do not dry clean. Do not spin dry. MAIN FEATURES: Electricians. Craftsmen. Service personnel. Women. Available for women and men. EN 1149-5. EN 61482-2. EN ISO 11612. EN ISO 20471. FABRIC: Women. Available for women and men. Blue. High-vis yellow. Metal-free. Flame retardant. CERTIFICATION: EN 1149-5. EBT \u2013 13 cal\/cm\u00b2. ELIM \u2013 12 cal\/cm\u00b2. EN 61482-2, APC 1. ISO 11612 A1, B1, C2. EN ISO 20471, Class 1. Max. 50 washes. Certification group D.<\/p>\n<p>60% modacrylic, 39% cotton, 1% antistatic fibre, terry knit brushed inside, flame-retardant, antistatic, 280g\/m\u00b2<\/p>","protected":false},"excerpt":{"rendered":"<p>Vielseitiges und sicherheitszertifiziertes Warnschutz-Sweatshirt. Dieses schwer entflammbare, metallfreie Sweatshirt f\u00fcr Damen ist mit der Klasse 1 eingestuft und verf\u00fcgt \u00fcber eine Reihe funktioneller Eigenschaften. Einer der Vorteile ist, dass es sowohl als Sweatshirt als auch als Jacke verwendet werden kann. Das Sweatshirt ist mit segmentierten reflektierenden Transfers ausgestattet, die die Sichtbarkeit und Sicherheit erh\u00f6hen. Dar\u00fcber [&hellip;]<\/p>\n","protected":false},"featured_media":664160,"template":"","meta":[],"product_brand":[],"product_cat":[4184],"product_tag":[],"class_list":{"0":"post-664151","1":"product","2":"type-product","3":"status-publish","4":"has-post-thumbnail","6":"product_cat-hoodies-pullover","7":"pa_brand-blaklaeder","8":"pa_brand-type-workwear","9":"pa_filter-color-blau","10":"pa_filter-color-gelb","12":"first","13":"instock","14":"sale","15":"taxable","16":"shipping-taxable","17":"purchasable","18":"product-type-variable","19":"add-to-wishlist-before_image"},"exclude_global_add_ons":[],"addons":[],"acf":[],"_links":{"self":[{"href":"https:\/\/shop.kustom.ch\/en\/wp-json\/wp\/v2\/product\/664151"}],"collection":[{"href":"https:\/\/shop.kustom.ch\/en\/wp-json\/wp\/v2\/product"}],"about":[{"href":"https:\/\/shop.kustom.ch\/en\/wp-json\/wp\/v2\/types\/product"}],"wp:featuredmedia":[{"embeddable":true,"href":"https:\/\/shop.kustom.ch\/en\/wp-json\/wp\/v2\/media\/664160"}],"wp:attachment":[{"href":"https:\/\/shop.kustom.ch\/en\/wp-json\/wp\/v2\/media?parent=664151"}],"wp:term":[{"taxonomy":"product_brand","embeddable":true,"href":"https:\/\/shop.kustom.ch\/en\/wp-json\/wp\/v2\/product_brand?post=664151"},{"taxonomy":"product_cat","embeddable":true,"href":"https:\/\/shop.kustom.ch\/en\/wp-json\/wp\/v2\/product_cat?post=664151"},{"taxonomy":"product_tag","embeddable":true,"href":"https:\/\/shop.kustom.ch\/en\/wp-json\/wp\/v2\/product_tag?post=664151"}],"curies":[{"name":"wp","href":"https:\/\/api.w.org\/{rel}","templated":true}]}}