{"id":662960,"date":"2025-04-29T18:58:02","date_gmt":"2025-04-29T17:58:02","guid":{"rendered":"https:\/\/shop.kustom.ch\/?post_type=product&#038;p=662960"},"modified":"2026-03-31T08:35:15","modified_gmt":"2026-03-31T07:35:15","slug":"high-vis-arbeitshose-mit-stretch-5","status":"publish","type":"product","link":"https:\/\/shop.kustom.ch\/en\/product\/high-vis-arbeitshose-mit-stretch-5\/","title":{"rendered":"High vis work trousers with stretch"},"content":{"rendered":"<p>Durable, comfortable and practical high vis work trousers made of 100% cotton with high vis inserts. The trousers have a slimmer cut, an attractive retro look and are available in blue with white contrast stitching and in black with grey stitching. The 4-way stretch fabric inserts on the seat ensure extra light and comfortable wear, with ruler pocket, holster pockets, easily accessible mobile phone pocket and CORDURA\u00ae-reinforced back pockets. The trousers also have CORDURA\u00ae stretch reinforced knee pad pockets for maximum comfort. Certified according to EN ISO 20471 standard, class 1.<\/p>\n<p>FUNCTIONALITY: Stretch insert at the back. Particularly ergonomically shaped trouser legs. DETAILS: Detachable ID card pocket. Metal press studs. Knife holder with button. Inside leg seam with triple stitching. Plastic zip at the crotch. Wide belt loops at the back and sides. Two belt loops at the sides with a button for a hammer loop, one belt loop with D-ring at the front. Wide belt loop at the back. D-ring on the waistband. POCKETS: Leg pocket with bellows, pen pocket, flexible mobile phone pocket and two large pockets - one with zip and detachable ID card pocket. Back pockets reinforced with bellows. Suitable for all models with Bl\u00e5kl\u00e4der knee pad pockets. Inset pocket with stretch insert. Tool pockets - with tool holders and extra pockets with zip. Reinforced folding rule pocket with knife holder and pen pocket. REINFORCEMENT: CORDURA\u00ae stretch-reinforced knee pad pockets. CORDURA\u00ae-reinforced nail pockets, ruler pocket, back pockets and back leg hem. REFLEX: 70 mm wide reflective stripes. Reflective details on the leg. CLOSURE: Reinforced back leg hem. WASHING INSTRUCTIONS: Number of washes: 50. 40\u00b0 C. Do not bleach. Do not iron. Do not dry clean. Do not spin-dry. MAIN PROPERTIES: Driver. Garden labourer. Warehouse worker. Road and construction workers. EN 14004. EN ISO 20471. FABRIC: Men's. blue. High-vis yellow. Knee pad pockets. Stretch insert. Tool pockets. Stretch. High-visibility protection. USP: Knee pad pockets made of reinforced CORDURA\u00ae stretch. Stretch inserts. Pre-shaped legs. Tool pockets. CERTIFICATION: EN 14404:2004+A1:2010 together with knee pads 4027, 4057, 4058 and 4032. EN ISO 20471, class 1. certification group W<\/p>\n<p>100% Cotton, twill, 370 g\/m\u00b2<\/p>","protected":false},"excerpt":{"rendered":"<p>Langlebige, bequeme und praktische High Vis Arbeitshose aus 100% Baumwolle mit High Vis Eins\u00e4tzen. Die Hose ist schlanker geschnitten, hat einen attraktiven Retro-Look und ist sowohl in Blau mit weissen Kontrastn\u00e4hten als auch in Schwarz mit grauen N\u00e4hten erh\u00e4ltlich. F\u00fcr einen extra leichten und angenehmen Tragekomfort sorgen Eins\u00e4tze aus 4-Wege-Stretch Stoff am Ges\u00e4ss. Mit Zollstocktasche, [&hellip;]<\/p>\n","protected":false},"featured_media":662977,"template":"","meta":[],"product_brand":[],"product_cat":[4185],"product_tag":[],"class_list":{"0":"post-662960","1":"product","2":"type-product","3":"status-publish","4":"has-post-thumbnail","6":"product_cat-hosen","7":"pa_brand-blaklaeder","8":"pa_brand-type-workwear","9":"pa_filter-color-blau","10":"pa_filter-color-gelb","11":"pa_filter-color-orange","12":"pa_filter-color-rot","13":"pa_filter-color-schwarz","15":"first","16":"instock","17":"sale","18":"taxable","19":"shipping-taxable","20":"purchasable","21":"product-type-variable","22":"add-to-wishlist-before_image"},"exclude_global_add_ons":[],"addons":[],"acf":[],"_links":{"self":[{"href":"https:\/\/shop.kustom.ch\/en\/wp-json\/wp\/v2\/product\/662960"}],"collection":[{"href":"https:\/\/shop.kustom.ch\/en\/wp-json\/wp\/v2\/product"}],"about":[{"href":"https:\/\/shop.kustom.ch\/en\/wp-json\/wp\/v2\/types\/product"}],"wp:featuredmedia":[{"embeddable":true,"href":"https:\/\/shop.kustom.ch\/en\/wp-json\/wp\/v2\/media\/662977"}],"wp:attachment":[{"href":"https:\/\/shop.kustom.ch\/en\/wp-json\/wp\/v2\/media?parent=662960"}],"wp:term":[{"taxonomy":"product_brand","embeddable":true,"href":"https:\/\/shop.kustom.ch\/en\/wp-json\/wp\/v2\/product_brand?post=662960"},{"taxonomy":"product_cat","embeddable":true,"href":"https:\/\/shop.kustom.ch\/en\/wp-json\/wp\/v2\/product_cat?post=662960"},{"taxonomy":"product_tag","embeddable":true,"href":"https:\/\/shop.kustom.ch\/en\/wp-json\/wp\/v2\/product_tag?post=662960"}],"curies":[{"name":"wp","href":"https:\/\/api.w.org\/{rel}","templated":true}]}}