{"id":662821,"date":"2025-04-29T05:14:50","date_gmt":"2025-04-29T04:14:50","guid":{"rendered":"https:\/\/shop.kustom.ch\/?post_type=product&#038;p=662821"},"modified":"2026-03-31T08:34:57","modified_gmt":"2026-03-31T07:34:57","slug":"multinorm-arbeitshose-inhaerent-mit-stretch-4","status":"publish","type":"product","link":"https:\/\/shop.kustom.ch\/en\/product\/multinorm-arbeitshose-inhaerent-mit-stretch-4\/","title":{"rendered":"Multinorm work trousers Inherent with stretch"},"content":{"rendered":"<p>Flame-retardant work trousers that fulfil all the requirements of a durable garment for work. Suitable for maintenance work with safety and protection requirements. The oil, dirt and water-repellent trousers have practical external knee pad pockets reinforced with CORDURA\u00ae\/Kevlar\u00ae\/Protal\u00ae. Certified according to EN 14404, EN 1149-5, EN ISO 20471, EN ISO 11612, IEC 61482-2 Arc rating, 10.7 cal\/cm\u00b2 (applies to the stretch material). EN 14404: 2004 + A1: 2010 together with knee pads 4027 and 4057.<\/p>\n<p>FUNCTIONALITY: Metal-free. Oil, dirt and water-repellent surface. Stretch insert at the crotch and seat. DETAILS: Detachable ID card pocket for flame-retardant clothing. External certification labels. Plastic zip at the crotch. Loops, one with D-ring. POCKETS: Leg pocket with bellows, flap and mobile phone pocket. Back pocket. External knee pad pockets. Side pockets. Reinforced folding rule pocket with two knife pockets and a pen pocket. REINFORCEMENT: CORDURA\u00ae\/Kevlar\u00ae\/Protal\u00ae - reinforced on the knees. REFLEX: Flame-retardant reflective strips with double stitching. CLOSURE: Extension option at the leg hem, does not apply to sizes D. WASHING INSTRUCTIONS: 60\u00b0 C. Do not bleach. Do not iron. Do not dry clean. Tumble dry - low. MAIN OCCASIONS: Electrician. Handyman. Service personnel. EN 1149-5. EN 14004. EN 61482-2. EN ISO 11612. EN ISO 20471. FABRIC: Available for men and women. Men. blue. High-vis yellow. Knee pad pockets. Metal-free. Stretch. Flame protection. USP: Antistatic properties. CORDURA\u00ae-reinforced knee pad pockets. Inherently flame-retardant. Metal and polyester-free. Oil and dirt repellent. Stretch inserts. Water-repellent. CERTIFICATION: EN 1149-5. EN 14404:2004+A1:2010 together with knee pads 4027 and 4057. EN ISO 11612 A1, B1, C1, F1. EN ISO 20471, class 2. max. 50 washes. Certification group Y. ATPV - 10.7 cal\/cm\u00b2. IEC 61482-2, APC 1<\/p>\n<p>44% modacrylic, 30% cotton, 20% FR polyamide, 5% aramid, 1% antistatic, ripstop, flame-retardant, antistatic, 260 g\/m\u00b2<\/p>","protected":false},"excerpt":{"rendered":"<p>Eine flammhemmende Arbeitshose, die alle Anforderungen an ein haltbares Kleidungsst\u00fcck f\u00fcr die Arbeit erf\u00fcllt. Geeignet f\u00fcr Wartungsarbeiten mit Sicherheits- und Schutzanforderungen. Die \u00f6l-, schmutz- und wasserabweisende Hose hat praktische aussenliegende Kniepolstertaschen, die mit CORDURA\u00ae\/Kevlar\u00ae\/Protal\u00ae verst\u00e4rkt sind. Zertifiziert nach EN 14404, EN 1149-5, EN ISO 20471, EN ISO 11612, IEC 61482-2. Arc rating, 10.7 cal\/cm\u00b2 (gilt [&hellip;]<\/p>\n","protected":false},"featured_media":662834,"template":"","meta":[],"product_brand":[],"product_cat":[4185],"product_tag":[],"class_list":{"0":"post-662821","1":"product","2":"type-product","3":"status-publish","4":"has-post-thumbnail","6":"product_cat-hosen","7":"pa_brand-blaklaeder","8":"pa_brand-type-workwear","9":"pa_filter-color-blau","10":"pa_filter-color-gelb","12":"first","13":"instock","14":"sale","15":"taxable","16":"shipping-taxable","17":"purchasable","18":"product-type-variable","19":"add-to-wishlist-before_image"},"exclude_global_add_ons":[],"addons":[],"acf":[],"_links":{"self":[{"href":"https:\/\/shop.kustom.ch\/en\/wp-json\/wp\/v2\/product\/662821"}],"collection":[{"href":"https:\/\/shop.kustom.ch\/en\/wp-json\/wp\/v2\/product"}],"about":[{"href":"https:\/\/shop.kustom.ch\/en\/wp-json\/wp\/v2\/types\/product"}],"wp:featuredmedia":[{"embeddable":true,"href":"https:\/\/shop.kustom.ch\/en\/wp-json\/wp\/v2\/media\/662834"}],"wp:attachment":[{"href":"https:\/\/shop.kustom.ch\/en\/wp-json\/wp\/v2\/media?parent=662821"}],"wp:term":[{"taxonomy":"product_brand","embeddable":true,"href":"https:\/\/shop.kustom.ch\/en\/wp-json\/wp\/v2\/product_brand?post=662821"},{"taxonomy":"product_cat","embeddable":true,"href":"https:\/\/shop.kustom.ch\/en\/wp-json\/wp\/v2\/product_cat?post=662821"},{"taxonomy":"product_tag","embeddable":true,"href":"https:\/\/shop.kustom.ch\/en\/wp-json\/wp\/v2\/product_tag?post=662821"}],"curies":[{"name":"wp","href":"https:\/\/api.w.org\/{rel}","templated":true}]}}