{"id":662645,"date":"2025-04-29T05:13:46","date_gmt":"2025-04-29T04:13:46","guid":{"rendered":"https:\/\/shop.kustom.ch\/?post_type=product&#038;p=662645"},"modified":"2026-03-31T08:33:39","modified_gmt":"2026-03-31T07:33:39","slug":"arbeitshose-baumwolle","status":"publish","type":"product","link":"https:\/\/shop.kustom.ch\/en\/product\/arbeitshose-baumwolle\/","title":{"rendered":"Cotton work trousers"},"content":{"rendered":"<p>Practical trousers with ruler pocket, leg pocket and elasticated waist. Zip fly.<\/p>\n<p>DETAILS: Plastic buttons. Reinforced seams at the crotch. Metal zip at the crotch. Loops. Elasticated waist. POCKETS: Leg pocket with pencil pocket. Back pockets. Side pockets. Folding rule pocket inside. WASHING INSTRUCTIONS: 70\u00b0 C. Iron - medium. Dry cleaning - normal P. Do not bleach. Tumble dry - low. MAIN PROPERTIES: Driver. Handyman. Mechanic. Cleaner. FABRIC: Men. blue. Industry \/ Service<\/p>\n<p>100% Cotton, twill, 320 g\/m\u00b2<\/p>","protected":false},"excerpt":{"rendered":"<p>Praktische Hose mit Zollstocktasche, Beintasche und Gummizug in der Taille. Hosenschlitz mit Reissverschluss. DETAILS: Kunststoff-Kn\u00f6pfe. Verst\u00e4rkte N\u00e4hte am Schritt. Metall-Reissverschluss im Schritt. Schlaufen. Gummizug an der Taille. TASCHEN: Beintasche mit Bleistifttasche. Ges\u00e4sstaschen. Seitentaschen. Zollstocktasche innen. WASCHANLEITUNG: 70\u00b0 C. B\u00fcgeln &#8211; mittel. Chemische Reinigung &#8211; normal P. Nicht bleichen. W\u00e4schetrockner &#8211; niedrig. HAUPTEIGENSCHAFTEN: Fahrer. Handwerker. Mechaniker. [&hellip;]<\/p>\n","protected":false},"featured_media":662671,"template":"","meta":[],"product_brand":[],"product_cat":[4185],"product_tag":[],"class_list":{"0":"post-662645","1":"product","2":"type-product","3":"status-publish","4":"has-post-thumbnail","6":"product_cat-hosen","7":"pa_brand-blaklaeder","8":"pa_brand-type-workwear","9":"pa_filter-color-blau","10":"pa_filter-color-schwarz","11":"pa_filter-color-weiss","13":"first","14":"instock","15":"sale","16":"taxable","17":"shipping-taxable","18":"purchasable","19":"product-type-variable","20":"add-to-wishlist-before_image"},"exclude_global_add_ons":[],"addons":[],"acf":[],"_links":{"self":[{"href":"https:\/\/shop.kustom.ch\/en\/wp-json\/wp\/v2\/product\/662645"}],"collection":[{"href":"https:\/\/shop.kustom.ch\/en\/wp-json\/wp\/v2\/product"}],"about":[{"href":"https:\/\/shop.kustom.ch\/en\/wp-json\/wp\/v2\/types\/product"}],"wp:featuredmedia":[{"embeddable":true,"href":"https:\/\/shop.kustom.ch\/en\/wp-json\/wp\/v2\/media\/662671"}],"wp:attachment":[{"href":"https:\/\/shop.kustom.ch\/en\/wp-json\/wp\/v2\/media?parent=662645"}],"wp:term":[{"taxonomy":"product_brand","embeddable":true,"href":"https:\/\/shop.kustom.ch\/en\/wp-json\/wp\/v2\/product_brand?post=662645"},{"taxonomy":"product_cat","embeddable":true,"href":"https:\/\/shop.kustom.ch\/en\/wp-json\/wp\/v2\/product_cat?post=662645"},{"taxonomy":"product_tag","embeddable":true,"href":"https:\/\/shop.kustom.ch\/en\/wp-json\/wp\/v2\/product_tag?post=662645"}],"curies":[{"name":"wp","href":"https:\/\/api.w.org\/{rel}","templated":true}]}}