{"id":662613,"date":"2025-04-29T05:13:23","date_gmt":"2025-04-29T04:13:23","guid":{"rendered":"https:\/\/shop.kustom.ch\/?post_type=product&#038;p=662613"},"modified":"2026-03-31T08:33:36","modified_gmt":"2026-03-31T07:33:36","slug":"flammschutz-arbeitshose-2","status":"publish","type":"product","link":"https:\/\/shop.kustom.ch\/en\/product\/flammschutz-arbeitshose-2\/","title":{"rendered":"Flame protection work trousers"},"content":{"rendered":"<p>Flame-retardant trousers that are oil, dirt and water repellent. These hard-wearing trousers have practical and useful pockets with flaps and external knee pad pockets. Tested for industrial laundering. Certified according to EN 14404, EN 1149-5, EN ISO 11611, EN 13034, EN ISO 11612, IEC 61482-2. ATPV: 16.0 cal\/cm\u00b2.<\/p>\n<p>FUNCTIONALITY: Oil, dirt and water-repellent surface. DETAILS: D-ring. External certification labels. Metal zip at the crotch. Loops. POCKETS: Leg pocket with bellows, flap and three-part sewn-on pen pocket. Back pockets with flap and press stud. External knee pad pockets. Front pockets with flaps. CLOSURE: Extension option at leg hem, does not apply to sizes D. WASHING INSTRUCTIONS: 60\u00b0 C. Do not bleach. Do not iron. Do not dry clean. PRO: suitable for tumble drying. Tumble dryer - low. MAIN PROPERTIES: Electrician. Craftsmen. Welders. Road and construction workers. EN 1149-5. EN 13034. EN 14004. EN 61482-2. EN ISO 11611. EN ISO 11612. FABRIC: Men's. blue. Knee pad pockets. Flame protection. WASHING: Industrial wash EN ISO 15797. CERTIFICATION: EN 1149-5. EN 13034 PB (6). Max. 20 washes. EN 14404:2004+A1:2010 together with knee pads 4027, 4057, 4058 and 4032. EN ISO 11611, class 1 A1+A2. EN ISO 11612 A1, A2, B1, C1, E3, F1. ATPV - 16 cal\/cm\u00b2. IEC 61482-2, APC 1<\/p>\n<p>85% cotton, 14% polyester, 1% antistatic, twill, flame-retardant, antistatic, 350 g\/m\u00b2<\/p>","protected":false},"excerpt":{"rendered":"<p>Flammhemmende Hose, die \u00f6l-, schmutz- und wasserabweisend ist. Diese strapazierf\u00e4hige Hose hat praktische und n\u00fctzliche Taschen mit Patte und ebenso aussenliegende Kniepolstertaschen. Getestet f\u00fcr Industriew\u00e4sche. Zertifiziert nach EN 14404, EN 1149-5, EN ISO 11611, EN 13034, EN ISO 11612, IEC 61482-2. ATPV: 16,0 cal\/cm\u00b2. FUNKTIONALIT\u00c4T: \u00d6l-, schmutz- und wasserabweisende Oberfl\u00e4che. DETAILS: D-Ring. Aussenliegende Zertifizierungsetiketten. Metall-Reissverschluss [&hellip;]<\/p>\n","protected":false},"featured_media":662643,"template":"","meta":[],"product_brand":[],"product_cat":[4185],"product_tag":[],"class_list":{"0":"post-662613","1":"product","2":"type-product","3":"status-publish","4":"has-post-thumbnail","6":"product_cat-hosen","7":"pa_brand-blaklaeder","8":"pa_brand-type-workwear","9":"pa_filter-color-blau","11":"first","12":"instock","13":"sale","14":"taxable","15":"shipping-taxable","16":"purchasable","17":"product-type-variable","18":"add-to-wishlist-before_image"},"exclude_global_add_ons":[],"addons":[],"acf":[],"_links":{"self":[{"href":"https:\/\/shop.kustom.ch\/en\/wp-json\/wp\/v2\/product\/662613"}],"collection":[{"href":"https:\/\/shop.kustom.ch\/en\/wp-json\/wp\/v2\/product"}],"about":[{"href":"https:\/\/shop.kustom.ch\/en\/wp-json\/wp\/v2\/types\/product"}],"wp:featuredmedia":[{"embeddable":true,"href":"https:\/\/shop.kustom.ch\/en\/wp-json\/wp\/v2\/media\/662643"}],"wp:attachment":[{"href":"https:\/\/shop.kustom.ch\/en\/wp-json\/wp\/v2\/media?parent=662613"}],"wp:term":[{"taxonomy":"product_brand","embeddable":true,"href":"https:\/\/shop.kustom.ch\/en\/wp-json\/wp\/v2\/product_brand?post=662613"},{"taxonomy":"product_cat","embeddable":true,"href":"https:\/\/shop.kustom.ch\/en\/wp-json\/wp\/v2\/product_cat?post=662613"},{"taxonomy":"product_tag","embeddable":true,"href":"https:\/\/shop.kustom.ch\/en\/wp-json\/wp\/v2\/product_tag?post=662613"}],"curies":[{"name":"wp","href":"https:\/\/api.w.org\/{rel}","templated":true}]}}