{"id":662390,"date":"2025-04-29T05:12:04","date_gmt":"2025-04-29T04:12:04","guid":{"rendered":"https:\/\/shop.kustom.ch\/?post_type=product&#038;p=662390"},"modified":"2026-03-31T08:33:05","modified_gmt":"2026-03-31T07:33:05","slug":"handwerker-arbeitshose-mit-stretch-6","status":"publish","type":"product","link":"https:\/\/shop.kustom.ch\/en\/product\/handwerker-arbeitshose-mit-stretch-6\/","title":{"rendered":"Craftsman work trousers with stretch"},"content":{"rendered":"<p>An incredibly comfortable and flexible pair of work trousers that leave nothing to chance when it comes to durability, comfort and practical features. The trousers have inserts made from fantastic 4-way stretch material on the front, calves and yoke and 2-way stretch in the crotch. If your work requires concentration and freedom of movement, these craftsman work trousers are just the thing for you.<\/p>\n<p>FUNCTIONALITY: Stretch inserts at the front, on the knees, over the seat, on the front pockets, on the calf and crotch. DETAILS: Detachable ID card pocket. Metal buttons. Knife holder with button. Inside leg seam with triple stitching. Plastic zip at the crotch. Wide belt loops at the back and sides. Two belt loops at the sides with a button for a hammer loop, one belt loop with D-ring at the front. Wide belt loop at the back. D-ring on the waistband. POCKETS: Leg pocket with bellows, pen pocket, flexible mobile phone pocket and two large pockets - one with zip and detachable ID card pocket. Back pockets with bellows. Knee pad pockets. Inset pocket with stretch insert. Tool pockets - with tool holders and extra pockets with zip. Reinforced folding rule pocket with knife holder and pen pocket. REINFORCEMENT: CORDURA\u00ae stretch-reinforced knee pad pockets. Reinforced nail pockets, spatula pocket, back pockets and back leg cuffs. REFLEX: Reflective details on the leg. FINISH: Reinforced back leg ends. WASHING INSTRUCTIONS: 40\u00b0 C. Do not bleach. Do not iron. Do not dry clean. Do not spin-dry. MAIN PROPERTIES: Electrician. Gardener. Handyman. Warehouse worker. Tinsmith. EN 14004. FABRIC: Available for men and women. Men. blue. black. Knee pad pockets. Stretch insert. Tool pockets. Craft. Stretch. USP: Knee pad pockets made from reinforced CORDURA\u00ae stretch. Reflective details. Stretch inserts. Pre-shaped legs. Tool pockets. CERTIFICATION: EN 14404:2004+A1:2010 together with knee pads 4027, 4057, 4058 and 4032<\/p>\n<p>60% cotton, 40% polyester, canvas, 340 g\/m\u00b2<\/p>","protected":false},"excerpt":{"rendered":"<p>Eine unglaublich bequeme und flexible Handwerker Arbeitshose, die nichts dem Zufall \u00fcberl\u00e4sst, wenn es um Langlebigkeit, Komfort und praktische Funktionen geht. Die Hose hat Eins\u00e4tze aus fantastischem 4-Wege-Stretch Material auf der Vorderseite, den Waden und der Passe und 2-Wege-Stretch im Schritt. Wenn deine Arbeit Konzentration und Bewegungsfreiheit erfordert, ist diese Handwerker Arbeitshose genau das Richtige [&hellip;]<\/p>\n","protected":false},"featured_media":662413,"template":"","meta":[],"product_brand":[],"product_cat":[4185],"product_tag":[],"class_list":{"0":"post-662390","1":"product","2":"type-product","3":"status-publish","4":"has-post-thumbnail","6":"product_cat-hosen","7":"pa_brand-blaklaeder","8":"pa_brand-type-workwear","9":"pa_filter-color-blau","10":"pa_filter-color-grau","11":"pa_filter-color-schwarz","13":"first","14":"instock","15":"sale","16":"taxable","17":"shipping-taxable","18":"purchasable","19":"product-type-variable","20":"add-to-wishlist-before_image"},"exclude_global_add_ons":[],"addons":[],"acf":[],"_links":{"self":[{"href":"https:\/\/shop.kustom.ch\/en\/wp-json\/wp\/v2\/product\/662390"}],"collection":[{"href":"https:\/\/shop.kustom.ch\/en\/wp-json\/wp\/v2\/product"}],"about":[{"href":"https:\/\/shop.kustom.ch\/en\/wp-json\/wp\/v2\/types\/product"}],"wp:featuredmedia":[{"embeddable":true,"href":"https:\/\/shop.kustom.ch\/en\/wp-json\/wp\/v2\/media\/662413"}],"wp:attachment":[{"href":"https:\/\/shop.kustom.ch\/en\/wp-json\/wp\/v2\/media?parent=662390"}],"wp:term":[{"taxonomy":"product_brand","embeddable":true,"href":"https:\/\/shop.kustom.ch\/en\/wp-json\/wp\/v2\/product_brand?post=662390"},{"taxonomy":"product_cat","embeddable":true,"href":"https:\/\/shop.kustom.ch\/en\/wp-json\/wp\/v2\/product_cat?post=662390"},{"taxonomy":"product_tag","embeddable":true,"href":"https:\/\/shop.kustom.ch\/en\/wp-json\/wp\/v2\/product_tag?post=662390"}],"curies":[{"name":"wp","href":"https:\/\/api.w.org\/{rel}","templated":true}]}}