{"id":662329,"date":"2025-04-29T05:11:38","date_gmt":"2025-04-29T04:11:38","guid":{"rendered":"https:\/\/shop.kustom.ch\/?post_type=product&#038;p=662329"},"modified":"2026-03-31T08:32:54","modified_gmt":"2026-03-31T07:32:54","slug":"handwerker-shorts-mit-stretch-2","status":"publish","type":"product","link":"https:\/\/shop.kustom.ch\/en\/product\/handwerker-shorts-mit-stretch-2\/","title":{"rendered":"Craftsman shorts with stretch"},"content":{"rendered":"<p>The shorts version of the craftsman work trousers 1599 has inserts made of fantastic 4-way stretch material on the front and the yoke, as well as 2-way stretch fabric in the crotch. If your work requires concentration and freedom of movement, these craftsman shorts are just the thing for you.<\/p>\n<p>FUNCTIONALITY: Stretch inserts at the front, over the seat, on the front pockets and in the crotch. DETAILS: Detachable ID card pocket. Metal buttons. Knife holder with button. Crotch seam as double seam. Plastic zip at the crotch. Wide belt loops at the back and sides. Two belt loops on the sides with a button for a hammer loop, one belt loop with D-ring at the front. Wide belt loop at the back. D-ring on the waistband. POCKETS: Leg pocket with bellows, pen pocket, flexible mobile phone pocket and two large pockets - one with zip and detachable ID card pocket. Back pockets with bellows. Inset pocket with stretch insert. Tool pockets - with tool holders and extra pockets with zip. Reinforced folding rule pocket with knife holder and pen pocket. REINFORCEMENT: Reinforced nail and back pockets. REFLEX: Reflective detail on the leg pocket. WASHING INSTRUCTIONS: 40\u00b0 C. Do not bleach. Do not iron. Do not dry clean. Do not spin. MAIN PROPERTIES: Electrician. Gardener. Handyman. Warehouse worker. Tinsmith. Gents. FABRIC: Men. blue. black. Stretch insert. Tool pockets. Craft. Stretch. USP: Reflective details. Stretch inserts. Tool pockets<\/p>\n<p>60% cotton, 40% polyester, canvas, 340 g\/m\u00b2<\/p>","protected":false},"excerpt":{"rendered":"<p>Die Shorts Variante der Handwerker Arbeitshose 1599 besitzt Eins\u00e4tze aus fantastischem 4-Wege-Stretch Material auf der Vorderseite und der Passe, sowie 2-Wege-Stretch Stoff im Schritt. Wenn deine Arbeit Konzentration und Bewegungsfreiheit erfordert, sind diese Handwerker Shorts genau das Richtige f\u00fcr dich. FUNKTIONALIT\u00c4T: Stretch-Eins\u00e4tze vorne, \u00fcber dem Ges\u00e4ss, an den Vordertaschen und im Schritt. DETAILS: Abnehmbare Ausweistasche. [&hellip;]<\/p>\n","protected":false},"featured_media":662352,"template":"","meta":[],"product_brand":[],"product_cat":[4198],"product_tag":[],"class_list":{"0":"post-662329","1":"product","2":"type-product","3":"status-publish","4":"has-post-thumbnail","6":"product_cat-shorts","7":"pa_brand-blaklaeder","8":"pa_brand-type-workwear","9":"pa_filter-color-blau","10":"pa_filter-color-grau","11":"pa_filter-color-schwarz","13":"first","14":"instock","15":"sale","16":"taxable","17":"shipping-taxable","18":"purchasable","19":"product-type-variable","20":"add-to-wishlist-before_image"},"exclude_global_add_ons":[],"addons":[],"acf":[],"_links":{"self":[{"href":"https:\/\/shop.kustom.ch\/en\/wp-json\/wp\/v2\/product\/662329"}],"collection":[{"href":"https:\/\/shop.kustom.ch\/en\/wp-json\/wp\/v2\/product"}],"about":[{"href":"https:\/\/shop.kustom.ch\/en\/wp-json\/wp\/v2\/types\/product"}],"wp:featuredmedia":[{"embeddable":true,"href":"https:\/\/shop.kustom.ch\/en\/wp-json\/wp\/v2\/media\/662352"}],"wp:attachment":[{"href":"https:\/\/shop.kustom.ch\/en\/wp-json\/wp\/v2\/media?parent=662329"}],"wp:term":[{"taxonomy":"product_brand","embeddable":true,"href":"https:\/\/shop.kustom.ch\/en\/wp-json\/wp\/v2\/product_brand?post=662329"},{"taxonomy":"product_cat","embeddable":true,"href":"https:\/\/shop.kustom.ch\/en\/wp-json\/wp\/v2\/product_cat?post=662329"},{"taxonomy":"product_tag","embeddable":true,"href":"https:\/\/shop.kustom.ch\/en\/wp-json\/wp\/v2\/product_tag?post=662329"}],"curies":[{"name":"wp","href":"https:\/\/api.w.org\/{rel}","templated":true}]}}