{"id":662266,"date":"2025-04-29T05:11:08","date_gmt":"2025-04-29T04:11:08","guid":{"rendered":"https:\/\/shop.kustom.ch\/?post_type=product&#038;p=662266"},"modified":"2026-03-31T08:32:45","modified_gmt":"2026-03-31T07:32:45","slug":"high-vis-shorts-mit-stretch-3","status":"publish","type":"product","link":"https:\/\/shop.kustom.ch\/en\/product\/high-vis-shorts-mit-stretch-3\/","title":{"rendered":"High vis shorts with stretch"},"content":{"rendered":"<p>High vis shorts with 4-way stretch inserts on the front and back yoke. With extra wide holster pockets, back pockets and a ruler pocket reinforced with CORDURA\u00ae. Interrupted reflective stripes around the legs ensure greater freedom of movement and increase visibility. Certified to EN ISO 20471 standard, class 1.<\/p>\n<p>FUNCTIONALITY: Stretch insert in the crotch and over the seat, stretch at the front. DETAILS: Reinforced seams at the crotch. Plastic zip at the crotch. Loops, one with D-ring. Elasticated waist. POCKETS: Leg pocket with bellows, flap and pen pocket, additional pocket, mobile phone pocket and ID card pocket. Back pockets reinforced with bellows. Side pockets. Hanging tool pockets detachable and interchangeable, extra wide, equipped with tool hooks, tool compartment and additional pockets with zip. Reinforced folding rule pocket with knife holder and pen pocket. REINFORCEMENT: CORDURA\u00ae -reinforced tool pockets, back pockets and ruler pocket. REFLEX: 50 mm wide transfer reflective stripes. Reflective material around the legs. WASHING INSTRUCTIONS: Number of washes: 50. 60\u00b0 C. Do not bleach. Do not iron. Do not dry clean. Do not spin-dry. MAIN PROPERTIES: Driver. Craftsman. Warehouse workers. Road and construction workers. Men's. EN ISO 20471. FABRIC: Men. blue. High-vis yellow. Lightweight. Stretch insert. Tool pockets. Stretch. High-visibility protection. USP: CORDURA\u00ae-reinforced tool pockets. Segmented reflective tape. Stretch inserts. Water repellent. CERTIFICATION: EN ISO 20471, class 1, certification group V<\/p>\n<p>65% polyester, 35% cotton, twill, water-repellent outer fabric, 240g\/m\u00b2<\/p>","protected":false},"excerpt":{"rendered":"<p>High Vis Shorts mit 4-Wege-Stretch Eins\u00e4tzen an der vorderen und hinteren Passe. Mit extra breiten Holstertaschen, Ges\u00e4sstaschen und einer Zollstocktasche, die mit CORDURA\u00ae verst\u00e4rkt ist. Unterbrochene Reflexstreifen um die Beine herum sorgen f\u00fcr mehr Bewegungsfreiheit und erh\u00f6hen die Sichtbarkeit. Zertifiziert nach EN ISO 20471 Standard, Klasse 1. FUNKTIONALIT\u00c4T: Stretch Einsatz im Schritt und \u00fcber dem [&hellip;]<\/p>\n","protected":false},"featured_media":662285,"template":"","meta":[],"product_brand":[],"product_cat":[4198],"product_tag":[],"class_list":{"0":"post-662266","1":"product","2":"type-product","3":"status-publish","4":"has-post-thumbnail","6":"product_cat-shorts","7":"pa_brand-blaklaeder","8":"pa_brand-type-workwear","9":"pa_filter-color-blau","10":"pa_filter-color-gelb","12":"first","13":"instock","14":"sale","15":"taxable","16":"shipping-taxable","17":"purchasable","18":"product-type-variable","19":"add-to-wishlist-before_image"},"exclude_global_add_ons":[],"addons":[],"acf":[],"_links":{"self":[{"href":"https:\/\/shop.kustom.ch\/en\/wp-json\/wp\/v2\/product\/662266"}],"collection":[{"href":"https:\/\/shop.kustom.ch\/en\/wp-json\/wp\/v2\/product"}],"about":[{"href":"https:\/\/shop.kustom.ch\/en\/wp-json\/wp\/v2\/types\/product"}],"wp:featuredmedia":[{"embeddable":true,"href":"https:\/\/shop.kustom.ch\/en\/wp-json\/wp\/v2\/media\/662285"}],"wp:attachment":[{"href":"https:\/\/shop.kustom.ch\/en\/wp-json\/wp\/v2\/media?parent=662266"}],"wp:term":[{"taxonomy":"product_brand","embeddable":true,"href":"https:\/\/shop.kustom.ch\/en\/wp-json\/wp\/v2\/product_brand?post=662266"},{"taxonomy":"product_cat","embeddable":true,"href":"https:\/\/shop.kustom.ch\/en\/wp-json\/wp\/v2\/product_cat?post=662266"},{"taxonomy":"product_tag","embeddable":true,"href":"https:\/\/shop.kustom.ch\/en\/wp-json\/wp\/v2\/product_tag?post=662266"}],"curies":[{"name":"wp","href":"https:\/\/api.w.org\/{rel}","templated":true}]}}