{"id":662072,"date":"2025-04-29T05:09:38","date_gmt":"2025-04-29T04:09:38","guid":{"rendered":"https:\/\/shop.kustom.ch\/?post_type=product&#038;p=662072"},"modified":"2026-03-31T08:32:30","modified_gmt":"2026-03-31T07:32:30","slug":"high-vis-shorts-mit-stretch-2","status":"publish","type":"product","link":"https:\/\/shop.kustom.ch\/en\/product\/high-vis-shorts-mit-stretch-2\/","title":{"rendered":"High vis shorts with stretch"},"content":{"rendered":"<p>Extremely comfortable and flexible High Vis shorts with stretch panels in the crotch and seat. High Vis Class 2 certified shorts based on Bl\u00e5kl\u00e4der's High Vis trousers 1552, featuring reflective details, a back pocket with flap, a leg pocket, a mobile phone pocket, an ID card pocket and a CORDURA\u00ae-reinforced pocket and nail pocket. Produced and labelled in accordance with the OEKO-TEX\u00ae MADE IN GREEN standardThe OEKO-TEX\u00ae MADE IN GREEN standard ensures that textiles and leather products are produced in a sustainable and socially responsible manner, are free from harmful substances and are fully traceable. This guarantees a safe and environmentally friendly product.find out more about the sustainability seals on our garments.<\/p>\n<p>FUNCTIONALITY: Stretch insert at the crotch and seat. DETAILS: Reinforced seams at the crotch. Plastic zip at the crotch. Loops, one with D-ring. POCKETS: Leg pocket with bellows, flap and pen pocket, additional pocket and mobile phone pocket. Back pocket, one with flap. Side pockets. Reinforced, three-part tool pockets. Reinforced folding rule pocket with knife holder and pen pocket. REINFORCEMENT: CORDURA\u00ae reinforced tool pockets and folding rule pocket. REFLEX: 50 mm wide reflective stripes. 60 mm wide reflective strips. Reflective material around the legs. WASHING INSTRUCTIONS: Number of washes: 25. Number of washes: x 20 - applies to colour 3300. 40\u00b0 C. Do not bleach. Do not bleach. Do not iron. Do not dry clean. Do not spin-dry. MAIN PROPERTIES: Driver. Gardener. Craftsmen. Road and construction workers. Available for men and women. Men's. EN ISO 20471. FABRIC: Available for men and women. Men. High-vis yellow. Lightweight. Stretch insert. Tool pockets. Stretch. High visibility. USP: Wide reflective stripes. CORDURA\u00ae-reinforced tool pockets. Stretch inserts. Water-repellent. Tool pockets. CERTIFICATION: . Class 2 and 3 garments in orange comply with RIS-3279-TOM Issue 2. certification group X<\/p>\n<p>65% polyester, 35% cotton, twill, water-repellent outer fabric, 240g\/m\u00b2<\/p>","protected":false},"excerpt":{"rendered":"<p>Eine extrem komfortable und flexible High Vis Shorts mit Stretch-Eins\u00e4tzen im Schritt und am Ges\u00e4ss. Eine High Vis Klasse 2 &#8211; zertifizierte Shorts basierend auf Bl\u00e5kl\u00e4ders High Vis Hose 1552. Sie bietet Reflexdetails, eine Ges\u00e4sstasche mit Patte, eine Beintasche, eine Handytasche, eine Ausweistasche und eine CORDURA\u00ae-verst\u00e4rkte Tasche und Nageltasche. Produziert und gekennzeichnet nach dem OEKO-TEX\u00ae [&hellip;]<\/p>\n","protected":false},"featured_media":662093,"template":"","meta":[],"product_brand":[],"product_cat":[4198],"product_tag":[],"class_list":{"0":"post-662072","1":"product","2":"type-product","3":"status-publish","4":"has-post-thumbnail","6":"product_cat-shorts","7":"pa_brand-blaklaeder","8":"pa_brand-type-workwear","9":"pa_filter-color-gelb","10":"pa_filter-color-orange","11":"pa_filter-color-rot","13":"first","14":"instock","15":"sale","16":"taxable","17":"shipping-taxable","18":"purchasable","19":"product-type-variable","20":"add-to-wishlist-before_image"},"exclude_global_add_ons":[],"addons":[],"acf":[],"_links":{"self":[{"href":"https:\/\/shop.kustom.ch\/en\/wp-json\/wp\/v2\/product\/662072"}],"collection":[{"href":"https:\/\/shop.kustom.ch\/en\/wp-json\/wp\/v2\/product"}],"about":[{"href":"https:\/\/shop.kustom.ch\/en\/wp-json\/wp\/v2\/types\/product"}],"wp:featuredmedia":[{"embeddable":true,"href":"https:\/\/shop.kustom.ch\/en\/wp-json\/wp\/v2\/media\/662093"}],"wp:attachment":[{"href":"https:\/\/shop.kustom.ch\/en\/wp-json\/wp\/v2\/media?parent=662072"}],"wp:term":[{"taxonomy":"product_brand","embeddable":true,"href":"https:\/\/shop.kustom.ch\/en\/wp-json\/wp\/v2\/product_brand?post=662072"},{"taxonomy":"product_cat","embeddable":true,"href":"https:\/\/shop.kustom.ch\/en\/wp-json\/wp\/v2\/product_cat?post=662072"},{"taxonomy":"product_tag","embeddable":true,"href":"https:\/\/shop.kustom.ch\/en\/wp-json\/wp\/v2\/product_tag?post=662072"}],"curies":[{"name":"wp","href":"https:\/\/api.w.org\/{rel}","templated":true}]}}