{"id":661763,"date":"2025-04-29T05:07:41","date_gmt":"2025-04-29T04:07:41","guid":{"rendered":"https:\/\/shop.kustom.ch\/?post_type=product&#038;p=661763"},"modified":"2026-03-31T08:32:13","modified_gmt":"2026-03-31T07:32:13","slug":"high-vis-arbeitshose-5","status":"publish","type":"product","link":"https:\/\/shop.kustom.ch\/en\/product\/high-vis-arbeitshose-5\/","title":{"rendered":"High Vis work trousers"},"content":{"rendered":"<p>High quality high vis driver trousers. Provides first-class protection and functionality, such as internal knee pad pockets and extended back pockets - certified to EN ISO 20471 Class 1.<\/p>\n<p>FUNCTIONALITY: Particularly ergonomically shaped trouser legs. DETAILS: Recessed ID card pocket. Loops, one with D-ring. POCKETS: Leg pocket with flap and press stud and sewn-on smaller pocket. Leg pocket with flap and mobile phone pocket. Back pocket with flap. Inside knee pad pockets. Side pockets. Extra wide CORDURA\u00ae-reinforced folding rule pocket with pen pocket, knife holder and additional pocket. REFLEX: 50 mm wide reflective stripes. 70 mm wide reflective stripes. Reflective material around the legs. WASHING INSTRUCTIONS: Colour 55XX\/XX55 - household and industrial wash according to EN ISO 20471. household wash X 50. industrial wash X 50. 70\u00b0 C. Do not bleach. Do not bleach. Do not iron. Do not dry clean. PRO: suitable for tumble drying. Tumble dryer - high. MAIN PROPERTIES: Drivers. Road and construction workers. EN 14004. EN ISO 20471. FABRIC: Men. blue. High-vis yellow. Knee pad pockets. High-visibility protection. WASHING: Industrial laundry EN ISO 15797. CERTIFICATION: EN 14404:2004+A1:2010 together with knee pads 4027 and 4057. EN ISO 20471, class 1. certification group W<\/p>\n<p>65% polyester, 35% cotton, twill, 300g\/m\u00b2<\/p>","protected":false},"excerpt":{"rendered":"<p>Hochqualitative High Vis Fahrerhose. Setzt auf erstklassigen Schutz und Funktionalit\u00e4t, wie innenliegende Kniepolstertaschen und erweiterte Ges\u00e4sstaschen &#8211; zertifiziert nach EN ISO 20471 Klasse 1. FUNKTIONALIT\u00c4T: Besonders ergonomisch geformte Hosenbeine. DETAILS: Ausweistasche versenkbar. Schlaufen, davon eine mit D-Ring. TASCHEN: Beintasche mit Patte und Druckknopf und aufgen\u00e4hter kleinerer Tasche. Beintasche mit Patte und Handytasche. Ges\u00e4sstasche mit Patte. [&hellip;]<\/p>\n","protected":false},"featured_media":661794,"template":"","meta":[],"product_brand":[],"product_cat":[4185],"product_tag":[],"class_list":{"0":"post-661763","1":"product","2":"type-product","3":"status-publish","4":"has-post-thumbnail","6":"product_cat-hosen","7":"pa_brand-blaklaeder","8":"pa_brand-type-workwear","9":"pa_filter-color-blau","10":"pa_filter-color-gelb","11":"pa_filter-color-orange","12":"pa_filter-color-rot","13":"pa_filter-color-schwarz","15":"first","16":"instock","17":"sale","18":"taxable","19":"shipping-taxable","20":"purchasable","21":"product-type-variable","22":"add-to-wishlist-before_image"},"exclude_global_add_ons":[],"addons":[],"acf":[],"_links":{"self":[{"href":"https:\/\/shop.kustom.ch\/en\/wp-json\/wp\/v2\/product\/661763"}],"collection":[{"href":"https:\/\/shop.kustom.ch\/en\/wp-json\/wp\/v2\/product"}],"about":[{"href":"https:\/\/shop.kustom.ch\/en\/wp-json\/wp\/v2\/types\/product"}],"wp:featuredmedia":[{"embeddable":true,"href":"https:\/\/shop.kustom.ch\/en\/wp-json\/wp\/v2\/media\/661794"}],"wp:attachment":[{"href":"https:\/\/shop.kustom.ch\/en\/wp-json\/wp\/v2\/media?parent=661763"}],"wp:term":[{"taxonomy":"product_brand","embeddable":true,"href":"https:\/\/shop.kustom.ch\/en\/wp-json\/wp\/v2\/product_brand?post=661763"},{"taxonomy":"product_cat","embeddable":true,"href":"https:\/\/shop.kustom.ch\/en\/wp-json\/wp\/v2\/product_cat?post=661763"},{"taxonomy":"product_tag","embeddable":true,"href":"https:\/\/shop.kustom.ch\/en\/wp-json\/wp\/v2\/product_tag?post=661763"}],"curies":[{"name":"wp","href":"https:\/\/api.w.org\/{rel}","templated":true}]}}