{"id":661699,"date":"2025-04-29T05:07:16","date_gmt":"2025-04-29T04:07:16","guid":{"rendered":"https:\/\/shop.kustom.ch\/?post_type=product&#038;p=661699"},"modified":"2026-03-31T08:32:03","modified_gmt":"2026-03-31T07:32:03","slug":"multinorm-handwerker-arbeitshose-2","status":"publish","type":"product","link":"https:\/\/shop.kustom.ch\/en\/product\/multinorm-handwerker-arbeitshose-2\/","title":{"rendered":"Multinorm craftsman work trousers"},"content":{"rendered":"<p>The oil, dirt and water-repellent Multinorm craftsman work trousers offer you the ultimate protection when working in extreme conditions. Extended work trousers made of a robust material with intelligent pocket solutions and reinforced knee pad pockets made of CORDURA\u00ae\/Kevlar\u00ae\/Protal\u2122 with two placement levels. Suitable for industrial washing. Protects against liquid chemicals. Certified according to EN 14404, EN 1149-5, EN ISO 11611, EN 13034, EN ISO 20471, EN ISO 11612, IEC 61482-2. ATPV: 11.0 cal\/cm\u00b2.<\/p>\n<p>FUNCTIONALITY: Oil, dirt and water-repellent surface. DETAILS: Detachable ID card pocket for flame-retardant clothing. External certification labels. Metal zip at the crotch. Loops, one with D-ring. POCKETS: Leg pocket with bellows, mobile phone pocket and pen pocket. Back pocket with bellows and flap with button. External knee pad pockets. Set-in pockets with flaps. Folding rule pocket with knife holder and pen pocket. REINFORCEMENT: CORDURA\u00ae\/Kevlar\u00ae\/Protal\u00ae - reinforced on the knees. REFLEX: Flame-retardant reflective strips with double stitching. WASHING INSTRUCTIONS: 60\u00b0 C. Do not bleach. Do not iron. Do not dry clean. PRO: suitable for tumble drying. Tumble dryer - low. MAIN PROPERTIES: Electrician. Craftsmen. Road and construction workers. EN 1149-5. EN 13034. EN 14004. EN 61482-2. EN ISO 11611. EN ISO 11612. EN ISO 20471. FABRIC: Men. blue. High-vis yellow. Knee pad pockets. Flame protection. WASHING: Industrial wash EN ISO 15797. CERTIFICATION: EN 1149-5. EN 13034 PB (6). Max. 20 washes. EN 14404:2004+A1:2010 together with knee pads 4027 and 4057. EN ISO 11611, class 1 A1+A2. EN ISO 11612 A1, A2, B1, C1, E3, F1. EN ISO 20471, class 2. max. 50 washes. Certification group Y. ATPV - 11 cal\/cm\u00b2. IEC 61482-2, APC 1<\/p>\n<p>75% cotton, 24% polyester, 1% antistatic, twill, flame-retardant, antistatic, 350 g\/m\u00b2<\/p>","protected":false},"excerpt":{"rendered":"<p>Die \u00f6l-, schmutz- und wasserabweisende Multinorm Handwerker Arbeitshose bietet Ihnen den ultimativen Schutz bei Arbeiten in extremen Bedingungen. Eine erweiterte Handwerker Bundhose aus einem robusten Material mit intelligenten Taschenl\u00f6sungen und verst\u00e4rkten Kniepolstertaschen aus CORDURA\u00ae\/Kevlar\u00ae\/Protal\u2122 mit zwei Platzierungsebenen. Industriew\u00e4sche geeignet. Sch\u00fctzt vor fl\u00fcssigen Chemikalien. Zertifiziert nach EN 14404, EN 1149-5, EN ISO 11611, EN 13034, EN [&hellip;]<\/p>\n","protected":false},"featured_media":661741,"template":"","meta":[],"product_brand":[],"product_cat":[4185],"product_tag":[],"class_list":{"0":"post-661699","1":"product","2":"type-product","3":"status-publish","4":"has-post-thumbnail","6":"product_cat-hosen","7":"pa_brand-blaklaeder","8":"pa_brand-type-workwear","9":"pa_filter-color-blau","10":"pa_filter-color-gelb","12":"first","13":"instock","14":"sale","15":"taxable","16":"shipping-taxable","17":"purchasable","18":"product-type-variable","19":"add-to-wishlist-before_image"},"exclude_global_add_ons":[],"addons":[],"acf":[],"_links":{"self":[{"href":"https:\/\/shop.kustom.ch\/en\/wp-json\/wp\/v2\/product\/661699"}],"collection":[{"href":"https:\/\/shop.kustom.ch\/en\/wp-json\/wp\/v2\/product"}],"about":[{"href":"https:\/\/shop.kustom.ch\/en\/wp-json\/wp\/v2\/types\/product"}],"wp:featuredmedia":[{"embeddable":true,"href":"https:\/\/shop.kustom.ch\/en\/wp-json\/wp\/v2\/media\/661741"}],"wp:attachment":[{"href":"https:\/\/shop.kustom.ch\/en\/wp-json\/wp\/v2\/media?parent=661699"}],"wp:term":[{"taxonomy":"product_brand","embeddable":true,"href":"https:\/\/shop.kustom.ch\/en\/wp-json\/wp\/v2\/product_brand?post=661699"},{"taxonomy":"product_cat","embeddable":true,"href":"https:\/\/shop.kustom.ch\/en\/wp-json\/wp\/v2\/product_cat?post=661699"},{"taxonomy":"product_tag","embeddable":true,"href":"https:\/\/shop.kustom.ch\/en\/wp-json\/wp\/v2\/product_tag?post=661699"}],"curies":[{"name":"wp","href":"https:\/\/api.w.org\/{rel}","templated":true}]}}